{"id":9844,"date":"2024-10-11T17:11:32","date_gmt":"2024-10-11T15:11:32","guid":{"rendered":"https:\/\/trampoolin.com\/?post_type=product&#038;p=9844"},"modified":"2026-01-26T15:45:49","modified_gmt":"2026-01-26T14:45:49","slug":"barnservis","status":"publish","type":"product","link":"https:\/\/trampoolin.com\/en\/product\/barnservis\/","title":{"rendered":"Liewood &#8211; Matset i silikon"},"content":{"rendered":"<p>Fantastiskt matset i 100% silikon fr\u00e5n Liewood!<br \/>\nSetet inneh\u00e5ller pipkopp, sk\u00e5l, tallrik med fack, haklapp, gaffel och sked.<br \/>\nKan diskas i diskmaskin.<\/p>\n<p>En perfekt present till dop eller babyshower!<\/p>\n","protected":false},"excerpt":{"rendered":"<p>Fantastiskt matset i 100% silikon fr\u00e5n Liewood! Setet inneh\u00e5ller pipkopp, sk\u00e5l, tallrik med fack, haklapp, gaffel och sked. Kan diskas i diskmaskin. En perfekt present till dop eller babyshower!<\/p>\n","protected":false},"featured_media":9841,"template":"","meta":[],"product_brand":[],"product_cat":[128],"product_tag":[],"class_list":{"0":"post-9844","1":"product","2":"type-product","3":"status-publish","4":"has-post-thumbnail","6":"product_cat-liewood","8":"first","9":"instock","10":"taxable","11":"shipping-taxable","12":"purchasable","13":"product-type-variable"},"yoast_head":"<!-- This site is optimized with the Yoast SEO plugin v27.2 - https:\/\/yoast.com\/product\/yoast-seo-wordpress\/ -->\n<title>Liewood - Matset i silikon - Trampoolin Babysim och simskola<\/title>\n<meta name=\"robots\" content=\"index, follow, max-snippet:-1, max-image-preview:large, max-video-preview:-1\" \/>\n<link rel=\"canonical\" href=\"https:\/\/trampoolin.com\/en\/product\/barnservis\/\" \/>\n<meta property=\"og:locale\" content=\"en_US\" \/>\n<meta property=\"og:type\" content=\"article\" \/>\n<meta property=\"og:title\" content=\"Liewood - Matset i silikon - Trampoolin Babysim och simskola\" \/>\n<meta property=\"og:description\" content=\"Fantastiskt matset i 100% silikon fr\u00e5n Liewood! Setet inneh\u00e5ller pipkopp, sk\u00e5l, tallrik med fack, haklapp, gaffel och sked. Kan diskas i diskmaskin. En perfekt present till dop eller babyshower!\" \/>\n<meta property=\"og:url\" content=\"https:\/\/trampoolin.com\/en\/product\/barnservis\/\" \/>\n<meta property=\"og:site_name\" content=\"Trampoolin Babysim och simskola\" \/>\n<meta property=\"article:publisher\" content=\"https:\/\/www.facebook.com\/Trampoolin\/\" \/>\n<meta property=\"article:modified_time\" content=\"2026-01-26T14:45:49+00:00\" \/>\n<meta property=\"og:image\" content=\"https:\/\/trampoolin.com\/wp-content\/uploads\/2024\/10\/Stina-gift-set_LW17483_1366_Dusty-mint-mix_1-23_3_2-1-1024x983.png\" \/>\n\t<meta property=\"og:image:width\" content=\"1024\" \/>\n\t<meta property=\"og:image:height\" content=\"983\" \/>\n\t<meta property=\"og:image:type\" content=\"image\/png\" \/>\n<meta name=\"twitter:card\" content=\"summary_large_image\" \/>\n<meta name=\"twitter:label1\" content=\"Est. reading time\" \/>\n\t<meta name=\"twitter:data1\" content=\"1 minute\" \/>\n<script type=\"application\/ld+json\" class=\"yoast-schema-graph\">{\"@context\":\"https:\/\/schema.org\",\"@graph\":[{\"@type\":\"WebPage\",\"@id\":\"https:\/\/trampoolin.com\/en\/product\/barnservis\/\",\"url\":\"https:\/\/trampoolin.com\/en\/product\/barnservis\/\",\"name\":\"Liewood - Matset i silikon - Trampoolin Babysim och simskola\",\"isPartOf\":{\"@id\":\"https:\/\/trampoolin.com\/en\/#website\"},\"primaryImageOfPage\":{\"@id\":\"https:\/\/trampoolin.com\/en\/product\/barnservis\/#primaryimage\"},\"image\":{\"@id\":\"https:\/\/trampoolin.com\/en\/product\/barnservis\/#primaryimage\"},\"thumbnailUrl\":\"https:\/\/trampoolin.com\/wp-content\/uploads\/2024\/10\/Stina-gift-set_LW17483_1366_Dusty-mint-mix_1-23_3_2-1.png\",\"datePublished\":\"2024-10-11T15:11:32+00:00\",\"dateModified\":\"2026-01-26T14:45:49+00:00\",\"breadcrumb\":{\"@id\":\"https:\/\/trampoolin.com\/en\/product\/barnservis\/#breadcrumb\"},\"inLanguage\":\"en-US\",\"potentialAction\":[{\"@type\":\"ReadAction\",\"target\":[\"https:\/\/trampoolin.com\/en\/product\/barnservis\/\"]}]},{\"@type\":\"ImageObject\",\"inLanguage\":\"en-US\",\"@id\":\"https:\/\/trampoolin.com\/en\/product\/barnservis\/#primaryimage\",\"url\":\"https:\/\/trampoolin.com\/wp-content\/uploads\/2024\/10\/Stina-gift-set_LW17483_1366_Dusty-mint-mix_1-23_3_2-1.png\",\"contentUrl\":\"https:\/\/trampoolin.com\/wp-content\/uploads\/2024\/10\/Stina-gift-set_LW17483_1366_Dusty-mint-mix_1-23_3_2-1.png\",\"width\":2560,\"height\":2458},{\"@type\":\"BreadcrumbList\",\"@id\":\"https:\/\/trampoolin.com\/en\/product\/barnservis\/#breadcrumb\",\"itemListElement\":[{\"@type\":\"ListItem\",\"position\":1,\"name\":\"Home\",\"item\":\"https:\/\/trampoolin.com\/en\/trampoolin\/\"},{\"@type\":\"ListItem\",\"position\":2,\"name\":\"Shop\",\"item\":\"https:\/\/trampoolin.com\/shop\/\"},{\"@type\":\"ListItem\",\"position\":3,\"name\":\"Liewood &#8211; Matset i silikon\"}]},{\"@type\":\"WebSite\",\"@id\":\"https:\/\/trampoolin.com\/en\/#website\",\"url\":\"https:\/\/trampoolin.com\/en\/\",\"name\":\"Trampoolin Babysim och simskola\",\"description\":\"Trampoolin Babysim och simskola\",\"publisher\":{\"@id\":\"https:\/\/trampoolin.com\/en\/#organization\"},\"potentialAction\":[{\"@type\":\"SearchAction\",\"target\":{\"@type\":\"EntryPoint\",\"urlTemplate\":\"https:\/\/trampoolin.com\/en\/?s={search_term_string}\"},\"query-input\":{\"@type\":\"PropertyValueSpecification\",\"valueRequired\":true,\"valueName\":\"search_term_string\"}}],\"inLanguage\":\"en-US\"},{\"@type\":\"Organization\",\"@id\":\"https:\/\/trampoolin.com\/en\/#organization\",\"name\":\"Trampoolin Babysim och simskola\",\"url\":\"https:\/\/trampoolin.com\/en\/\",\"logo\":{\"@type\":\"ImageObject\",\"inLanguage\":\"en-US\",\"@id\":\"https:\/\/trampoolin.com\/en\/#\/schema\/logo\/image\/\",\"url\":\"https:\/\/trampoolin.com\/wp-content\/uploads\/2022\/09\/logo-trampoolin-350x210-1.png\",\"contentUrl\":\"https:\/\/trampoolin.com\/wp-content\/uploads\/2022\/09\/logo-trampoolin-350x210-1.png\",\"width\":350,\"height\":210,\"caption\":\"Trampoolin Babysim och simskola\"},\"image\":{\"@id\":\"https:\/\/trampoolin.com\/en\/#\/schema\/logo\/image\/\"},\"sameAs\":[\"https:\/\/www.facebook.com\/Trampoolin\/\",\"https:\/\/www.youtube.com\/channel\/UCPVIDpA5f3iCryZodRueZZA\/\",\"https:\/\/www.instagram.com\/trampoolin\"]}]}<\/script>\n<!-- \/ Yoast SEO plugin. -->","yoast_head_json":{"title":"Liewood - Matset i silikon - Trampoolin Babysim och simskola","robots":{"index":"index","follow":"follow","max-snippet":"max-snippet:-1","max-image-preview":"max-image-preview:large","max-video-preview":"max-video-preview:-1"},"canonical":"https:\/\/trampoolin.com\/en\/product\/barnservis\/","og_locale":"en_US","og_type":"article","og_title":"Liewood - Matset i silikon - Trampoolin Babysim och simskola","og_description":"Fantastiskt matset i 100% silikon fr\u00e5n Liewood! Setet inneh\u00e5ller pipkopp, sk\u00e5l, tallrik med fack, haklapp, gaffel och sked. Kan diskas i diskmaskin. En perfekt present till dop eller babyshower!","og_url":"https:\/\/trampoolin.com\/en\/product\/barnservis\/","og_site_name":"Trampoolin Babysim och simskola","article_publisher":"https:\/\/www.facebook.com\/Trampoolin\/","article_modified_time":"2026-01-26T14:45:49+00:00","og_image":[{"width":1024,"height":983,"url":"https:\/\/trampoolin.com\/wp-content\/uploads\/2024\/10\/Stina-gift-set_LW17483_1366_Dusty-mint-mix_1-23_3_2-1-1024x983.png","type":"image\/png"}],"twitter_card":"summary_large_image","twitter_misc":{"Est. reading time":"1 minute"},"schema":{"@context":"https:\/\/schema.org","@graph":[{"@type":"WebPage","@id":"https:\/\/trampoolin.com\/en\/product\/barnservis\/","url":"https:\/\/trampoolin.com\/en\/product\/barnservis\/","name":"Liewood - Matset i silikon - Trampoolin Babysim och simskola","isPartOf":{"@id":"https:\/\/trampoolin.com\/en\/#website"},"primaryImageOfPage":{"@id":"https:\/\/trampoolin.com\/en\/product\/barnservis\/#primaryimage"},"image":{"@id":"https:\/\/trampoolin.com\/en\/product\/barnservis\/#primaryimage"},"thumbnailUrl":"https:\/\/trampoolin.com\/wp-content\/uploads\/2024\/10\/Stina-gift-set_LW17483_1366_Dusty-mint-mix_1-23_3_2-1.png","datePublished":"2024-10-11T15:11:32+00:00","dateModified":"2026-01-26T14:45:49+00:00","breadcrumb":{"@id":"https:\/\/trampoolin.com\/en\/product\/barnservis\/#breadcrumb"},"inLanguage":"en-US","potentialAction":[{"@type":"ReadAction","target":["https:\/\/trampoolin.com\/en\/product\/barnservis\/"]}]},{"@type":"ImageObject","inLanguage":"en-US","@id":"https:\/\/trampoolin.com\/en\/product\/barnservis\/#primaryimage","url":"https:\/\/trampoolin.com\/wp-content\/uploads\/2024\/10\/Stina-gift-set_LW17483_1366_Dusty-mint-mix_1-23_3_2-1.png","contentUrl":"https:\/\/trampoolin.com\/wp-content\/uploads\/2024\/10\/Stina-gift-set_LW17483_1366_Dusty-mint-mix_1-23_3_2-1.png","width":2560,"height":2458},{"@type":"BreadcrumbList","@id":"https:\/\/trampoolin.com\/en\/product\/barnservis\/#breadcrumb","itemListElement":[{"@type":"ListItem","position":1,"name":"Home","item":"https:\/\/trampoolin.com\/en\/trampoolin\/"},{"@type":"ListItem","position":2,"name":"Shop","item":"https:\/\/trampoolin.com\/shop\/"},{"@type":"ListItem","position":3,"name":"Liewood &#8211; Matset i silikon"}]},{"@type":"WebSite","@id":"https:\/\/trampoolin.com\/en\/#website","url":"https:\/\/trampoolin.com\/en\/","name":"Trampoolin Babysim och simskola","description":"Trampoolin Babysim och simskola","publisher":{"@id":"https:\/\/trampoolin.com\/en\/#organization"},"potentialAction":[{"@type":"SearchAction","target":{"@type":"EntryPoint","urlTemplate":"https:\/\/trampoolin.com\/en\/?s={search_term_string}"},"query-input":{"@type":"PropertyValueSpecification","valueRequired":true,"valueName":"search_term_string"}}],"inLanguage":"en-US"},{"@type":"Organization","@id":"https:\/\/trampoolin.com\/en\/#organization","name":"Trampoolin Babysim och simskola","url":"https:\/\/trampoolin.com\/en\/","logo":{"@type":"ImageObject","inLanguage":"en-US","@id":"https:\/\/trampoolin.com\/en\/#\/schema\/logo\/image\/","url":"https:\/\/trampoolin.com\/wp-content\/uploads\/2022\/09\/logo-trampoolin-350x210-1.png","contentUrl":"https:\/\/trampoolin.com\/wp-content\/uploads\/2022\/09\/logo-trampoolin-350x210-1.png","width":350,"height":210,"caption":"Trampoolin Babysim och simskola"},"image":{"@id":"https:\/\/trampoolin.com\/en\/#\/schema\/logo\/image\/"},"sameAs":["https:\/\/www.facebook.com\/Trampoolin\/","https:\/\/www.youtube.com\/channel\/UCPVIDpA5f3iCryZodRueZZA\/","https:\/\/www.instagram.com\/trampoolin"]}]}},"_links":{"self":[{"href":"https:\/\/trampoolin.com\/en\/wp-json\/wp\/v2\/product\/9844","targetHints":{"allow":["GET"]}}],"collection":[{"href":"https:\/\/trampoolin.com\/en\/wp-json\/wp\/v2\/product"}],"about":[{"href":"https:\/\/trampoolin.com\/en\/wp-json\/wp\/v2\/types\/product"}],"wp:featuredmedia":[{"embeddable":true,"href":"https:\/\/trampoolin.com\/en\/wp-json\/wp\/v2\/media\/9841"}],"wp:attachment":[{"href":"https:\/\/trampoolin.com\/en\/wp-json\/wp\/v2\/media?parent=9844"}],"wp:term":[{"taxonomy":"product_brand","embeddable":true,"href":"https:\/\/trampoolin.com\/en\/wp-json\/wp\/v2\/product_brand?post=9844"},{"taxonomy":"product_cat","embeddable":true,"href":"https:\/\/trampoolin.com\/en\/wp-json\/wp\/v2\/product_cat?post=9844"},{"taxonomy":"product_tag","embeddable":true,"href":"https:\/\/trampoolin.com\/en\/wp-json\/wp\/v2\/product_tag?post=9844"}],"curies":[{"name":"wp","href":"https:\/\/api.w.org\/{rel}","templated":true}]}}