{"id":9567,"date":"2024-10-06T15:19:54","date_gmt":"2024-10-06T13:19:54","guid":{"rendered":"https:\/\/trampoolin.com\/?post_type=product&#038;p=9567"},"modified":"2026-04-21T05:28:31","modified_gmt":"2026-04-21T03:28:31","slug":"liewood-handduk-med-huva","status":"publish","type":"product","link":"https:\/\/trampoolin.com\/en\/product\/liewood-handduk-med-huva\/","title":{"rendered":"Liewood badcape"},"content":{"rendered":"<p>Albert handduk fr\u00e5n LIEWOOD i ekologisk bomull med en mysig huva. Perfekt att anv\u00e4nda som ett varmt och mysigt plagg efter badet.<\/p>\n<p>\u2013 Mycket absorberande.<br \/>\n\u2013 Huva med \u00f6ron och broderidetaljer.<br \/>\n\u2013 Hj\u00e4lper till att torka h\u00e5ret och h\u00e5lla barnet varmt n\u00e4r det \u00e4r bl\u00f6tt.<\/p>\n<p>\u2013 100 % ekologisk bomull.<\/p>\n","protected":false},"excerpt":{"rendered":"<p>Albert handduk fr\u00e5n LIEWOOD i ekologisk bomull med en mysig huva. Perfekt att anv\u00e4nda som ett varmt och mysigt plagg efter badet. \u2013 Mycket absorberande. \u2013 Huva med \u00f6ron och broderidetaljer. \u2013 Hj\u00e4lper till att torka h\u00e5ret och h\u00e5lla barnet varmt n\u00e4r det \u00e4r bl\u00f6tt. \u2013 100 % ekologisk bomull.<\/p>\n","protected":false},"featured_media":9568,"template":"","meta":[],"product_brand":[],"product_cat":[128],"product_tag":[129],"class_list":{"0":"post-9567","1":"product","2":"type-product","3":"status-publish","4":"has-post-thumbnail","6":"product_cat-liewood","7":"product_tag-liewood","9":"first","10":"instock","11":"taxable","12":"shipping-taxable","13":"purchasable","14":"product-type-variable"},"yoast_head":"<!-- This site is optimized with the Yoast SEO plugin v27.2 - https:\/\/yoast.com\/product\/yoast-seo-wordpress\/ -->\n<title>Liewood badcape - Trampoolin Babysim och simskola<\/title>\n<meta name=\"robots\" content=\"index, follow, max-snippet:-1, max-image-preview:large, max-video-preview:-1\" \/>\n<link rel=\"canonical\" href=\"https:\/\/trampoolin.com\/en\/product\/liewood-handduk-med-huva\/\" \/>\n<meta property=\"og:locale\" content=\"en_US\" \/>\n<meta property=\"og:type\" content=\"article\" \/>\n<meta property=\"og:title\" content=\"Liewood badcape - Trampoolin Babysim och simskola\" \/>\n<meta property=\"og:description\" content=\"Albert handduk fr\u00e5n LIEWOOD i ekologisk bomull med en mysig huva. Perfekt att anv\u00e4nda som ett varmt och mysigt plagg efter badet. \u2013 Mycket absorberande. \u2013 Huva med \u00f6ron och broderidetaljer. \u2013 Hj\u00e4lper till att torka h\u00e5ret och h\u00e5lla barnet varmt n\u00e4r det \u00e4r bl\u00f6tt. \u2013 100 % ekologisk bomull.\" \/>\n<meta property=\"og:url\" content=\"https:\/\/trampoolin.com\/en\/product\/liewood-handduk-med-huva\/\" \/>\n<meta property=\"og:site_name\" content=\"Trampoolin Babysim och simskola\" \/>\n<meta property=\"article:publisher\" content=\"https:\/\/www.facebook.com\/Trampoolin\/\" \/>\n<meta property=\"article:modified_time\" content=\"2026-04-21T03:28:31+00:00\" \/>\n<meta property=\"og:image\" content=\"https:\/\/trampoolin.com\/wp-content\/uploads\/2024\/10\/Albert-hooded-towel_-LW14757_0037_Rabbit-rose_3-22_1-1024x887.png\" \/>\n\t<meta property=\"og:image:width\" content=\"1024\" \/>\n\t<meta property=\"og:image:height\" content=\"887\" \/>\n\t<meta property=\"og:image:type\" content=\"image\/png\" \/>\n<meta name=\"twitter:card\" content=\"summary_large_image\" \/>\n<meta name=\"twitter:label1\" content=\"Est. reading time\" \/>\n\t<meta name=\"twitter:data1\" content=\"1 minute\" \/>\n<script type=\"application\/ld+json\" class=\"yoast-schema-graph\">{\"@context\":\"https:\/\/schema.org\",\"@graph\":[{\"@type\":\"WebPage\",\"@id\":\"https:\/\/trampoolin.com\/en\/product\/liewood-handduk-med-huva\/\",\"url\":\"https:\/\/trampoolin.com\/en\/product\/liewood-handduk-med-huva\/\",\"name\":\"Liewood badcape - Trampoolin Babysim och simskola\",\"isPartOf\":{\"@id\":\"https:\/\/trampoolin.com\/en\/#website\"},\"primaryImageOfPage\":{\"@id\":\"https:\/\/trampoolin.com\/en\/product\/liewood-handduk-med-huva\/#primaryimage\"},\"image\":{\"@id\":\"https:\/\/trampoolin.com\/en\/product\/liewood-handduk-med-huva\/#primaryimage\"},\"thumbnailUrl\":\"https:\/\/trampoolin.com\/wp-content\/uploads\/2024\/10\/Albert-hooded-towel_-LW14757_0037_Rabbit-rose_3-22_1.png\",\"datePublished\":\"2024-10-06T13:19:54+00:00\",\"dateModified\":\"2026-04-21T03:28:31+00:00\",\"breadcrumb\":{\"@id\":\"https:\/\/trampoolin.com\/en\/product\/liewood-handduk-med-huva\/#breadcrumb\"},\"inLanguage\":\"en-US\",\"potentialAction\":[{\"@type\":\"ReadAction\",\"target\":[\"https:\/\/trampoolin.com\/en\/product\/liewood-handduk-med-huva\/\"]}]},{\"@type\":\"ImageObject\",\"inLanguage\":\"en-US\",\"@id\":\"https:\/\/trampoolin.com\/en\/product\/liewood-handduk-med-huva\/#primaryimage\",\"url\":\"https:\/\/trampoolin.com\/wp-content\/uploads\/2024\/10\/Albert-hooded-towel_-LW14757_0037_Rabbit-rose_3-22_1.png\",\"contentUrl\":\"https:\/\/trampoolin.com\/wp-content\/uploads\/2024\/10\/Albert-hooded-towel_-LW14757_0037_Rabbit-rose_3-22_1.png\",\"width\":2560,\"height\":2218},{\"@type\":\"BreadcrumbList\",\"@id\":\"https:\/\/trampoolin.com\/en\/product\/liewood-handduk-med-huva\/#breadcrumb\",\"itemListElement\":[{\"@type\":\"ListItem\",\"position\":1,\"name\":\"Home\",\"item\":\"https:\/\/trampoolin.com\/en\/trampoolin\/\"},{\"@type\":\"ListItem\",\"position\":2,\"name\":\"Shop\",\"item\":\"https:\/\/trampoolin.com\/shop\/\"},{\"@type\":\"ListItem\",\"position\":3,\"name\":\"Liewood badcape\"}]},{\"@type\":\"WebSite\",\"@id\":\"https:\/\/trampoolin.com\/en\/#website\",\"url\":\"https:\/\/trampoolin.com\/en\/\",\"name\":\"Trampoolin Babysim och simskola\",\"description\":\"Trampoolin Babysim och simskola\",\"publisher\":{\"@id\":\"https:\/\/trampoolin.com\/en\/#organization\"},\"potentialAction\":[{\"@type\":\"SearchAction\",\"target\":{\"@type\":\"EntryPoint\",\"urlTemplate\":\"https:\/\/trampoolin.com\/en\/?s={search_term_string}\"},\"query-input\":{\"@type\":\"PropertyValueSpecification\",\"valueRequired\":true,\"valueName\":\"search_term_string\"}}],\"inLanguage\":\"en-US\"},{\"@type\":\"Organization\",\"@id\":\"https:\/\/trampoolin.com\/en\/#organization\",\"name\":\"Trampoolin Babysim och simskola\",\"url\":\"https:\/\/trampoolin.com\/en\/\",\"logo\":{\"@type\":\"ImageObject\",\"inLanguage\":\"en-US\",\"@id\":\"https:\/\/trampoolin.com\/en\/#\/schema\/logo\/image\/\",\"url\":\"https:\/\/trampoolin.com\/wp-content\/uploads\/2022\/09\/logo-trampoolin-350x210-1.png\",\"contentUrl\":\"https:\/\/trampoolin.com\/wp-content\/uploads\/2022\/09\/logo-trampoolin-350x210-1.png\",\"width\":350,\"height\":210,\"caption\":\"Trampoolin Babysim och simskola\"},\"image\":{\"@id\":\"https:\/\/trampoolin.com\/en\/#\/schema\/logo\/image\/\"},\"sameAs\":[\"https:\/\/www.facebook.com\/Trampoolin\/\",\"https:\/\/www.youtube.com\/channel\/UCPVIDpA5f3iCryZodRueZZA\/\",\"https:\/\/www.instagram.com\/trampoolin\"]}]}<\/script>\n<!-- \/ Yoast SEO plugin. -->","yoast_head_json":{"title":"Liewood badcape - Trampoolin Babysim och simskola","robots":{"index":"index","follow":"follow","max-snippet":"max-snippet:-1","max-image-preview":"max-image-preview:large","max-video-preview":"max-video-preview:-1"},"canonical":"https:\/\/trampoolin.com\/en\/product\/liewood-handduk-med-huva\/","og_locale":"en_US","og_type":"article","og_title":"Liewood badcape - Trampoolin Babysim och simskola","og_description":"Albert handduk fr\u00e5n LIEWOOD i ekologisk bomull med en mysig huva. Perfekt att anv\u00e4nda som ett varmt och mysigt plagg efter badet. \u2013 Mycket absorberande. \u2013 Huva med \u00f6ron och broderidetaljer. \u2013 Hj\u00e4lper till att torka h\u00e5ret och h\u00e5lla barnet varmt n\u00e4r det \u00e4r bl\u00f6tt. \u2013 100 % ekologisk bomull.","og_url":"https:\/\/trampoolin.com\/en\/product\/liewood-handduk-med-huva\/","og_site_name":"Trampoolin Babysim och simskola","article_publisher":"https:\/\/www.facebook.com\/Trampoolin\/","article_modified_time":"2026-04-21T03:28:31+00:00","og_image":[{"width":1024,"height":887,"url":"https:\/\/trampoolin.com\/wp-content\/uploads\/2024\/10\/Albert-hooded-towel_-LW14757_0037_Rabbit-rose_3-22_1-1024x887.png","type":"image\/png"}],"twitter_card":"summary_large_image","twitter_misc":{"Est. reading time":"1 minute"},"schema":{"@context":"https:\/\/schema.org","@graph":[{"@type":"WebPage","@id":"https:\/\/trampoolin.com\/en\/product\/liewood-handduk-med-huva\/","url":"https:\/\/trampoolin.com\/en\/product\/liewood-handduk-med-huva\/","name":"Liewood badcape - Trampoolin Babysim och simskola","isPartOf":{"@id":"https:\/\/trampoolin.com\/en\/#website"},"primaryImageOfPage":{"@id":"https:\/\/trampoolin.com\/en\/product\/liewood-handduk-med-huva\/#primaryimage"},"image":{"@id":"https:\/\/trampoolin.com\/en\/product\/liewood-handduk-med-huva\/#primaryimage"},"thumbnailUrl":"https:\/\/trampoolin.com\/wp-content\/uploads\/2024\/10\/Albert-hooded-towel_-LW14757_0037_Rabbit-rose_3-22_1.png","datePublished":"2024-10-06T13:19:54+00:00","dateModified":"2026-04-21T03:28:31+00:00","breadcrumb":{"@id":"https:\/\/trampoolin.com\/en\/product\/liewood-handduk-med-huva\/#breadcrumb"},"inLanguage":"en-US","potentialAction":[{"@type":"ReadAction","target":["https:\/\/trampoolin.com\/en\/product\/liewood-handduk-med-huva\/"]}]},{"@type":"ImageObject","inLanguage":"en-US","@id":"https:\/\/trampoolin.com\/en\/product\/liewood-handduk-med-huva\/#primaryimage","url":"https:\/\/trampoolin.com\/wp-content\/uploads\/2024\/10\/Albert-hooded-towel_-LW14757_0037_Rabbit-rose_3-22_1.png","contentUrl":"https:\/\/trampoolin.com\/wp-content\/uploads\/2024\/10\/Albert-hooded-towel_-LW14757_0037_Rabbit-rose_3-22_1.png","width":2560,"height":2218},{"@type":"BreadcrumbList","@id":"https:\/\/trampoolin.com\/en\/product\/liewood-handduk-med-huva\/#breadcrumb","itemListElement":[{"@type":"ListItem","position":1,"name":"Home","item":"https:\/\/trampoolin.com\/en\/trampoolin\/"},{"@type":"ListItem","position":2,"name":"Shop","item":"https:\/\/trampoolin.com\/shop\/"},{"@type":"ListItem","position":3,"name":"Liewood badcape"}]},{"@type":"WebSite","@id":"https:\/\/trampoolin.com\/en\/#website","url":"https:\/\/trampoolin.com\/en\/","name":"Trampoolin Babysim och simskola","description":"Trampoolin Babysim och simskola","publisher":{"@id":"https:\/\/trampoolin.com\/en\/#organization"},"potentialAction":[{"@type":"SearchAction","target":{"@type":"EntryPoint","urlTemplate":"https:\/\/trampoolin.com\/en\/?s={search_term_string}"},"query-input":{"@type":"PropertyValueSpecification","valueRequired":true,"valueName":"search_term_string"}}],"inLanguage":"en-US"},{"@type":"Organization","@id":"https:\/\/trampoolin.com\/en\/#organization","name":"Trampoolin Babysim och simskola","url":"https:\/\/trampoolin.com\/en\/","logo":{"@type":"ImageObject","inLanguage":"en-US","@id":"https:\/\/trampoolin.com\/en\/#\/schema\/logo\/image\/","url":"https:\/\/trampoolin.com\/wp-content\/uploads\/2022\/09\/logo-trampoolin-350x210-1.png","contentUrl":"https:\/\/trampoolin.com\/wp-content\/uploads\/2022\/09\/logo-trampoolin-350x210-1.png","width":350,"height":210,"caption":"Trampoolin Babysim och simskola"},"image":{"@id":"https:\/\/trampoolin.com\/en\/#\/schema\/logo\/image\/"},"sameAs":["https:\/\/www.facebook.com\/Trampoolin\/","https:\/\/www.youtube.com\/channel\/UCPVIDpA5f3iCryZodRueZZA\/","https:\/\/www.instagram.com\/trampoolin"]}]}},"_links":{"self":[{"href":"https:\/\/trampoolin.com\/en\/wp-json\/wp\/v2\/product\/9567","targetHints":{"allow":["GET"]}}],"collection":[{"href":"https:\/\/trampoolin.com\/en\/wp-json\/wp\/v2\/product"}],"about":[{"href":"https:\/\/trampoolin.com\/en\/wp-json\/wp\/v2\/types\/product"}],"wp:featuredmedia":[{"embeddable":true,"href":"https:\/\/trampoolin.com\/en\/wp-json\/wp\/v2\/media\/9568"}],"wp:attachment":[{"href":"https:\/\/trampoolin.com\/en\/wp-json\/wp\/v2\/media?parent=9567"}],"wp:term":[{"taxonomy":"product_brand","embeddable":true,"href":"https:\/\/trampoolin.com\/en\/wp-json\/wp\/v2\/product_brand?post=9567"},{"taxonomy":"product_cat","embeddable":true,"href":"https:\/\/trampoolin.com\/en\/wp-json\/wp\/v2\/product_cat?post=9567"},{"taxonomy":"product_tag","embeddable":true,"href":"https:\/\/trampoolin.com\/en\/wp-json\/wp\/v2\/product_tag?post=9567"}],"curies":[{"name":"wp","href":"https:\/\/api.w.org\/{rel}","templated":true}]}}