{"id":9348,"date":"2024-07-10T18:09:21","date_gmt":"2024-07-10T16:09:21","guid":{"rendered":"https:\/\/trampoolin.com\/?post_type=product&#038;p=9348"},"modified":"2025-10-01T00:38:14","modified_gmt":"2025-09-30T22:38:14","slug":"slipstop","status":"publish","type":"product","link":"https:\/\/trampoolin.com\/en\/product\/slipstop\/","title":{"rendered":"Slipstop"},"content":{"rendered":"<p>Slipstop \u00e4r multifunktionella tossor med bekv\u00e4m, innovativ och funktionell design som kan anv\u00e4ndas \u00e5ret runt f\u00f6r alla \u00e5ldrar. Tossorna kan anv\u00e4ndas p\u00e5 olika platser och tillf\u00e4llen inomhus och utomhus, s\u00e5som i simbass\u00e4ng, strand, badrum, hemma, f\u00f6rskolan, lekplatser, gym, yoga, m.m. Slipstop v\u00e4rdes\u00e4tter s\u00e4kerhet och hygien d\u00e5 tossornas viktigaste funktion \u00e4r att de \u00e4r halkfria och skyddar f\u00f6tterna fr\u00e5n eventuella infektioner p\u00e5 b\u00e5de v\u00e5ta och torra ytor. Det finns massor med f\u00e4rger och m\u00f6nster, skriv en kommentar om \u00f6nskem\u00e5l vid best\u00e4llningen s\u00e5 v\u00e4ljer vi en passande sort till er.<\/p>\n","protected":false},"excerpt":{"rendered":"<p>Slipstop \u00e4r multifunktionella tossor med bekv\u00e4m, innovativ och funktionell design som kan anv\u00e4ndas \u00e5ret runt f\u00f6r alla \u00e5ldrar. Det finns massor med f\u00e4rger och m\u00f6nster, skriv en kommentar om \u00f6nskem\u00e5l vid best\u00e4llningen s\u00e5 v\u00e4ljer vi en passande sort till er.<\/p>\n","protected":false},"featured_media":9355,"template":"","meta":[],"product_brand":[],"product_cat":[52],"product_tag":[],"class_list":{"0":"post-9348","1":"product","2":"type-product","3":"status-publish","4":"has-post-thumbnail","6":"product_cat-klader","8":"first","9":"instock","10":"taxable","11":"shipping-taxable","12":"purchasable","13":"product-type-variable"},"yoast_head":"<!-- This site is optimized with the Yoast SEO plugin v27.2 - https:\/\/yoast.com\/product\/yoast-seo-wordpress\/ -->\n<title>Slipstop - Trampoolin Babysim och simskola<\/title>\n<meta name=\"robots\" content=\"index, follow, max-snippet:-1, max-image-preview:large, max-video-preview:-1\" \/>\n<link rel=\"canonical\" href=\"https:\/\/trampoolin.com\/en\/product\/slipstop\/\" \/>\n<meta property=\"og:locale\" content=\"en_US\" \/>\n<meta property=\"og:type\" content=\"article\" \/>\n<meta property=\"og:title\" content=\"Slipstop - Trampoolin Babysim och simskola\" \/>\n<meta property=\"og:description\" content=\"Slipstop \u00e4r multifunktionella tossor med bekv\u00e4m, innovativ och funktionell design som kan anv\u00e4ndas \u00e5ret runt f\u00f6r alla \u00e5ldrar. Det finns massor med f\u00e4rger och m\u00f6nster, skriv en kommentar om \u00f6nskem\u00e5l vid best\u00e4llningen s\u00e5 v\u00e4ljer vi en passande sort till er.\" \/>\n<meta property=\"og:url\" content=\"https:\/\/trampoolin.com\/en\/product\/slipstop\/\" \/>\n<meta property=\"og:site_name\" content=\"Trampoolin Babysim och simskola\" \/>\n<meta property=\"article:publisher\" content=\"https:\/\/www.facebook.com\/Trampoolin\/\" \/>\n<meta property=\"article:modified_time\" content=\"2025-09-30T22:38:14+00:00\" \/>\n<meta property=\"og:image\" content=\"https:\/\/trampoolin.com\/wp-content\/uploads\/2024\/07\/1800x1800-webshop-slipstop.jpg\" \/>\n\t<meta property=\"og:image:width\" content=\"1800\" \/>\n\t<meta property=\"og:image:height\" content=\"1800\" \/>\n\t<meta property=\"og:image:type\" content=\"image\/jpeg\" \/>\n<meta name=\"twitter:card\" content=\"summary_large_image\" \/>\n<meta name=\"twitter:label1\" content=\"Est. reading time\" \/>\n\t<meta name=\"twitter:data1\" content=\"1 minute\" \/>\n<script type=\"application\/ld+json\" class=\"yoast-schema-graph\">{\"@context\":\"https:\/\/schema.org\",\"@graph\":[{\"@type\":\"WebPage\",\"@id\":\"https:\/\/trampoolin.com\/en\/product\/slipstop\/\",\"url\":\"https:\/\/trampoolin.com\/en\/product\/slipstop\/\",\"name\":\"Slipstop - Trampoolin Babysim och simskola\",\"isPartOf\":{\"@id\":\"https:\/\/trampoolin.com\/en\/#website\"},\"primaryImageOfPage\":{\"@id\":\"https:\/\/trampoolin.com\/en\/product\/slipstop\/#primaryimage\"},\"image\":{\"@id\":\"https:\/\/trampoolin.com\/en\/product\/slipstop\/#primaryimage\"},\"thumbnailUrl\":\"https:\/\/trampoolin.com\/wp-content\/uploads\/2024\/07\/1800x1800-webshop-slipstop.jpg\",\"datePublished\":\"2024-07-10T16:09:21+00:00\",\"dateModified\":\"2025-09-30T22:38:14+00:00\",\"breadcrumb\":{\"@id\":\"https:\/\/trampoolin.com\/en\/product\/slipstop\/#breadcrumb\"},\"inLanguage\":\"en-US\",\"potentialAction\":[{\"@type\":\"ReadAction\",\"target\":[\"https:\/\/trampoolin.com\/en\/product\/slipstop\/\"]}]},{\"@type\":\"ImageObject\",\"inLanguage\":\"en-US\",\"@id\":\"https:\/\/trampoolin.com\/en\/product\/slipstop\/#primaryimage\",\"url\":\"https:\/\/trampoolin.com\/wp-content\/uploads\/2024\/07\/1800x1800-webshop-slipstop.jpg\",\"contentUrl\":\"https:\/\/trampoolin.com\/wp-content\/uploads\/2024\/07\/1800x1800-webshop-slipstop.jpg\",\"width\":1800,\"height\":1800,\"caption\":\"Slipstop\"},{\"@type\":\"BreadcrumbList\",\"@id\":\"https:\/\/trampoolin.com\/en\/product\/slipstop\/#breadcrumb\",\"itemListElement\":[{\"@type\":\"ListItem\",\"position\":1,\"name\":\"Home\",\"item\":\"https:\/\/trampoolin.com\/en\/trampoolin\/\"},{\"@type\":\"ListItem\",\"position\":2,\"name\":\"Shop\",\"item\":\"https:\/\/trampoolin.com\/shop\/\"},{\"@type\":\"ListItem\",\"position\":3,\"name\":\"Slipstop\"}]},{\"@type\":\"WebSite\",\"@id\":\"https:\/\/trampoolin.com\/en\/#website\",\"url\":\"https:\/\/trampoolin.com\/en\/\",\"name\":\"Trampoolin Babysim och simskola\",\"description\":\"Trampoolin Babysim och simskola\",\"publisher\":{\"@id\":\"https:\/\/trampoolin.com\/en\/#organization\"},\"potentialAction\":[{\"@type\":\"SearchAction\",\"target\":{\"@type\":\"EntryPoint\",\"urlTemplate\":\"https:\/\/trampoolin.com\/en\/?s={search_term_string}\"},\"query-input\":{\"@type\":\"PropertyValueSpecification\",\"valueRequired\":true,\"valueName\":\"search_term_string\"}}],\"inLanguage\":\"en-US\"},{\"@type\":\"Organization\",\"@id\":\"https:\/\/trampoolin.com\/en\/#organization\",\"name\":\"Trampoolin Babysim och simskola\",\"url\":\"https:\/\/trampoolin.com\/en\/\",\"logo\":{\"@type\":\"ImageObject\",\"inLanguage\":\"en-US\",\"@id\":\"https:\/\/trampoolin.com\/en\/#\/schema\/logo\/image\/\",\"url\":\"https:\/\/trampoolin.com\/wp-content\/uploads\/2022\/09\/logo-trampoolin-350x210-1.png\",\"contentUrl\":\"https:\/\/trampoolin.com\/wp-content\/uploads\/2022\/09\/logo-trampoolin-350x210-1.png\",\"width\":350,\"height\":210,\"caption\":\"Trampoolin Babysim och simskola\"},\"image\":{\"@id\":\"https:\/\/trampoolin.com\/en\/#\/schema\/logo\/image\/\"},\"sameAs\":[\"https:\/\/www.facebook.com\/Trampoolin\/\",\"https:\/\/www.youtube.com\/channel\/UCPVIDpA5f3iCryZodRueZZA\/\",\"https:\/\/www.instagram.com\/trampoolin\"]}]}<\/script>\n<!-- \/ Yoast SEO plugin. -->","yoast_head_json":{"title":"Slipstop - Trampoolin Babysim och simskola","robots":{"index":"index","follow":"follow","max-snippet":"max-snippet:-1","max-image-preview":"max-image-preview:large","max-video-preview":"max-video-preview:-1"},"canonical":"https:\/\/trampoolin.com\/en\/product\/slipstop\/","og_locale":"en_US","og_type":"article","og_title":"Slipstop - Trampoolin Babysim och simskola","og_description":"Slipstop \u00e4r multifunktionella tossor med bekv\u00e4m, innovativ och funktionell design som kan anv\u00e4ndas \u00e5ret runt f\u00f6r alla \u00e5ldrar. Det finns massor med f\u00e4rger och m\u00f6nster, skriv en kommentar om \u00f6nskem\u00e5l vid best\u00e4llningen s\u00e5 v\u00e4ljer vi en passande sort till er.","og_url":"https:\/\/trampoolin.com\/en\/product\/slipstop\/","og_site_name":"Trampoolin Babysim och simskola","article_publisher":"https:\/\/www.facebook.com\/Trampoolin\/","article_modified_time":"2025-09-30T22:38:14+00:00","og_image":[{"width":1800,"height":1800,"url":"https:\/\/trampoolin.com\/wp-content\/uploads\/2024\/07\/1800x1800-webshop-slipstop.jpg","type":"image\/jpeg"}],"twitter_card":"summary_large_image","twitter_misc":{"Est. reading time":"1 minute"},"schema":{"@context":"https:\/\/schema.org","@graph":[{"@type":"WebPage","@id":"https:\/\/trampoolin.com\/en\/product\/slipstop\/","url":"https:\/\/trampoolin.com\/en\/product\/slipstop\/","name":"Slipstop - Trampoolin Babysim och simskola","isPartOf":{"@id":"https:\/\/trampoolin.com\/en\/#website"},"primaryImageOfPage":{"@id":"https:\/\/trampoolin.com\/en\/product\/slipstop\/#primaryimage"},"image":{"@id":"https:\/\/trampoolin.com\/en\/product\/slipstop\/#primaryimage"},"thumbnailUrl":"https:\/\/trampoolin.com\/wp-content\/uploads\/2024\/07\/1800x1800-webshop-slipstop.jpg","datePublished":"2024-07-10T16:09:21+00:00","dateModified":"2025-09-30T22:38:14+00:00","breadcrumb":{"@id":"https:\/\/trampoolin.com\/en\/product\/slipstop\/#breadcrumb"},"inLanguage":"en-US","potentialAction":[{"@type":"ReadAction","target":["https:\/\/trampoolin.com\/en\/product\/slipstop\/"]}]},{"@type":"ImageObject","inLanguage":"en-US","@id":"https:\/\/trampoolin.com\/en\/product\/slipstop\/#primaryimage","url":"https:\/\/trampoolin.com\/wp-content\/uploads\/2024\/07\/1800x1800-webshop-slipstop.jpg","contentUrl":"https:\/\/trampoolin.com\/wp-content\/uploads\/2024\/07\/1800x1800-webshop-slipstop.jpg","width":1800,"height":1800,"caption":"Slipstop"},{"@type":"BreadcrumbList","@id":"https:\/\/trampoolin.com\/en\/product\/slipstop\/#breadcrumb","itemListElement":[{"@type":"ListItem","position":1,"name":"Home","item":"https:\/\/trampoolin.com\/en\/trampoolin\/"},{"@type":"ListItem","position":2,"name":"Shop","item":"https:\/\/trampoolin.com\/shop\/"},{"@type":"ListItem","position":3,"name":"Slipstop"}]},{"@type":"WebSite","@id":"https:\/\/trampoolin.com\/en\/#website","url":"https:\/\/trampoolin.com\/en\/","name":"Trampoolin Babysim och simskola","description":"Trampoolin Babysim och simskola","publisher":{"@id":"https:\/\/trampoolin.com\/en\/#organization"},"potentialAction":[{"@type":"SearchAction","target":{"@type":"EntryPoint","urlTemplate":"https:\/\/trampoolin.com\/en\/?s={search_term_string}"},"query-input":{"@type":"PropertyValueSpecification","valueRequired":true,"valueName":"search_term_string"}}],"inLanguage":"en-US"},{"@type":"Organization","@id":"https:\/\/trampoolin.com\/en\/#organization","name":"Trampoolin Babysim och simskola","url":"https:\/\/trampoolin.com\/en\/","logo":{"@type":"ImageObject","inLanguage":"en-US","@id":"https:\/\/trampoolin.com\/en\/#\/schema\/logo\/image\/","url":"https:\/\/trampoolin.com\/wp-content\/uploads\/2022\/09\/logo-trampoolin-350x210-1.png","contentUrl":"https:\/\/trampoolin.com\/wp-content\/uploads\/2022\/09\/logo-trampoolin-350x210-1.png","width":350,"height":210,"caption":"Trampoolin Babysim och simskola"},"image":{"@id":"https:\/\/trampoolin.com\/en\/#\/schema\/logo\/image\/"},"sameAs":["https:\/\/www.facebook.com\/Trampoolin\/","https:\/\/www.youtube.com\/channel\/UCPVIDpA5f3iCryZodRueZZA\/","https:\/\/www.instagram.com\/trampoolin"]}]}},"_links":{"self":[{"href":"https:\/\/trampoolin.com\/en\/wp-json\/wp\/v2\/product\/9348","targetHints":{"allow":["GET"]}}],"collection":[{"href":"https:\/\/trampoolin.com\/en\/wp-json\/wp\/v2\/product"}],"about":[{"href":"https:\/\/trampoolin.com\/en\/wp-json\/wp\/v2\/types\/product"}],"wp:featuredmedia":[{"embeddable":true,"href":"https:\/\/trampoolin.com\/en\/wp-json\/wp\/v2\/media\/9355"}],"wp:attachment":[{"href":"https:\/\/trampoolin.com\/en\/wp-json\/wp\/v2\/media?parent=9348"}],"wp:term":[{"taxonomy":"product_brand","embeddable":true,"href":"https:\/\/trampoolin.com\/en\/wp-json\/wp\/v2\/product_brand?post=9348"},{"taxonomy":"product_cat","embeddable":true,"href":"https:\/\/trampoolin.com\/en\/wp-json\/wp\/v2\/product_cat?post=9348"},{"taxonomy":"product_tag","embeddable":true,"href":"https:\/\/trampoolin.com\/en\/wp-json\/wp\/v2\/product_tag?post=9348"}],"curies":[{"name":"wp","href":"https:\/\/api.w.org\/{rel}","templated":true}]}}