{"id":9135,"date":"2024-06-10T23:28:21","date_gmt":"2024-06-10T21:28:21","guid":{"rendered":"https:\/\/trampoolin.com\/?post_type=product&#038;p=9135"},"modified":"2025-04-22T00:00:34","modified_gmt":"2025-04-21T22:00:34","slug":"presentkort","status":"publish","type":"product","link":"https:\/\/trampoolin.com\/en\/product\/presentkort\/","title":{"rendered":"Presentkort"},"content":{"rendered":"<p>Ge bort ett presentkort till v\u00e5r simskola, d\u00e4r mottagaren kan njuta av b\u00e5de simlektioner och ett brett utbud av simprodukter. Perfekt f\u00f6r att f\u00f6rb\u00e4ttra simkunskaperna och utrusta sig med badbyxor, badleksaker och mycket mer. En g\u00e5va som inspirerar till rolig och s\u00e4ker vattenlek!<\/p>\n","protected":false},"excerpt":{"rendered":"<p>Ge bort ett presentkort till v\u00e5r simskola, d\u00e4r mottagaren kan njuta av b\u00e5de simlektioner och ett brett utbud av simprodukter. Perfekt f\u00f6r att f\u00f6rb\u00e4ttra simkunskaperna och utrusta sig med badbyxor, badleksaker och mycket mer. En g\u00e5va som inspirerar till rolig och s\u00e4ker vattenlek!<\/p>\n","protected":false},"featured_media":5907,"template":"","meta":[],"product_brand":[],"product_cat":[105],"product_tag":[],"class_list":{"0":"post-9135","1":"product","2":"type-product","3":"status-publish","4":"has-post-thumbnail","6":"product_cat-ovrigt","8":"first","9":"instock","10":"taxable","11":"shipping-taxable","12":"purchasable","13":"product-type-variable"},"yoast_head":"<!-- This site is optimized with the Yoast SEO plugin v27.5 - https:\/\/yoast.com\/product\/yoast-seo-wordpress\/ -->\n<title>Presentkort - Trampoolin Babysim och simskola<\/title>\n<meta name=\"robots\" content=\"index, follow, max-snippet:-1, max-image-preview:large, max-video-preview:-1\" \/>\n<link rel=\"canonical\" href=\"https:\/\/trampoolin.com\/en\/product\/presentkort\/\" \/>\n<meta property=\"og:locale\" content=\"en_US\" \/>\n<meta property=\"og:type\" content=\"article\" \/>\n<meta property=\"og:title\" content=\"Presentkort - Trampoolin Babysim och simskola\" \/>\n<meta property=\"og:description\" content=\"Ge bort ett presentkort till v\u00e5r simskola, d\u00e4r mottagaren kan njuta av b\u00e5de simlektioner och ett brett utbud av simprodukter. Perfekt f\u00f6r att f\u00f6rb\u00e4ttra simkunskaperna och utrusta sig med badbyxor, badleksaker och mycket mer. En g\u00e5va som inspirerar till rolig och s\u00e4ker vattenlek!\" \/>\n<meta property=\"og:url\" content=\"https:\/\/trampoolin.com\/en\/product\/presentkort\/\" \/>\n<meta property=\"og:site_name\" content=\"Trampoolin Babysim och simskola\" \/>\n<meta property=\"article:publisher\" content=\"https:\/\/www.facebook.com\/Trampoolin\/\" \/>\n<meta property=\"article:modified_time\" content=\"2025-04-21T22:00:34+00:00\" \/>\n<meta property=\"og:image\" content=\"https:\/\/trampoolin.com\/wp-content\/uploads\/2023\/05\/1800x1800-webshop-presentkort.jpg\" \/>\n\t<meta property=\"og:image:width\" content=\"1800\" \/>\n\t<meta property=\"og:image:height\" content=\"1800\" \/>\n\t<meta property=\"og:image:type\" content=\"image\/jpeg\" \/>\n<meta name=\"twitter:card\" content=\"summary_large_image\" \/>\n<meta name=\"twitter:label1\" content=\"Est. reading time\" \/>\n\t<meta name=\"twitter:data1\" content=\"1 minute\" \/>\n<script type=\"application\/ld+json\" class=\"yoast-schema-graph\">{\"@context\":\"https:\\\/\\\/schema.org\",\"@graph\":[{\"@type\":\"WebPage\",\"@id\":\"https:\\\/\\\/trampoolin.com\\\/en\\\/product\\\/presentkort\\\/\",\"url\":\"https:\\\/\\\/trampoolin.com\\\/en\\\/product\\\/presentkort\\\/\",\"name\":\"Presentkort - Trampoolin Babysim och simskola\",\"isPartOf\":{\"@id\":\"https:\\\/\\\/trampoolin.com\\\/en\\\/#website\"},\"primaryImageOfPage\":{\"@id\":\"https:\\\/\\\/trampoolin.com\\\/en\\\/product\\\/presentkort\\\/#primaryimage\"},\"image\":{\"@id\":\"https:\\\/\\\/trampoolin.com\\\/en\\\/product\\\/presentkort\\\/#primaryimage\"},\"thumbnailUrl\":\"https:\\\/\\\/trampoolin.com\\\/wp-content\\\/uploads\\\/2023\\\/05\\\/1800x1800-webshop-presentkort.jpg\",\"datePublished\":\"2024-06-10T21:28:21+00:00\",\"dateModified\":\"2025-04-21T22:00:34+00:00\",\"breadcrumb\":{\"@id\":\"https:\\\/\\\/trampoolin.com\\\/en\\\/product\\\/presentkort\\\/#breadcrumb\"},\"inLanguage\":\"en-US\",\"potentialAction\":[{\"@type\":\"ReadAction\",\"target\":[\"https:\\\/\\\/trampoolin.com\\\/en\\\/product\\\/presentkort\\\/\"]}]},{\"@type\":\"ImageObject\",\"inLanguage\":\"en-US\",\"@id\":\"https:\\\/\\\/trampoolin.com\\\/en\\\/product\\\/presentkort\\\/#primaryimage\",\"url\":\"https:\\\/\\\/trampoolin.com\\\/wp-content\\\/uploads\\\/2023\\\/05\\\/1800x1800-webshop-presentkort.jpg\",\"contentUrl\":\"https:\\\/\\\/trampoolin.com\\\/wp-content\\\/uploads\\\/2023\\\/05\\\/1800x1800-webshop-presentkort.jpg\",\"width\":1800,\"height\":1800,\"caption\":\"Presentkort\"},{\"@type\":\"BreadcrumbList\",\"@id\":\"https:\\\/\\\/trampoolin.com\\\/en\\\/product\\\/presentkort\\\/#breadcrumb\",\"itemListElement\":[{\"@type\":\"ListItem\",\"position\":1,\"name\":\"Home\",\"item\":\"https:\\\/\\\/trampoolin.com\\\/en\\\/trampoolin\\\/\"},{\"@type\":\"ListItem\",\"position\":2,\"name\":\"Shop\",\"item\":\"https:\\\/\\\/trampoolin.com\\\/shop\\\/\"},{\"@type\":\"ListItem\",\"position\":3,\"name\":\"Presentkort\"}]},{\"@type\":\"WebSite\",\"@id\":\"https:\\\/\\\/trampoolin.com\\\/en\\\/#website\",\"url\":\"https:\\\/\\\/trampoolin.com\\\/en\\\/\",\"name\":\"Trampoolin Babysim och simskola\",\"description\":\"Trampoolin Babysim och simskola\",\"publisher\":{\"@id\":\"https:\\\/\\\/trampoolin.com\\\/en\\\/#organization\"},\"potentialAction\":[{\"@type\":\"SearchAction\",\"target\":{\"@type\":\"EntryPoint\",\"urlTemplate\":\"https:\\\/\\\/trampoolin.com\\\/en\\\/?s={search_term_string}\"},\"query-input\":{\"@type\":\"PropertyValueSpecification\",\"valueRequired\":true,\"valueName\":\"search_term_string\"}}],\"inLanguage\":\"en-US\"},{\"@type\":\"Organization\",\"@id\":\"https:\\\/\\\/trampoolin.com\\\/en\\\/#organization\",\"name\":\"Trampoolin Babysim och simskola\",\"url\":\"https:\\\/\\\/trampoolin.com\\\/en\\\/\",\"logo\":{\"@type\":\"ImageObject\",\"inLanguage\":\"en-US\",\"@id\":\"https:\\\/\\\/trampoolin.com\\\/en\\\/#\\\/schema\\\/logo\\\/image\\\/\",\"url\":\"https:\\\/\\\/trampoolin.com\\\/wp-content\\\/uploads\\\/2022\\\/09\\\/logo-trampoolin-350x210-1.png\",\"contentUrl\":\"https:\\\/\\\/trampoolin.com\\\/wp-content\\\/uploads\\\/2022\\\/09\\\/logo-trampoolin-350x210-1.png\",\"width\":350,\"height\":210,\"caption\":\"Trampoolin Babysim och simskola\"},\"image\":{\"@id\":\"https:\\\/\\\/trampoolin.com\\\/en\\\/#\\\/schema\\\/logo\\\/image\\\/\"},\"sameAs\":[\"https:\\\/\\\/www.facebook.com\\\/Trampoolin\\\/\",\"https:\\\/\\\/www.youtube.com\\\/channel\\\/UCPVIDpA5f3iCryZodRueZZA\\\/\",\"https:\\\/\\\/www.instagram.com\\\/trampoolin\"]}]}<\/script>\n<!-- \/ Yoast SEO plugin. -->","yoast_head_json":{"title":"Presentkort - Trampoolin Babysim och simskola","robots":{"index":"index","follow":"follow","max-snippet":"max-snippet:-1","max-image-preview":"max-image-preview:large","max-video-preview":"max-video-preview:-1"},"canonical":"https:\/\/trampoolin.com\/en\/product\/presentkort\/","og_locale":"en_US","og_type":"article","og_title":"Presentkort - Trampoolin Babysim och simskola","og_description":"Ge bort ett presentkort till v\u00e5r simskola, d\u00e4r mottagaren kan njuta av b\u00e5de simlektioner och ett brett utbud av simprodukter. Perfekt f\u00f6r att f\u00f6rb\u00e4ttra simkunskaperna och utrusta sig med badbyxor, badleksaker och mycket mer. En g\u00e5va som inspirerar till rolig och s\u00e4ker vattenlek!","og_url":"https:\/\/trampoolin.com\/en\/product\/presentkort\/","og_site_name":"Trampoolin Babysim och simskola","article_publisher":"https:\/\/www.facebook.com\/Trampoolin\/","article_modified_time":"2025-04-21T22:00:34+00:00","og_image":[{"width":1800,"height":1800,"url":"https:\/\/trampoolin.com\/wp-content\/uploads\/2023\/05\/1800x1800-webshop-presentkort.jpg","type":"image\/jpeg"}],"twitter_card":"summary_large_image","twitter_misc":{"Est. reading time":"1 minute"},"schema":{"@context":"https:\/\/schema.org","@graph":[{"@type":"WebPage","@id":"https:\/\/trampoolin.com\/en\/product\/presentkort\/","url":"https:\/\/trampoolin.com\/en\/product\/presentkort\/","name":"Presentkort - Trampoolin Babysim och simskola","isPartOf":{"@id":"https:\/\/trampoolin.com\/en\/#website"},"primaryImageOfPage":{"@id":"https:\/\/trampoolin.com\/en\/product\/presentkort\/#primaryimage"},"image":{"@id":"https:\/\/trampoolin.com\/en\/product\/presentkort\/#primaryimage"},"thumbnailUrl":"https:\/\/trampoolin.com\/wp-content\/uploads\/2023\/05\/1800x1800-webshop-presentkort.jpg","datePublished":"2024-06-10T21:28:21+00:00","dateModified":"2025-04-21T22:00:34+00:00","breadcrumb":{"@id":"https:\/\/trampoolin.com\/en\/product\/presentkort\/#breadcrumb"},"inLanguage":"en-US","potentialAction":[{"@type":"ReadAction","target":["https:\/\/trampoolin.com\/en\/product\/presentkort\/"]}]},{"@type":"ImageObject","inLanguage":"en-US","@id":"https:\/\/trampoolin.com\/en\/product\/presentkort\/#primaryimage","url":"https:\/\/trampoolin.com\/wp-content\/uploads\/2023\/05\/1800x1800-webshop-presentkort.jpg","contentUrl":"https:\/\/trampoolin.com\/wp-content\/uploads\/2023\/05\/1800x1800-webshop-presentkort.jpg","width":1800,"height":1800,"caption":"Presentkort"},{"@type":"BreadcrumbList","@id":"https:\/\/trampoolin.com\/en\/product\/presentkort\/#breadcrumb","itemListElement":[{"@type":"ListItem","position":1,"name":"Home","item":"https:\/\/trampoolin.com\/en\/trampoolin\/"},{"@type":"ListItem","position":2,"name":"Shop","item":"https:\/\/trampoolin.com\/shop\/"},{"@type":"ListItem","position":3,"name":"Presentkort"}]},{"@type":"WebSite","@id":"https:\/\/trampoolin.com\/en\/#website","url":"https:\/\/trampoolin.com\/en\/","name":"Trampoolin Babysim och simskola","description":"Trampoolin Babysim och simskola","publisher":{"@id":"https:\/\/trampoolin.com\/en\/#organization"},"potentialAction":[{"@type":"SearchAction","target":{"@type":"EntryPoint","urlTemplate":"https:\/\/trampoolin.com\/en\/?s={search_term_string}"},"query-input":{"@type":"PropertyValueSpecification","valueRequired":true,"valueName":"search_term_string"}}],"inLanguage":"en-US"},{"@type":"Organization","@id":"https:\/\/trampoolin.com\/en\/#organization","name":"Trampoolin Babysim och simskola","url":"https:\/\/trampoolin.com\/en\/","logo":{"@type":"ImageObject","inLanguage":"en-US","@id":"https:\/\/trampoolin.com\/en\/#\/schema\/logo\/image\/","url":"https:\/\/trampoolin.com\/wp-content\/uploads\/2022\/09\/logo-trampoolin-350x210-1.png","contentUrl":"https:\/\/trampoolin.com\/wp-content\/uploads\/2022\/09\/logo-trampoolin-350x210-1.png","width":350,"height":210,"caption":"Trampoolin Babysim och simskola"},"image":{"@id":"https:\/\/trampoolin.com\/en\/#\/schema\/logo\/image\/"},"sameAs":["https:\/\/www.facebook.com\/Trampoolin\/","https:\/\/www.youtube.com\/channel\/UCPVIDpA5f3iCryZodRueZZA\/","https:\/\/www.instagram.com\/trampoolin"]}]}},"_links":{"self":[{"href":"https:\/\/trampoolin.com\/en\/wp-json\/wp\/v2\/product\/9135","targetHints":{"allow":["GET"]}}],"collection":[{"href":"https:\/\/trampoolin.com\/en\/wp-json\/wp\/v2\/product"}],"about":[{"href":"https:\/\/trampoolin.com\/en\/wp-json\/wp\/v2\/types\/product"}],"wp:featuredmedia":[{"embeddable":true,"href":"https:\/\/trampoolin.com\/en\/wp-json\/wp\/v2\/media\/5907"}],"wp:attachment":[{"href":"https:\/\/trampoolin.com\/en\/wp-json\/wp\/v2\/media?parent=9135"}],"wp:term":[{"taxonomy":"product_brand","embeddable":true,"href":"https:\/\/trampoolin.com\/en\/wp-json\/wp\/v2\/product_brand?post=9135"},{"taxonomy":"product_cat","embeddable":true,"href":"https:\/\/trampoolin.com\/en\/wp-json\/wp\/v2\/product_cat?post=9135"},{"taxonomy":"product_tag","embeddable":true,"href":"https:\/\/trampoolin.com\/en\/wp-json\/wp\/v2\/product_tag?post=9135"}],"curies":[{"name":"wp","href":"https:\/\/api.w.org\/{rel}","templated":true}]}}