{"id":11441,"date":"2025-06-03T17:24:59","date_gmt":"2025-06-03T15:24:59","guid":{"rendered":"https:\/\/trampoolin.com\/?post_type=product&#038;p=11441"},"modified":"2026-05-05T05:55:09","modified_gmt":"2026-05-05T03:55:09","slug":"evy-technology-solskydd-mousse-kids-spf-30","status":"publish","type":"product","link":"https:\/\/trampoolin.com\/en\/product\/evy-technology-solskydd-mousse-kids-spf-30\/","title":{"rendered":"EVY Technology Solskydd Mousse Kids SPF 30"},"content":{"rendered":"<p style=\"font-weight: 400;\">Svensktillverkat solskydd som passar alla hudtyper, \u00e4ven de allra k\u00e4nsligaste. Skyddar mot skadliga UVA och UVB-str\u00e5lar samt v\u00e4rme, vind &amp; vatten.<\/p>\n<p style=\"font-weight: 400;\"><strong>F\u00f6r vem?<\/strong> SPF 30 Kids \u00e4r s\u00e4rskilt utvecklad f\u00f6r barn (fr\u00e5n 6 m\u00e5nader och upp\u00e5t) och personer med extra solk\u00e4nslig hud, men passar utm\u00e4rkt f\u00f6r hela familjen. L\u00e4mplig f\u00f6r nordisk ljus hud och f\u00f6r de som lider av solallergi och eksem. Passar b\u00e5de ansikte och kropp.<\/p>\n<p><strong>Egenskaper:<\/strong>\u00a0<span data-markjs=\"true\">Evy<\/span> Technology Solskydd skyddar mot skadliga UVA\/UVB-str\u00e5lar, v\u00e4rme, vind och vattenp\u00e5frestningar och \u00e4r extra l\u00e4mplig f\u00f6r dig som vill vara aktiv i solen. Formulan\u00a0\u00e4r fuktgivande, vattenfast,\u00a0ger mjuk k\u00e4nsla och\u00a0\u00e4r glans- och kladdfri. Moussen absorberas av huden p\u00e5 bara n\u00e5gra sekunder och du anv\u00e4nder d\u00e4rf\u00f6r l\u00e4ttare r\u00e4tt m\u00e4ngd av solskydd i j\u00e4mf\u00f6relse med en creme. Moussen\u00a0\u00e4r parfymfri,\u00a0dubbelt s\u00e5 drygt i j\u00e4mf\u00f6relse med ordinarie cremer och g\u00f6r att du inte beh\u00f6ver\u00a0sm\u00f6rja in dig lika ofta.<\/p>\n<p style=\"font-weight: 400;\">Den \u00e4r utvecklad f\u00f6r k\u00e4nslig, nordisk hy, men \u00e4r l\u00e4mplig f\u00f6r alla hudtyper, s\u00e5v\u00e4l barn som vuxna.<br \/>\nDet som g\u00f6r <span data-markjs=\"true\">Evy<\/span>-teknologin unik\u00a0\u00e4r att formulan g\u00e5r ner djupare i huden och\u00a0f\u00f6rdelas i hela \u00f6versta hudlagret, ist\u00e4llet f\u00f6r att l\u00e4gga sig p\u00e5 ytan som ordinarie cremer. Den bildar en unik skyddsbarri\u00e4r som efterliknar hudens eget f\u00f6rsvar. D\u00e4rf\u00f6r gnids inte produkten av vid bad och handdukstorkning och ger ett mycket l\u00e5ngvarigt skydd mot UVA och UVB str\u00e5lar. Solskyddet kan \u00e4ven anv\u00e4ndas i h\u00e5rbotten f\u00f6r tunnh\u00e5riga och f\u00f6r att skydda h\u00e5rtopparna. Den \u00e4r dessutom idealisk att ha i ansiktet eftersom den inte\u00a0t\u00e4pper till porerna,\u00a0inte l\u00e4mnar n\u00e5gon\u00a0vit hinna och \u00e4r l\u00e4mplig under smink. Skyddar huden mot solens uttorkning och f\u00f6rtids\u00e5ldrande.<\/p>\n<p><span data-markjs=\"true\">Evy<\/span> Technology Solskydd \u00e4r tillverkad i Sverige och rekommenderas av hudl\u00e4kare till personer med soleksem och allergi samt hudsjukdomen Vitiligo. Produkterna \u00e4r prisv\u00e4rda eftersom de \u00e4r b\u00e5de dryga och har l\u00e5ng h\u00e5llbarhet tack vare den bakteries\u00e4kra f\u00f6rpackningen. <span data-markjs=\"true\">Evy<\/span> inneh\u00e5ller organkemisk solskyddsfilter varav den viktigaste \u00e4r Benzophenone-3.\u00a0 Denna solfiltervariant som \u00e4r mycket v\u00e4lbepr\u00f6vad och godk\u00e4nd av myndigheter i s\u00e5v\u00e4l Sverige och runt om i v\u00e4rlden.\u00a0 F\u00f6rdelen \u00e4r att solskyddsfiltret \u00e4r extra stabilt skydd mot UVA str\u00e5lar, vilket g\u00f6r\u00a0att solskyddet inte bryts ner lika l\u00e4tt i solen som m\u00e5nga fysikaliska skydd. <span data-markjs=\"true\">Evy<\/span>s produkter \u00e4r parabenfria.<\/p>\n<p>F\u00f6r alla som vill\u00a0 f\u00e5\u00a0 vacker l\u00e5ngvarig solbrun f\u00e4rg \u00e4r viktigt att veta att det b\u00e4sta \u00e4r att skydda huden fr\u00e5n att br\u00e4nna sig. Det \u00e4r l\u00e4tt att tro det att en liten solbr\u00e4nna hj\u00e4lper p\u00e5 traven, men det \u00e4r snarare tv\u00e4rtom. Faktum \u00e4r att s\u00e5 fort en hudskada har uppst\u00e5tt, skyndar huden sig att \u00e5terbilda en ny hud f\u00f6r att bli av med den skadad huden. Redan om n\u00e5gra dagar kan en flagnad hud vara verklighet och man kan se ny rosa hud. <span data-markjs=\"true\">Evy<\/span> skyddar huden effektivt mot hudskador och melaninet i huden utvecklar en vacker brun f\u00e4rg som h\u00e5ller l\u00e4nge.<\/p>\n<p><strong>Anv\u00e4ndning:<\/strong>\u00a0Applicera f\u00f6re solexponering. Skaka v\u00e4l f\u00f6re anv\u00e4ndning. V\u00e4nd beh\u00e5llaren upp och ner och tryck fram \u00f6nskad m\u00e4ngd mousse. F\u00f6rdela moussen j\u00e4mnt och gener\u00f6st \u00f6ver huden (alltf\u00f6r sparsam applicering reducerar solskyddet m\u00e4rkbart). Applicera ofta p\u00e5 utsatta kroppsdelar, och undvik kontakt med \u00f6gonen.<\/p>\n<p><strong>Storlek:\u00a0<\/strong>150 ml<\/p>\n","protected":false},"excerpt":{"rendered":"<p>Svensktillverkat solskydd som passar alla hudtyper, \u00e4ven de allra k\u00e4nsligaste. Skyddar mot skadliga UVA och UVB-str\u00e5lar samt v\u00e4rme, vind &amp; vatten. F\u00f6r vem? SPF 30 Kids \u00e4r s\u00e4rskilt utvecklad f\u00f6r barn (fr\u00e5n 6 m\u00e5nader och upp\u00e5t) och personer med extra solk\u00e4nslig hud, men passar utm\u00e4rkt f\u00f6r hela familjen. L\u00e4mplig f\u00f6r nordisk ljus hud och f\u00f6r de som lider av solallergi och eksem. Passar b\u00e5de ansikte och kropp. Egenskaper:\u00a0Evy Technology Solskydd skyddar mot skadliga UVA\/UVB-str\u00e5lar, v\u00e4rme, vind och vattenp\u00e5frestningar och \u00e4r extra l\u00e4mplig f\u00f6r dig som vill vara aktiv i solen. Formulan\u00a0\u00e4r fuktgivande, vattenfast,\u00a0ger mjuk k\u00e4nsla och\u00a0\u00e4r glans- och kladdfri. Moussen absorberas <a href=\"https:\/\/trampoolin.com\/en\/product\/evy-technology-solskydd-mousse-kids-spf-30\/\"> [&#8230;]<\/a><\/p>\n","protected":false},"featured_media":11448,"template":"","meta":[],"product_brand":[],"product_cat":[105],"product_tag":[],"class_list":{"0":"post-11441","1":"product","2":"type-product","3":"status-publish","4":"has-post-thumbnail","6":"product_cat-ovrigt","8":"first","9":"instock","10":"taxable","11":"shipping-taxable","12":"purchasable","13":"product-type-simple"},"yoast_head":"<!-- This site is optimized with the Yoast SEO plugin v27.5 - https:\/\/yoast.com\/product\/yoast-seo-wordpress\/ -->\n<title>EVY Technology Solskydd Mousse Kids SPF 30 - Trampoolin Babysim och simskola<\/title>\n<meta name=\"robots\" content=\"index, follow, max-snippet:-1, max-image-preview:large, max-video-preview:-1\" \/>\n<link rel=\"canonical\" href=\"https:\/\/trampoolin.com\/en\/product\/evy-technology-solskydd-mousse-kids-spf-30\/\" \/>\n<meta property=\"og:locale\" content=\"en_US\" \/>\n<meta property=\"og:type\" content=\"article\" \/>\n<meta property=\"og:title\" content=\"EVY Technology Solskydd Mousse Kids SPF 30 - Trampoolin Babysim och simskola\" \/>\n<meta property=\"og:description\" content=\"Svensktillverkat solskydd som passar alla hudtyper, \u00e4ven de allra k\u00e4nsligaste. Skyddar mot skadliga UVA och UVB-str\u00e5lar samt v\u00e4rme, vind &amp; vatten. F\u00f6r vem? SPF 30 Kids \u00e4r s\u00e4rskilt utvecklad f\u00f6r barn (fr\u00e5n 6 m\u00e5nader och upp\u00e5t) och personer med extra solk\u00e4nslig hud, men passar utm\u00e4rkt f\u00f6r hela familjen. L\u00e4mplig f\u00f6r nordisk ljus hud och f\u00f6r de som lider av solallergi och eksem. Passar b\u00e5de ansikte och kropp. Egenskaper:\u00a0Evy Technology Solskydd skyddar mot skadliga UVA\/UVB-str\u00e5lar, v\u00e4rme, vind och vattenp\u00e5frestningar och \u00e4r extra l\u00e4mplig f\u00f6r dig som vill vara aktiv i solen. Formulan\u00a0\u00e4r fuktgivande, vattenfast,\u00a0ger mjuk k\u00e4nsla och\u00a0\u00e4r glans- och kladdfri. Moussen absorberas [...]\" \/>\n<meta property=\"og:url\" content=\"https:\/\/trampoolin.com\/en\/product\/evy-technology-solskydd-mousse-kids-spf-30\/\" \/>\n<meta property=\"og:site_name\" content=\"Trampoolin Babysim och simskola\" \/>\n<meta property=\"article:publisher\" content=\"https:\/\/www.facebook.com\/Trampoolin\/\" \/>\n<meta property=\"article:modified_time\" content=\"2026-05-05T03:55:09+00:00\" \/>\n<meta property=\"og:image\" content=\"https:\/\/trampoolin.com\/wp-content\/uploads\/2025\/06\/EVY_Kids-SPF30-Sales-content5-1024x1024.png\" \/>\n\t<meta property=\"og:image:width\" content=\"1024\" \/>\n\t<meta property=\"og:image:height\" content=\"1024\" \/>\n\t<meta property=\"og:image:type\" content=\"image\/png\" \/>\n<meta name=\"twitter:card\" content=\"summary_large_image\" \/>\n<meta name=\"twitter:label1\" content=\"Est. reading time\" \/>\n\t<meta name=\"twitter:data1\" content=\"3 minutes\" \/>\n<script type=\"application\/ld+json\" class=\"yoast-schema-graph\">{\"@context\":\"https:\\\/\\\/schema.org\",\"@graph\":[{\"@type\":\"WebPage\",\"@id\":\"https:\\\/\\\/trampoolin.com\\\/en\\\/product\\\/evy-technology-solskydd-mousse-kids-spf-30\\\/\",\"url\":\"https:\\\/\\\/trampoolin.com\\\/en\\\/product\\\/evy-technology-solskydd-mousse-kids-spf-30\\\/\",\"name\":\"EVY Technology Solskydd Mousse Kids SPF 30 - Trampoolin Babysim och simskola\",\"isPartOf\":{\"@id\":\"https:\\\/\\\/trampoolin.com\\\/en\\\/#website\"},\"primaryImageOfPage\":{\"@id\":\"https:\\\/\\\/trampoolin.com\\\/en\\\/product\\\/evy-technology-solskydd-mousse-kids-spf-30\\\/#primaryimage\"},\"image\":{\"@id\":\"https:\\\/\\\/trampoolin.com\\\/en\\\/product\\\/evy-technology-solskydd-mousse-kids-spf-30\\\/#primaryimage\"},\"thumbnailUrl\":\"https:\\\/\\\/trampoolin.com\\\/wp-content\\\/uploads\\\/2025\\\/06\\\/EVY_Kids-SPF30-Sales-content5.png\",\"datePublished\":\"2025-06-03T15:24:59+00:00\",\"dateModified\":\"2026-05-05T03:55:09+00:00\",\"breadcrumb\":{\"@id\":\"https:\\\/\\\/trampoolin.com\\\/en\\\/product\\\/evy-technology-solskydd-mousse-kids-spf-30\\\/#breadcrumb\"},\"inLanguage\":\"en-US\",\"potentialAction\":[{\"@type\":\"ReadAction\",\"target\":[\"https:\\\/\\\/trampoolin.com\\\/en\\\/product\\\/evy-technology-solskydd-mousse-kids-spf-30\\\/\"]}]},{\"@type\":\"ImageObject\",\"inLanguage\":\"en-US\",\"@id\":\"https:\\\/\\\/trampoolin.com\\\/en\\\/product\\\/evy-technology-solskydd-mousse-kids-spf-30\\\/#primaryimage\",\"url\":\"https:\\\/\\\/trampoolin.com\\\/wp-content\\\/uploads\\\/2025\\\/06\\\/EVY_Kids-SPF30-Sales-content5.png\",\"contentUrl\":\"https:\\\/\\\/trampoolin.com\\\/wp-content\\\/uploads\\\/2025\\\/06\\\/EVY_Kids-SPF30-Sales-content5.png\",\"width\":1920,\"height\":1920},{\"@type\":\"BreadcrumbList\",\"@id\":\"https:\\\/\\\/trampoolin.com\\\/en\\\/product\\\/evy-technology-solskydd-mousse-kids-spf-30\\\/#breadcrumb\",\"itemListElement\":[{\"@type\":\"ListItem\",\"position\":1,\"name\":\"Home\",\"item\":\"https:\\\/\\\/trampoolin.com\\\/en\\\/trampoolin\\\/\"},{\"@type\":\"ListItem\",\"position\":2,\"name\":\"Shop\",\"item\":\"https:\\\/\\\/trampoolin.com\\\/shop\\\/\"},{\"@type\":\"ListItem\",\"position\":3,\"name\":\"EVY Technology Solskydd Mousse Kids SPF 30\"}]},{\"@type\":\"WebSite\",\"@id\":\"https:\\\/\\\/trampoolin.com\\\/en\\\/#website\",\"url\":\"https:\\\/\\\/trampoolin.com\\\/en\\\/\",\"name\":\"Trampoolin Babysim och simskola\",\"description\":\"Trampoolin Babysim och simskola\",\"publisher\":{\"@id\":\"https:\\\/\\\/trampoolin.com\\\/en\\\/#organization\"},\"potentialAction\":[{\"@type\":\"SearchAction\",\"target\":{\"@type\":\"EntryPoint\",\"urlTemplate\":\"https:\\\/\\\/trampoolin.com\\\/en\\\/?s={search_term_string}\"},\"query-input\":{\"@type\":\"PropertyValueSpecification\",\"valueRequired\":true,\"valueName\":\"search_term_string\"}}],\"inLanguage\":\"en-US\"},{\"@type\":\"Organization\",\"@id\":\"https:\\\/\\\/trampoolin.com\\\/en\\\/#organization\",\"name\":\"Trampoolin Babysim och simskola\",\"url\":\"https:\\\/\\\/trampoolin.com\\\/en\\\/\",\"logo\":{\"@type\":\"ImageObject\",\"inLanguage\":\"en-US\",\"@id\":\"https:\\\/\\\/trampoolin.com\\\/en\\\/#\\\/schema\\\/logo\\\/image\\\/\",\"url\":\"https:\\\/\\\/trampoolin.com\\\/wp-content\\\/uploads\\\/2022\\\/09\\\/logo-trampoolin-350x210-1.png\",\"contentUrl\":\"https:\\\/\\\/trampoolin.com\\\/wp-content\\\/uploads\\\/2022\\\/09\\\/logo-trampoolin-350x210-1.png\",\"width\":350,\"height\":210,\"caption\":\"Trampoolin Babysim och simskola\"},\"image\":{\"@id\":\"https:\\\/\\\/trampoolin.com\\\/en\\\/#\\\/schema\\\/logo\\\/image\\\/\"},\"sameAs\":[\"https:\\\/\\\/www.facebook.com\\\/Trampoolin\\\/\",\"https:\\\/\\\/www.youtube.com\\\/channel\\\/UCPVIDpA5f3iCryZodRueZZA\\\/\",\"https:\\\/\\\/www.instagram.com\\\/trampoolin\"]}]}<\/script>\n<!-- \/ Yoast SEO plugin. -->","yoast_head_json":{"title":"EVY Technology Solskydd Mousse Kids SPF 30 - Trampoolin Babysim och simskola","robots":{"index":"index","follow":"follow","max-snippet":"max-snippet:-1","max-image-preview":"max-image-preview:large","max-video-preview":"max-video-preview:-1"},"canonical":"https:\/\/trampoolin.com\/en\/product\/evy-technology-solskydd-mousse-kids-spf-30\/","og_locale":"en_US","og_type":"article","og_title":"EVY Technology Solskydd Mousse Kids SPF 30 - Trampoolin Babysim och simskola","og_description":"Svensktillverkat solskydd som passar alla hudtyper, \u00e4ven de allra k\u00e4nsligaste. Skyddar mot skadliga UVA och UVB-str\u00e5lar samt v\u00e4rme, vind &amp; vatten. F\u00f6r vem? SPF 30 Kids \u00e4r s\u00e4rskilt utvecklad f\u00f6r barn (fr\u00e5n 6 m\u00e5nader och upp\u00e5t) och personer med extra solk\u00e4nslig hud, men passar utm\u00e4rkt f\u00f6r hela familjen. L\u00e4mplig f\u00f6r nordisk ljus hud och f\u00f6r de som lider av solallergi och eksem. Passar b\u00e5de ansikte och kropp. Egenskaper:\u00a0Evy Technology Solskydd skyddar mot skadliga UVA\/UVB-str\u00e5lar, v\u00e4rme, vind och vattenp\u00e5frestningar och \u00e4r extra l\u00e4mplig f\u00f6r dig som vill vara aktiv i solen. Formulan\u00a0\u00e4r fuktgivande, vattenfast,\u00a0ger mjuk k\u00e4nsla och\u00a0\u00e4r glans- och kladdfri. Moussen absorberas [...]","og_url":"https:\/\/trampoolin.com\/en\/product\/evy-technology-solskydd-mousse-kids-spf-30\/","og_site_name":"Trampoolin Babysim och simskola","article_publisher":"https:\/\/www.facebook.com\/Trampoolin\/","article_modified_time":"2026-05-05T03:55:09+00:00","og_image":[{"width":1024,"height":1024,"url":"https:\/\/trampoolin.com\/wp-content\/uploads\/2025\/06\/EVY_Kids-SPF30-Sales-content5-1024x1024.png","type":"image\/png"}],"twitter_card":"summary_large_image","twitter_misc":{"Est. reading time":"3 minutes"},"schema":{"@context":"https:\/\/schema.org","@graph":[{"@type":"WebPage","@id":"https:\/\/trampoolin.com\/en\/product\/evy-technology-solskydd-mousse-kids-spf-30\/","url":"https:\/\/trampoolin.com\/en\/product\/evy-technology-solskydd-mousse-kids-spf-30\/","name":"EVY Technology Solskydd Mousse Kids SPF 30 - Trampoolin Babysim och simskola","isPartOf":{"@id":"https:\/\/trampoolin.com\/en\/#website"},"primaryImageOfPage":{"@id":"https:\/\/trampoolin.com\/en\/product\/evy-technology-solskydd-mousse-kids-spf-30\/#primaryimage"},"image":{"@id":"https:\/\/trampoolin.com\/en\/product\/evy-technology-solskydd-mousse-kids-spf-30\/#primaryimage"},"thumbnailUrl":"https:\/\/trampoolin.com\/wp-content\/uploads\/2025\/06\/EVY_Kids-SPF30-Sales-content5.png","datePublished":"2025-06-03T15:24:59+00:00","dateModified":"2026-05-05T03:55:09+00:00","breadcrumb":{"@id":"https:\/\/trampoolin.com\/en\/product\/evy-technology-solskydd-mousse-kids-spf-30\/#breadcrumb"},"inLanguage":"en-US","potentialAction":[{"@type":"ReadAction","target":["https:\/\/trampoolin.com\/en\/product\/evy-technology-solskydd-mousse-kids-spf-30\/"]}]},{"@type":"ImageObject","inLanguage":"en-US","@id":"https:\/\/trampoolin.com\/en\/product\/evy-technology-solskydd-mousse-kids-spf-30\/#primaryimage","url":"https:\/\/trampoolin.com\/wp-content\/uploads\/2025\/06\/EVY_Kids-SPF30-Sales-content5.png","contentUrl":"https:\/\/trampoolin.com\/wp-content\/uploads\/2025\/06\/EVY_Kids-SPF30-Sales-content5.png","width":1920,"height":1920},{"@type":"BreadcrumbList","@id":"https:\/\/trampoolin.com\/en\/product\/evy-technology-solskydd-mousse-kids-spf-30\/#breadcrumb","itemListElement":[{"@type":"ListItem","position":1,"name":"Home","item":"https:\/\/trampoolin.com\/en\/trampoolin\/"},{"@type":"ListItem","position":2,"name":"Shop","item":"https:\/\/trampoolin.com\/shop\/"},{"@type":"ListItem","position":3,"name":"EVY Technology Solskydd Mousse Kids SPF 30"}]},{"@type":"WebSite","@id":"https:\/\/trampoolin.com\/en\/#website","url":"https:\/\/trampoolin.com\/en\/","name":"Trampoolin Babysim och simskola","description":"Trampoolin Babysim och simskola","publisher":{"@id":"https:\/\/trampoolin.com\/en\/#organization"},"potentialAction":[{"@type":"SearchAction","target":{"@type":"EntryPoint","urlTemplate":"https:\/\/trampoolin.com\/en\/?s={search_term_string}"},"query-input":{"@type":"PropertyValueSpecification","valueRequired":true,"valueName":"search_term_string"}}],"inLanguage":"en-US"},{"@type":"Organization","@id":"https:\/\/trampoolin.com\/en\/#organization","name":"Trampoolin Babysim och simskola","url":"https:\/\/trampoolin.com\/en\/","logo":{"@type":"ImageObject","inLanguage":"en-US","@id":"https:\/\/trampoolin.com\/en\/#\/schema\/logo\/image\/","url":"https:\/\/trampoolin.com\/wp-content\/uploads\/2022\/09\/logo-trampoolin-350x210-1.png","contentUrl":"https:\/\/trampoolin.com\/wp-content\/uploads\/2022\/09\/logo-trampoolin-350x210-1.png","width":350,"height":210,"caption":"Trampoolin Babysim och simskola"},"image":{"@id":"https:\/\/trampoolin.com\/en\/#\/schema\/logo\/image\/"},"sameAs":["https:\/\/www.facebook.com\/Trampoolin\/","https:\/\/www.youtube.com\/channel\/UCPVIDpA5f3iCryZodRueZZA\/","https:\/\/www.instagram.com\/trampoolin"]}]}},"_links":{"self":[{"href":"https:\/\/trampoolin.com\/en\/wp-json\/wp\/v2\/product\/11441","targetHints":{"allow":["GET"]}}],"collection":[{"href":"https:\/\/trampoolin.com\/en\/wp-json\/wp\/v2\/product"}],"about":[{"href":"https:\/\/trampoolin.com\/en\/wp-json\/wp\/v2\/types\/product"}],"wp:featuredmedia":[{"embeddable":true,"href":"https:\/\/trampoolin.com\/en\/wp-json\/wp\/v2\/media\/11448"}],"wp:attachment":[{"href":"https:\/\/trampoolin.com\/en\/wp-json\/wp\/v2\/media?parent=11441"}],"wp:term":[{"taxonomy":"product_brand","embeddable":true,"href":"https:\/\/trampoolin.com\/en\/wp-json\/wp\/v2\/product_brand?post=11441"},{"taxonomy":"product_cat","embeddable":true,"href":"https:\/\/trampoolin.com\/en\/wp-json\/wp\/v2\/product_cat?post=11441"},{"taxonomy":"product_tag","embeddable":true,"href":"https:\/\/trampoolin.com\/en\/wp-json\/wp\/v2\/product_tag?post=11441"}],"curies":[{"name":"wp","href":"https:\/\/api.w.org\/{rel}","templated":true}]}}