{"id":11260,"date":"2025-04-28T13:50:08","date_gmt":"2025-04-28T11:50:08","guid":{"rendered":"https:\/\/trampoolin.com\/?post_type=product&#038;p=11260"},"modified":"2026-04-21T05:28:31","modified_gmt":"2026-04-21T03:28:31","slug":"swimfin","status":"publish","type":"product","link":"https:\/\/trampoolin.com\/en\/product\/swimfin\/","title":{"rendered":"Swimfin"},"content":{"rendered":"<h2>Swimfin &#8211; Hajfena<\/h2>\n<p>SwimFin \u00e4r utprovad och testad f\u00f6r att underl\u00e4tta n\u00e4r barn ska l\u00e4ra sig simma. Till skillnad fr\u00e5n armpuffar, flytbr\u00e4dor, v\u00e4star och flytkorvar \u00e4r SwimFin str\u00f6mlinjeformad och man beh\u00f6ver inte bl\u00e5sa upp, t\u00f6mma, l\u00e4gga till eller avl\u00e4gsna extra flytst\u00f6d.<\/p>\n<p>SwimFin ger bara det st\u00f6d som beh\u00f6vs och ger anv\u00e4ndaren en K\u00c4NSLA av sj\u00e4lvst\u00e4ndighet och allts\u00e5 uppmuntrar och motiverar. Ju l\u00e4gre ner din tyngdpunkt \u00e4r i vattnet du \u00e4r ju mer st\u00f6d kommer SwimFin att ge dig, som tex i fallet med en nyb\u00f6rjare och de sm\u00e5. Ju h\u00f6gre upp du ligger i vattnet ju mindre st\u00f6d ger den dig, som tex i fallet med en van simmare. SwimFin anpassar sig efter din simf\u00f6rm\u00e5ga.<\/p>\n<p>Observera: SwimFin finns bara i en storlek! SwimFin har testats och visat sig fungera fr\u00e5n ca 3 \u00e5r och upp\u00e5t, och f\u00f6r alla storlekar av personer storlekar och f\u00f6rm\u00e5gor.<\/p>\n<p>Det ing\u00e5r remmar vid din best\u00e4llning.<\/p>\n<p>Oavsett ett simhj\u00e4lpmedels flytf\u00f6rm\u00e5ga SKA BARN ALLTID \u00d6VERVAKAS vid och i vatten!<\/p>\n","protected":false},"excerpt":{"rendered":"<p>Swimfin &#8211; Hajfena SwimFin \u00e4r utprovad och testad f\u00f6r att underl\u00e4tta n\u00e4r barn ska l\u00e4ra sig simma. Till skillnad fr\u00e5n armpuffar, flytbr\u00e4dor, v\u00e4star och flytkorvar \u00e4r SwimFin str\u00f6mlinjeformad och man beh\u00f6ver inte bl\u00e5sa upp, t\u00f6mma, l\u00e4gga till eller avl\u00e4gsna extra flytst\u00f6d. SwimFin ger bara det st\u00f6d som beh\u00f6vs och ger anv\u00e4ndaren en K\u00c4NSLA av sj\u00e4lvst\u00e4ndighet och allts\u00e5 uppmuntrar och motiverar. Ju l\u00e4gre ner din tyngdpunkt \u00e4r i vattnet du \u00e4r ju mer st\u00f6d kommer SwimFin att ge dig, som tex i fallet med en nyb\u00f6rjare och de sm\u00e5. Ju h\u00f6gre upp du ligger i vattnet ju mindre st\u00f6d ger den dig, <a href=\"https:\/\/trampoolin.com\/en\/product\/swimfin\/\"> [&#8230;]<\/a><\/p>\n","protected":false},"featured_media":11261,"template":"","meta":[],"product_brand":[],"product_cat":[106],"product_tag":[],"class_list":{"0":"post-11260","1":"product","2":"type-product","3":"status-publish","4":"has-post-thumbnail","6":"product_cat-simhjalpmedel","8":"first","9":"instock","10":"taxable","11":"shipping-taxable","12":"purchasable","13":"product-type-variable"},"yoast_head":"<!-- This site is optimized with the Yoast SEO plugin v27.2 - https:\/\/yoast.com\/product\/yoast-seo-wordpress\/ -->\n<title>Swimfin - Trampoolin Babysim och simskola<\/title>\n<meta name=\"robots\" content=\"index, follow, max-snippet:-1, max-image-preview:large, max-video-preview:-1\" \/>\n<link rel=\"canonical\" href=\"https:\/\/trampoolin.com\/en\/product\/swimfin\/\" \/>\n<meta property=\"og:locale\" content=\"en_US\" \/>\n<meta property=\"og:type\" content=\"article\" \/>\n<meta property=\"og:title\" content=\"Swimfin - Trampoolin Babysim och simskola\" \/>\n<meta property=\"og:description\" content=\"Swimfin &#8211; Hajfena SwimFin \u00e4r utprovad och testad f\u00f6r att underl\u00e4tta n\u00e4r barn ska l\u00e4ra sig simma. Till skillnad fr\u00e5n armpuffar, flytbr\u00e4dor, v\u00e4star och flytkorvar \u00e4r SwimFin str\u00f6mlinjeformad och man beh\u00f6ver inte bl\u00e5sa upp, t\u00f6mma, l\u00e4gga till eller avl\u00e4gsna extra flytst\u00f6d. SwimFin ger bara det st\u00f6d som beh\u00f6vs och ger anv\u00e4ndaren en K\u00c4NSLA av sj\u00e4lvst\u00e4ndighet och allts\u00e5 uppmuntrar och motiverar. Ju l\u00e4gre ner din tyngdpunkt \u00e4r i vattnet du \u00e4r ju mer st\u00f6d kommer SwimFin att ge dig, som tex i fallet med en nyb\u00f6rjare och de sm\u00e5. Ju h\u00f6gre upp du ligger i vattnet ju mindre st\u00f6d ger den dig, [...]\" \/>\n<meta property=\"og:url\" content=\"https:\/\/trampoolin.com\/en\/product\/swimfin\/\" \/>\n<meta property=\"og:site_name\" content=\"Trampoolin Babysim och simskola\" \/>\n<meta property=\"article:publisher\" content=\"https:\/\/www.facebook.com\/Trampoolin\/\" \/>\n<meta property=\"article:modified_time\" content=\"2026-04-21T03:28:31+00:00\" \/>\n<meta property=\"og:image\" content=\"https:\/\/trampoolin.com\/wp-content\/uploads\/2025\/04\/red-swimfin.jpg\" \/>\n\t<meta property=\"og:image:width\" content=\"600\" \/>\n\t<meta property=\"og:image:height\" content=\"600\" \/>\n\t<meta property=\"og:image:type\" content=\"image\/jpeg\" \/>\n<meta name=\"twitter:card\" content=\"summary_large_image\" \/>\n<meta name=\"twitter:label1\" content=\"Est. reading time\" \/>\n\t<meta name=\"twitter:data1\" content=\"2 minutes\" \/>\n<script type=\"application\/ld+json\" class=\"yoast-schema-graph\">{\"@context\":\"https:\/\/schema.org\",\"@graph\":[{\"@type\":\"WebPage\",\"@id\":\"https:\/\/trampoolin.com\/en\/product\/swimfin\/\",\"url\":\"https:\/\/trampoolin.com\/en\/product\/swimfin\/\",\"name\":\"Swimfin - Trampoolin Babysim och simskola\",\"isPartOf\":{\"@id\":\"https:\/\/trampoolin.com\/en\/#website\"},\"primaryImageOfPage\":{\"@id\":\"https:\/\/trampoolin.com\/en\/product\/swimfin\/#primaryimage\"},\"image\":{\"@id\":\"https:\/\/trampoolin.com\/en\/product\/swimfin\/#primaryimage\"},\"thumbnailUrl\":\"https:\/\/trampoolin.com\/wp-content\/uploads\/2025\/04\/red-swimfin.jpg\",\"datePublished\":\"2025-04-28T11:50:08+00:00\",\"dateModified\":\"2026-04-21T03:28:31+00:00\",\"breadcrumb\":{\"@id\":\"https:\/\/trampoolin.com\/en\/product\/swimfin\/#breadcrumb\"},\"inLanguage\":\"en-US\",\"potentialAction\":[{\"@type\":\"ReadAction\",\"target\":[\"https:\/\/trampoolin.com\/en\/product\/swimfin\/\"]}]},{\"@type\":\"ImageObject\",\"inLanguage\":\"en-US\",\"@id\":\"https:\/\/trampoolin.com\/en\/product\/swimfin\/#primaryimage\",\"url\":\"https:\/\/trampoolin.com\/wp-content\/uploads\/2025\/04\/red-swimfin.jpg\",\"contentUrl\":\"https:\/\/trampoolin.com\/wp-content\/uploads\/2025\/04\/red-swimfin.jpg\",\"width\":600,\"height\":600},{\"@type\":\"BreadcrumbList\",\"@id\":\"https:\/\/trampoolin.com\/en\/product\/swimfin\/#breadcrumb\",\"itemListElement\":[{\"@type\":\"ListItem\",\"position\":1,\"name\":\"Home\",\"item\":\"https:\/\/trampoolin.com\/en\/trampoolin\/\"},{\"@type\":\"ListItem\",\"position\":2,\"name\":\"Shop\",\"item\":\"https:\/\/trampoolin.com\/shop\/\"},{\"@type\":\"ListItem\",\"position\":3,\"name\":\"Swimfin\"}]},{\"@type\":\"WebSite\",\"@id\":\"https:\/\/trampoolin.com\/en\/#website\",\"url\":\"https:\/\/trampoolin.com\/en\/\",\"name\":\"Trampoolin Babysim och simskola\",\"description\":\"Trampoolin Babysim och simskola\",\"publisher\":{\"@id\":\"https:\/\/trampoolin.com\/en\/#organization\"},\"potentialAction\":[{\"@type\":\"SearchAction\",\"target\":{\"@type\":\"EntryPoint\",\"urlTemplate\":\"https:\/\/trampoolin.com\/en\/?s={search_term_string}\"},\"query-input\":{\"@type\":\"PropertyValueSpecification\",\"valueRequired\":true,\"valueName\":\"search_term_string\"}}],\"inLanguage\":\"en-US\"},{\"@type\":\"Organization\",\"@id\":\"https:\/\/trampoolin.com\/en\/#organization\",\"name\":\"Trampoolin Babysim och simskola\",\"url\":\"https:\/\/trampoolin.com\/en\/\",\"logo\":{\"@type\":\"ImageObject\",\"inLanguage\":\"en-US\",\"@id\":\"https:\/\/trampoolin.com\/en\/#\/schema\/logo\/image\/\",\"url\":\"https:\/\/trampoolin.com\/wp-content\/uploads\/2022\/09\/logo-trampoolin-350x210-1.png\",\"contentUrl\":\"https:\/\/trampoolin.com\/wp-content\/uploads\/2022\/09\/logo-trampoolin-350x210-1.png\",\"width\":350,\"height\":210,\"caption\":\"Trampoolin Babysim och simskola\"},\"image\":{\"@id\":\"https:\/\/trampoolin.com\/en\/#\/schema\/logo\/image\/\"},\"sameAs\":[\"https:\/\/www.facebook.com\/Trampoolin\/\",\"https:\/\/www.youtube.com\/channel\/UCPVIDpA5f3iCryZodRueZZA\/\",\"https:\/\/www.instagram.com\/trampoolin\"]}]}<\/script>\n<!-- \/ Yoast SEO plugin. -->","yoast_head_json":{"title":"Swimfin - Trampoolin Babysim och simskola","robots":{"index":"index","follow":"follow","max-snippet":"max-snippet:-1","max-image-preview":"max-image-preview:large","max-video-preview":"max-video-preview:-1"},"canonical":"https:\/\/trampoolin.com\/en\/product\/swimfin\/","og_locale":"en_US","og_type":"article","og_title":"Swimfin - Trampoolin Babysim och simskola","og_description":"Swimfin &#8211; Hajfena SwimFin \u00e4r utprovad och testad f\u00f6r att underl\u00e4tta n\u00e4r barn ska l\u00e4ra sig simma. Till skillnad fr\u00e5n armpuffar, flytbr\u00e4dor, v\u00e4star och flytkorvar \u00e4r SwimFin str\u00f6mlinjeformad och man beh\u00f6ver inte bl\u00e5sa upp, t\u00f6mma, l\u00e4gga till eller avl\u00e4gsna extra flytst\u00f6d. SwimFin ger bara det st\u00f6d som beh\u00f6vs och ger anv\u00e4ndaren en K\u00c4NSLA av sj\u00e4lvst\u00e4ndighet och allts\u00e5 uppmuntrar och motiverar. Ju l\u00e4gre ner din tyngdpunkt \u00e4r i vattnet du \u00e4r ju mer st\u00f6d kommer SwimFin att ge dig, som tex i fallet med en nyb\u00f6rjare och de sm\u00e5. Ju h\u00f6gre upp du ligger i vattnet ju mindre st\u00f6d ger den dig, [...]","og_url":"https:\/\/trampoolin.com\/en\/product\/swimfin\/","og_site_name":"Trampoolin Babysim och simskola","article_publisher":"https:\/\/www.facebook.com\/Trampoolin\/","article_modified_time":"2026-04-21T03:28:31+00:00","og_image":[{"width":600,"height":600,"url":"https:\/\/trampoolin.com\/wp-content\/uploads\/2025\/04\/red-swimfin.jpg","type":"image\/jpeg"}],"twitter_card":"summary_large_image","twitter_misc":{"Est. reading time":"2 minutes"},"schema":{"@context":"https:\/\/schema.org","@graph":[{"@type":"WebPage","@id":"https:\/\/trampoolin.com\/en\/product\/swimfin\/","url":"https:\/\/trampoolin.com\/en\/product\/swimfin\/","name":"Swimfin - Trampoolin Babysim och simskola","isPartOf":{"@id":"https:\/\/trampoolin.com\/en\/#website"},"primaryImageOfPage":{"@id":"https:\/\/trampoolin.com\/en\/product\/swimfin\/#primaryimage"},"image":{"@id":"https:\/\/trampoolin.com\/en\/product\/swimfin\/#primaryimage"},"thumbnailUrl":"https:\/\/trampoolin.com\/wp-content\/uploads\/2025\/04\/red-swimfin.jpg","datePublished":"2025-04-28T11:50:08+00:00","dateModified":"2026-04-21T03:28:31+00:00","breadcrumb":{"@id":"https:\/\/trampoolin.com\/en\/product\/swimfin\/#breadcrumb"},"inLanguage":"en-US","potentialAction":[{"@type":"ReadAction","target":["https:\/\/trampoolin.com\/en\/product\/swimfin\/"]}]},{"@type":"ImageObject","inLanguage":"en-US","@id":"https:\/\/trampoolin.com\/en\/product\/swimfin\/#primaryimage","url":"https:\/\/trampoolin.com\/wp-content\/uploads\/2025\/04\/red-swimfin.jpg","contentUrl":"https:\/\/trampoolin.com\/wp-content\/uploads\/2025\/04\/red-swimfin.jpg","width":600,"height":600},{"@type":"BreadcrumbList","@id":"https:\/\/trampoolin.com\/en\/product\/swimfin\/#breadcrumb","itemListElement":[{"@type":"ListItem","position":1,"name":"Home","item":"https:\/\/trampoolin.com\/en\/trampoolin\/"},{"@type":"ListItem","position":2,"name":"Shop","item":"https:\/\/trampoolin.com\/shop\/"},{"@type":"ListItem","position":3,"name":"Swimfin"}]},{"@type":"WebSite","@id":"https:\/\/trampoolin.com\/en\/#website","url":"https:\/\/trampoolin.com\/en\/","name":"Trampoolin Babysim och simskola","description":"Trampoolin Babysim och simskola","publisher":{"@id":"https:\/\/trampoolin.com\/en\/#organization"},"potentialAction":[{"@type":"SearchAction","target":{"@type":"EntryPoint","urlTemplate":"https:\/\/trampoolin.com\/en\/?s={search_term_string}"},"query-input":{"@type":"PropertyValueSpecification","valueRequired":true,"valueName":"search_term_string"}}],"inLanguage":"en-US"},{"@type":"Organization","@id":"https:\/\/trampoolin.com\/en\/#organization","name":"Trampoolin Babysim och simskola","url":"https:\/\/trampoolin.com\/en\/","logo":{"@type":"ImageObject","inLanguage":"en-US","@id":"https:\/\/trampoolin.com\/en\/#\/schema\/logo\/image\/","url":"https:\/\/trampoolin.com\/wp-content\/uploads\/2022\/09\/logo-trampoolin-350x210-1.png","contentUrl":"https:\/\/trampoolin.com\/wp-content\/uploads\/2022\/09\/logo-trampoolin-350x210-1.png","width":350,"height":210,"caption":"Trampoolin Babysim och simskola"},"image":{"@id":"https:\/\/trampoolin.com\/en\/#\/schema\/logo\/image\/"},"sameAs":["https:\/\/www.facebook.com\/Trampoolin\/","https:\/\/www.youtube.com\/channel\/UCPVIDpA5f3iCryZodRueZZA\/","https:\/\/www.instagram.com\/trampoolin"]}]}},"_links":{"self":[{"href":"https:\/\/trampoolin.com\/en\/wp-json\/wp\/v2\/product\/11260","targetHints":{"allow":["GET"]}}],"collection":[{"href":"https:\/\/trampoolin.com\/en\/wp-json\/wp\/v2\/product"}],"about":[{"href":"https:\/\/trampoolin.com\/en\/wp-json\/wp\/v2\/types\/product"}],"wp:featuredmedia":[{"embeddable":true,"href":"https:\/\/trampoolin.com\/en\/wp-json\/wp\/v2\/media\/11261"}],"wp:attachment":[{"href":"https:\/\/trampoolin.com\/en\/wp-json\/wp\/v2\/media?parent=11260"}],"wp:term":[{"taxonomy":"product_brand","embeddable":true,"href":"https:\/\/trampoolin.com\/en\/wp-json\/wp\/v2\/product_brand?post=11260"},{"taxonomy":"product_cat","embeddable":true,"href":"https:\/\/trampoolin.com\/en\/wp-json\/wp\/v2\/product_cat?post=11260"},{"taxonomy":"product_tag","embeddable":true,"href":"https:\/\/trampoolin.com\/en\/wp-json\/wp\/v2\/product_tag?post=11260"}],"curies":[{"name":"wp","href":"https:\/\/api.w.org\/{rel}","templated":true}]}}