{"id":11115,"date":"2025-04-21T15:08:50","date_gmt":"2025-04-21T13:08:50","guid":{"rendered":"https:\/\/trampoolin.com\/?post_type=product&#038;p=11115"},"modified":"2026-01-26T15:42:29","modified_gmt":"2026-01-26T14:42:29","slug":"baddaren-gul","status":"publish","type":"product","link":"https:\/\/trampoolin.com\/en\/product\/baddaren-gul\/","title":{"rendered":"Baddaren gul"},"content":{"rendered":"<ul class=\"fusion-checklist fusion-checklist-4 fusion-checklist-default type-icons\">\n<li class=\"fusion-li-item\">\n<div class=\"fusion-li-item-content\"><b>Hoppa \u2013<\/b>i fr\u00e5n kant eller brygga p\u00e5 djupt vatten fem g\u00e5nger<\/div>\n<\/li>\n<li class=\"fusion-li-item\"><i class=\"fusion-li-icon awb-icon-check\" aria-hidden=\"true\"><\/i>\n<div class=\"fusion-li-item-content\">\n<p><b>Bubbla \u2013<\/b> andas in, h\u00e5lla andan och bl\u00e5sa ut under vattnet. Upprepas fem g\u00e5nger.<\/p>\n<\/div>\n<\/li>\n<li class=\"fusion-li-item\"><i class=\"fusion-li-icon awb-icon-check\" aria-hidden=\"true\"><\/i>\n<div class=\"fusion-li-item-content\"><b>Glida-<\/b> glida i vattnet<br \/>\n5 sekunder med framstr\u00e4ckta och raka armar, ansiktet ska vara under vattenytan.<br \/>\nFr\u00e5nskjut f\u00e5r g\u00f6ras och provet ska utf\u00f6ras d\u00e4r m\u00e4rkestagaren inte bottnar.<br \/>\nHandst\u00f6d med platta eller simdyna f\u00e5r anv\u00e4ndas.<br \/>\nMomentet upprepas fem g\u00e5nger.<\/div>\n<\/li>\n<\/ul>\n","protected":false},"excerpt":{"rendered":"<p>Hoppa \u2013i fr\u00e5n kant eller brygga p\u00e5 djupt vatten fem g\u00e5nger Bubbla \u2013 andas in, h\u00e5lla andan och bl\u00e5sa ut under vattnet. Upprepas fem g\u00e5nger. Glida- glida i vattnet 5 sekunder med framstr\u00e4ckta och raka armar, ansiktet ska vara under vattenytan. Fr\u00e5nskjut f\u00e5r g\u00f6ras och provet ska utf\u00f6ras d\u00e4r m\u00e4rkestagaren inte bottnar. Handst\u00f6d med platta eller simdyna f\u00e5r anv\u00e4ndas. Momentet upprepas fem g\u00e5nger.<\/p>\n","protected":false},"featured_media":11047,"template":"","meta":[],"product_brand":[],"product_cat":[171],"product_tag":[],"class_list":{"0":"post-11115","1":"product","2":"type-product","3":"status-publish","4":"has-post-thumbnail","6":"product_cat-simmarken","8":"first","9":"instock","10":"taxable","11":"shipping-taxable","12":"purchasable","13":"product-type-simple"},"yoast_head":"<!-- This site is optimized with the Yoast SEO plugin v27.2 - https:\/\/yoast.com\/product\/yoast-seo-wordpress\/ -->\n<title>Baddaren gul - Trampoolin Babysim och simskola<\/title>\n<meta name=\"robots\" content=\"index, follow, max-snippet:-1, max-image-preview:large, max-video-preview:-1\" \/>\n<link rel=\"canonical\" href=\"https:\/\/trampoolin.com\/en\/product\/baddaren-gul\/\" \/>\n<meta property=\"og:locale\" content=\"en_US\" \/>\n<meta property=\"og:type\" content=\"article\" \/>\n<meta property=\"og:title\" content=\"Baddaren gul - Trampoolin Babysim och simskola\" \/>\n<meta property=\"og:description\" content=\"Hoppa \u2013i fr\u00e5n kant eller brygga p\u00e5 djupt vatten fem g\u00e5nger Bubbla \u2013 andas in, h\u00e5lla andan och bl\u00e5sa ut under vattnet. Upprepas fem g\u00e5nger. Glida- glida i vattnet 5 sekunder med framstr\u00e4ckta och raka armar, ansiktet ska vara under vattenytan. Fr\u00e5nskjut f\u00e5r g\u00f6ras och provet ska utf\u00f6ras d\u00e4r m\u00e4rkestagaren inte bottnar. Handst\u00f6d med platta eller simdyna f\u00e5r anv\u00e4ndas. Momentet upprepas fem g\u00e5nger.\" \/>\n<meta property=\"og:url\" content=\"https:\/\/trampoolin.com\/en\/product\/baddaren-gul\/\" \/>\n<meta property=\"og:site_name\" content=\"Trampoolin Babysim och simskola\" \/>\n<meta property=\"article:publisher\" content=\"https:\/\/www.facebook.com\/Trampoolin\/\" \/>\n<meta property=\"article:modified_time\" content=\"2026-01-26T14:42:29+00:00\" \/>\n<meta property=\"og:image\" content=\"https:\/\/trampoolin.com\/wp-content\/uploads\/2025\/04\/SVSF10200.jpg\" \/>\n\t<meta property=\"og:image:width\" content=\"1200\" \/>\n\t<meta property=\"og:image:height\" content=\"1200\" \/>\n\t<meta property=\"og:image:type\" content=\"image\/jpeg\" \/>\n<meta name=\"twitter:card\" content=\"summary_large_image\" \/>\n<script type=\"application\/ld+json\" class=\"yoast-schema-graph\">{\"@context\":\"https:\/\/schema.org\",\"@graph\":[{\"@type\":\"WebPage\",\"@id\":\"https:\/\/trampoolin.com\/en\/product\/baddaren-gul\/\",\"url\":\"https:\/\/trampoolin.com\/en\/product\/baddaren-gul\/\",\"name\":\"Baddaren gul - Trampoolin Babysim och simskola\",\"isPartOf\":{\"@id\":\"https:\/\/trampoolin.com\/en\/#website\"},\"primaryImageOfPage\":{\"@id\":\"https:\/\/trampoolin.com\/en\/product\/baddaren-gul\/#primaryimage\"},\"image\":{\"@id\":\"https:\/\/trampoolin.com\/en\/product\/baddaren-gul\/#primaryimage\"},\"thumbnailUrl\":\"https:\/\/trampoolin.com\/wp-content\/uploads\/2025\/04\/SVSF10200.jpg\",\"datePublished\":\"2025-04-21T13:08:50+00:00\",\"dateModified\":\"2026-01-26T14:42:29+00:00\",\"breadcrumb\":{\"@id\":\"https:\/\/trampoolin.com\/en\/product\/baddaren-gul\/#breadcrumb\"},\"inLanguage\":\"en-US\",\"potentialAction\":[{\"@type\":\"ReadAction\",\"target\":[\"https:\/\/trampoolin.com\/en\/product\/baddaren-gul\/\"]}]},{\"@type\":\"ImageObject\",\"inLanguage\":\"en-US\",\"@id\":\"https:\/\/trampoolin.com\/en\/product\/baddaren-gul\/#primaryimage\",\"url\":\"https:\/\/trampoolin.com\/wp-content\/uploads\/2025\/04\/SVSF10200.jpg\",\"contentUrl\":\"https:\/\/trampoolin.com\/wp-content\/uploads\/2025\/04\/SVSF10200.jpg\",\"width\":1200,\"height\":1200},{\"@type\":\"BreadcrumbList\",\"@id\":\"https:\/\/trampoolin.com\/en\/product\/baddaren-gul\/#breadcrumb\",\"itemListElement\":[{\"@type\":\"ListItem\",\"position\":1,\"name\":\"Home\",\"item\":\"https:\/\/trampoolin.com\/en\/trampoolin\/\"},{\"@type\":\"ListItem\",\"position\":2,\"name\":\"Shop\",\"item\":\"https:\/\/trampoolin.com\/shop\/\"},{\"@type\":\"ListItem\",\"position\":3,\"name\":\"Baddaren gul\"}]},{\"@type\":\"WebSite\",\"@id\":\"https:\/\/trampoolin.com\/en\/#website\",\"url\":\"https:\/\/trampoolin.com\/en\/\",\"name\":\"Trampoolin Babysim och simskola\",\"description\":\"Trampoolin Babysim och simskola\",\"publisher\":{\"@id\":\"https:\/\/trampoolin.com\/en\/#organization\"},\"potentialAction\":[{\"@type\":\"SearchAction\",\"target\":{\"@type\":\"EntryPoint\",\"urlTemplate\":\"https:\/\/trampoolin.com\/en\/?s={search_term_string}\"},\"query-input\":{\"@type\":\"PropertyValueSpecification\",\"valueRequired\":true,\"valueName\":\"search_term_string\"}}],\"inLanguage\":\"en-US\"},{\"@type\":\"Organization\",\"@id\":\"https:\/\/trampoolin.com\/en\/#organization\",\"name\":\"Trampoolin Babysim och simskola\",\"url\":\"https:\/\/trampoolin.com\/en\/\",\"logo\":{\"@type\":\"ImageObject\",\"inLanguage\":\"en-US\",\"@id\":\"https:\/\/trampoolin.com\/en\/#\/schema\/logo\/image\/\",\"url\":\"https:\/\/trampoolin.com\/wp-content\/uploads\/2022\/09\/logo-trampoolin-350x210-1.png\",\"contentUrl\":\"https:\/\/trampoolin.com\/wp-content\/uploads\/2022\/09\/logo-trampoolin-350x210-1.png\",\"width\":350,\"height\":210,\"caption\":\"Trampoolin Babysim och simskola\"},\"image\":{\"@id\":\"https:\/\/trampoolin.com\/en\/#\/schema\/logo\/image\/\"},\"sameAs\":[\"https:\/\/www.facebook.com\/Trampoolin\/\",\"https:\/\/www.youtube.com\/channel\/UCPVIDpA5f3iCryZodRueZZA\/\",\"https:\/\/www.instagram.com\/trampoolin\"]}]}<\/script>\n<!-- \/ Yoast SEO plugin. -->","yoast_head_json":{"title":"Baddaren gul - Trampoolin Babysim och simskola","robots":{"index":"index","follow":"follow","max-snippet":"max-snippet:-1","max-image-preview":"max-image-preview:large","max-video-preview":"max-video-preview:-1"},"canonical":"https:\/\/trampoolin.com\/en\/product\/baddaren-gul\/","og_locale":"en_US","og_type":"article","og_title":"Baddaren gul - Trampoolin Babysim och simskola","og_description":"Hoppa \u2013i fr\u00e5n kant eller brygga p\u00e5 djupt vatten fem g\u00e5nger Bubbla \u2013 andas in, h\u00e5lla andan och bl\u00e5sa ut under vattnet. Upprepas fem g\u00e5nger. Glida- glida i vattnet 5 sekunder med framstr\u00e4ckta och raka armar, ansiktet ska vara under vattenytan. Fr\u00e5nskjut f\u00e5r g\u00f6ras och provet ska utf\u00f6ras d\u00e4r m\u00e4rkestagaren inte bottnar. Handst\u00f6d med platta eller simdyna f\u00e5r anv\u00e4ndas. Momentet upprepas fem g\u00e5nger.","og_url":"https:\/\/trampoolin.com\/en\/product\/baddaren-gul\/","og_site_name":"Trampoolin Babysim och simskola","article_publisher":"https:\/\/www.facebook.com\/Trampoolin\/","article_modified_time":"2026-01-26T14:42:29+00:00","og_image":[{"width":1200,"height":1200,"url":"https:\/\/trampoolin.com\/wp-content\/uploads\/2025\/04\/SVSF10200.jpg","type":"image\/jpeg"}],"twitter_card":"summary_large_image","schema":{"@context":"https:\/\/schema.org","@graph":[{"@type":"WebPage","@id":"https:\/\/trampoolin.com\/en\/product\/baddaren-gul\/","url":"https:\/\/trampoolin.com\/en\/product\/baddaren-gul\/","name":"Baddaren gul - Trampoolin Babysim och simskola","isPartOf":{"@id":"https:\/\/trampoolin.com\/en\/#website"},"primaryImageOfPage":{"@id":"https:\/\/trampoolin.com\/en\/product\/baddaren-gul\/#primaryimage"},"image":{"@id":"https:\/\/trampoolin.com\/en\/product\/baddaren-gul\/#primaryimage"},"thumbnailUrl":"https:\/\/trampoolin.com\/wp-content\/uploads\/2025\/04\/SVSF10200.jpg","datePublished":"2025-04-21T13:08:50+00:00","dateModified":"2026-01-26T14:42:29+00:00","breadcrumb":{"@id":"https:\/\/trampoolin.com\/en\/product\/baddaren-gul\/#breadcrumb"},"inLanguage":"en-US","potentialAction":[{"@type":"ReadAction","target":["https:\/\/trampoolin.com\/en\/product\/baddaren-gul\/"]}]},{"@type":"ImageObject","inLanguage":"en-US","@id":"https:\/\/trampoolin.com\/en\/product\/baddaren-gul\/#primaryimage","url":"https:\/\/trampoolin.com\/wp-content\/uploads\/2025\/04\/SVSF10200.jpg","contentUrl":"https:\/\/trampoolin.com\/wp-content\/uploads\/2025\/04\/SVSF10200.jpg","width":1200,"height":1200},{"@type":"BreadcrumbList","@id":"https:\/\/trampoolin.com\/en\/product\/baddaren-gul\/#breadcrumb","itemListElement":[{"@type":"ListItem","position":1,"name":"Home","item":"https:\/\/trampoolin.com\/en\/trampoolin\/"},{"@type":"ListItem","position":2,"name":"Shop","item":"https:\/\/trampoolin.com\/shop\/"},{"@type":"ListItem","position":3,"name":"Baddaren gul"}]},{"@type":"WebSite","@id":"https:\/\/trampoolin.com\/en\/#website","url":"https:\/\/trampoolin.com\/en\/","name":"Trampoolin Babysim och simskola","description":"Trampoolin Babysim och simskola","publisher":{"@id":"https:\/\/trampoolin.com\/en\/#organization"},"potentialAction":[{"@type":"SearchAction","target":{"@type":"EntryPoint","urlTemplate":"https:\/\/trampoolin.com\/en\/?s={search_term_string}"},"query-input":{"@type":"PropertyValueSpecification","valueRequired":true,"valueName":"search_term_string"}}],"inLanguage":"en-US"},{"@type":"Organization","@id":"https:\/\/trampoolin.com\/en\/#organization","name":"Trampoolin Babysim och simskola","url":"https:\/\/trampoolin.com\/en\/","logo":{"@type":"ImageObject","inLanguage":"en-US","@id":"https:\/\/trampoolin.com\/en\/#\/schema\/logo\/image\/","url":"https:\/\/trampoolin.com\/wp-content\/uploads\/2022\/09\/logo-trampoolin-350x210-1.png","contentUrl":"https:\/\/trampoolin.com\/wp-content\/uploads\/2022\/09\/logo-trampoolin-350x210-1.png","width":350,"height":210,"caption":"Trampoolin Babysim och simskola"},"image":{"@id":"https:\/\/trampoolin.com\/en\/#\/schema\/logo\/image\/"},"sameAs":["https:\/\/www.facebook.com\/Trampoolin\/","https:\/\/www.youtube.com\/channel\/UCPVIDpA5f3iCryZodRueZZA\/","https:\/\/www.instagram.com\/trampoolin"]}]}},"_links":{"self":[{"href":"https:\/\/trampoolin.com\/en\/wp-json\/wp\/v2\/product\/11115","targetHints":{"allow":["GET"]}}],"collection":[{"href":"https:\/\/trampoolin.com\/en\/wp-json\/wp\/v2\/product"}],"about":[{"href":"https:\/\/trampoolin.com\/en\/wp-json\/wp\/v2\/types\/product"}],"wp:featuredmedia":[{"embeddable":true,"href":"https:\/\/trampoolin.com\/en\/wp-json\/wp\/v2\/media\/11047"}],"wp:attachment":[{"href":"https:\/\/trampoolin.com\/en\/wp-json\/wp\/v2\/media?parent=11115"}],"wp:term":[{"taxonomy":"product_brand","embeddable":true,"href":"https:\/\/trampoolin.com\/en\/wp-json\/wp\/v2\/product_brand?post=11115"},{"taxonomy":"product_cat","embeddable":true,"href":"https:\/\/trampoolin.com\/en\/wp-json\/wp\/v2\/product_cat?post=11115"},{"taxonomy":"product_tag","embeddable":true,"href":"https:\/\/trampoolin.com\/en\/wp-json\/wp\/v2\/product_tag?post=11115"}],"curies":[{"name":"wp","href":"https:\/\/api.w.org\/{rel}","templated":true}]}}