{"id":10956,"date":"2025-03-24T12:03:13","date_gmt":"2025-03-24T11:03:13","guid":{"rendered":"https:\/\/trampoolin.com\/?post_type=product&#038;p=10956"},"modified":"2025-05-14T12:30:35","modified_gmt":"2025-05-14T10:30:35","slug":"babyrevolve-leksaken-som-gor-vardagen-lattare-roligare","status":"publish","type":"product","link":"https:\/\/trampoolin.com\/en\/product\/babyrevolve-leksaken-som-gor-vardagen-lattare-roligare\/","title":{"rendered":"BabyRevolve &#8211; Leksaken som g\u00f6r vardagen l\u00e4ttare &#038; roligare!"},"content":{"rendered":"<p><strong>3 pack &#8211; \u00a0bi, fj\u00e4ril,\u00a0nyckelpiga<\/strong><\/p>\n<ul class=\"sc-fbKhWw cWXGnG pf-58_\" data-pf-type=\"List2\">\n<li data-pf-type=\"List2.Item2\"><strong>Utvecklande lekupplevelse<\/strong> \u2013 Snurrar, l\u00e5ter &amp; tr\u00e4nar motorik.<\/li>\n<li class=\"sc-leSCGb jlzrdC pf-59_\" data-pf-type=\"List2.Item2\"><strong>F\u00e4rgglad underh\u00e5llning<\/strong> \u2013 H\u00e5ller bebisen engagerad i\u00a0timmar.<\/li>\n<li class=\"sc-leSCGb jlzrdC pf-63_\" data-pf-type=\"List2.Item2\"><strong>Lek \u00f6verallt<\/strong> \u2013 f\u00e4sts p\u00e5 alla\u00a0sl\u00e4ta ytor! Perfekt f\u00f6r badkaret, kylsk\u00e5pet, golvet eller bordet.<\/li>\n<li class=\"sc-leSCGb jlzrdC pf-65_\" data-pf-type=\"List2.Item2\"><strong>S\u00e4kerhet f\u00f6rst <\/strong>\u2013 <strong>alltid!<\/strong> \u2013 BPA-fri &amp; CE-m\u00e4rkt.<\/li>\n<\/ul>\n<h4 class=\"sc-YysaK ejlKKG pf-130_ pf-heading-1-h3\" data-pf-type=\"Heading2\">BabyRevolve stimulerar ditt barns utveckling<\/h4>\n<ul class=\"sc-fbKhWw cWXGnG pf-133_\" data-pf-type=\"List2\">\n<li class=\"sc-leSCGb jlzrdC pf-134_\" data-pf-type=\"List2.Item2\"><strong>Tr\u00e4nar motoriken<\/strong> \u2013 Hj\u00e4lper barnet att greppa, snurra och utforska.<\/li>\n<li class=\"sc-leSCGb jlzrdC pf-136_\" data-pf-type=\"List2.Item2\"><strong>St\u00e4rker synen<\/strong> \u2013 Klara f\u00e4rger och tre glada djur (bi, fj\u00e4ril,\u00a0nyckelpiga) f\u00e5ngar uppm\u00e4rksamheten.<\/li>\n<li class=\"sc-leSCGb jlzrdC pf-138_\" data-pf-type=\"List2.Item2\"><strong>Utvecklar h\u00f6rseln<\/strong> \u2013 Mjuka bj\u00e4llror skapar behagliga ljud utan att st\u00f6ra.<\/li>\n<\/ul>\n","protected":false},"excerpt":{"rendered":"<p>3 pack &#8211; \u00a0bi, fj\u00e4ril,\u00a0nyckelpiga Utvecklande lekupplevelse \u2013 Snurrar, l\u00e5ter &amp; tr\u00e4nar motorik. F\u00e4rgglad underh\u00e5llning \u2013 H\u00e5ller bebisen engagerad i\u00a0timmar. Lek \u00f6verallt \u2013 f\u00e4sts p\u00e5 alla\u00a0sl\u00e4ta ytor! Perfekt f\u00f6r badkaret, kylsk\u00e5pet, golvet eller bordet. S\u00e4kerhet f\u00f6rst \u2013 alltid! \u2013 BPA-fri &amp; CE-m\u00e4rkt. BabyRevolve stimulerar ditt barns utveckling Tr\u00e4nar motoriken \u2013 Hj\u00e4lper barnet att greppa, snurra och utforska. St\u00e4rker synen \u2013 Klara f\u00e4rger och tre glada djur (bi, fj\u00e4ril,\u00a0nyckelpiga) f\u00e5ngar uppm\u00e4rksamheten. Utvecklar h\u00f6rseln \u2013 Mjuka bj\u00e4llror skapar behagliga ljud utan att st\u00f6ra.<\/p>\n","protected":false},"featured_media":10942,"template":"","meta":[],"product_brand":[],"product_cat":[54],"product_tag":[],"class_list":{"0":"post-10956","1":"product","2":"type-product","3":"status-publish","4":"has-post-thumbnail","6":"product_cat-leksaker","8":"first","9":"instock","10":"taxable","11":"shipping-taxable","12":"purchasable","13":"product-type-simple"},"yoast_head":"<!-- This site is optimized with the Yoast SEO plugin v27.2 - https:\/\/yoast.com\/product\/yoast-seo-wordpress\/ -->\n<title>BabyRevolve - Leksaken som g\u00f6r vardagen l\u00e4ttare &amp; roligare! - Trampoolin Babysim och simskola<\/title>\n<meta name=\"robots\" content=\"index, follow, max-snippet:-1, max-image-preview:large, max-video-preview:-1\" \/>\n<link rel=\"canonical\" href=\"https:\/\/trampoolin.com\/en\/product\/babyrevolve-leksaken-som-gor-vardagen-lattare-roligare\/\" \/>\n<meta property=\"og:locale\" content=\"en_US\" \/>\n<meta property=\"og:type\" content=\"article\" \/>\n<meta property=\"og:title\" content=\"BabyRevolve - Leksaken som g\u00f6r vardagen l\u00e4ttare &amp; roligare! - Trampoolin Babysim och simskola\" \/>\n<meta property=\"og:description\" content=\"3 pack &#8211; \u00a0bi, fj\u00e4ril,\u00a0nyckelpiga Utvecklande lekupplevelse \u2013 Snurrar, l\u00e5ter &amp; tr\u00e4nar motorik. F\u00e4rgglad underh\u00e5llning \u2013 H\u00e5ller bebisen engagerad i\u00a0timmar. Lek \u00f6verallt \u2013 f\u00e4sts p\u00e5 alla\u00a0sl\u00e4ta ytor! Perfekt f\u00f6r badkaret, kylsk\u00e5pet, golvet eller bordet. S\u00e4kerhet f\u00f6rst \u2013 alltid! \u2013 BPA-fri &amp; CE-m\u00e4rkt. BabyRevolve stimulerar ditt barns utveckling Tr\u00e4nar motoriken \u2013 Hj\u00e4lper barnet att greppa, snurra och utforska. St\u00e4rker synen \u2013 Klara f\u00e4rger och tre glada djur (bi, fj\u00e4ril,\u00a0nyckelpiga) f\u00e5ngar uppm\u00e4rksamheten. Utvecklar h\u00f6rseln \u2013 Mjuka bj\u00e4llror skapar behagliga ljud utan att st\u00f6ra.\" \/>\n<meta property=\"og:url\" content=\"https:\/\/trampoolin.com\/en\/product\/babyrevolve-leksaken-som-gor-vardagen-lattare-roligare\/\" \/>\n<meta property=\"og:site_name\" content=\"Trampoolin Babysim och simskola\" \/>\n<meta property=\"article:publisher\" content=\"https:\/\/www.facebook.com\/Trampoolin\/\" \/>\n<meta property=\"article:modified_time\" content=\"2025-05-14T10:30:35+00:00\" \/>\n<meta property=\"og:image\" content=\"https:\/\/trampoolin.com\/wp-content\/uploads\/2025\/03\/Babyrevolve_1.png\" \/>\n\t<meta property=\"og:image:width\" content=\"1000\" \/>\n\t<meta property=\"og:image:height\" content=\"1000\" \/>\n\t<meta property=\"og:image:type\" content=\"image\/png\" \/>\n<meta name=\"twitter:card\" content=\"summary_large_image\" \/>\n<meta name=\"twitter:label1\" content=\"Est. reading time\" \/>\n\t<meta name=\"twitter:data1\" content=\"1 minute\" \/>\n<script type=\"application\/ld+json\" class=\"yoast-schema-graph\">{\"@context\":\"https:\/\/schema.org\",\"@graph\":[{\"@type\":\"WebPage\",\"@id\":\"https:\/\/trampoolin.com\/en\/product\/babyrevolve-leksaken-som-gor-vardagen-lattare-roligare\/\",\"url\":\"https:\/\/trampoolin.com\/en\/product\/babyrevolve-leksaken-som-gor-vardagen-lattare-roligare\/\",\"name\":\"BabyRevolve - Leksaken som g\u00f6r vardagen l\u00e4ttare & roligare! - Trampoolin Babysim och simskola\",\"isPartOf\":{\"@id\":\"https:\/\/trampoolin.com\/en\/#website\"},\"primaryImageOfPage\":{\"@id\":\"https:\/\/trampoolin.com\/en\/product\/babyrevolve-leksaken-som-gor-vardagen-lattare-roligare\/#primaryimage\"},\"image\":{\"@id\":\"https:\/\/trampoolin.com\/en\/product\/babyrevolve-leksaken-som-gor-vardagen-lattare-roligare\/#primaryimage\"},\"thumbnailUrl\":\"https:\/\/trampoolin.com\/wp-content\/uploads\/2025\/03\/Babyrevolve_1.png\",\"datePublished\":\"2025-03-24T11:03:13+00:00\",\"dateModified\":\"2025-05-14T10:30:35+00:00\",\"breadcrumb\":{\"@id\":\"https:\/\/trampoolin.com\/en\/product\/babyrevolve-leksaken-som-gor-vardagen-lattare-roligare\/#breadcrumb\"},\"inLanguage\":\"en-US\",\"potentialAction\":[{\"@type\":\"ReadAction\",\"target\":[\"https:\/\/trampoolin.com\/en\/product\/babyrevolve-leksaken-som-gor-vardagen-lattare-roligare\/\"]}]},{\"@type\":\"ImageObject\",\"inLanguage\":\"en-US\",\"@id\":\"https:\/\/trampoolin.com\/en\/product\/babyrevolve-leksaken-som-gor-vardagen-lattare-roligare\/#primaryimage\",\"url\":\"https:\/\/trampoolin.com\/wp-content\/uploads\/2025\/03\/Babyrevolve_1.png\",\"contentUrl\":\"https:\/\/trampoolin.com\/wp-content\/uploads\/2025\/03\/Babyrevolve_1.png\",\"width\":1000,\"height\":1000},{\"@type\":\"BreadcrumbList\",\"@id\":\"https:\/\/trampoolin.com\/en\/product\/babyrevolve-leksaken-som-gor-vardagen-lattare-roligare\/#breadcrumb\",\"itemListElement\":[{\"@type\":\"ListItem\",\"position\":1,\"name\":\"Home\",\"item\":\"https:\/\/trampoolin.com\/en\/trampoolin\/\"},{\"@type\":\"ListItem\",\"position\":2,\"name\":\"Shop\",\"item\":\"https:\/\/trampoolin.com\/shop\/\"},{\"@type\":\"ListItem\",\"position\":3,\"name\":\"BabyRevolve &#8211; Leksaken som g\u00f6r vardagen l\u00e4ttare &#038; roligare!\"}]},{\"@type\":\"WebSite\",\"@id\":\"https:\/\/trampoolin.com\/en\/#website\",\"url\":\"https:\/\/trampoolin.com\/en\/\",\"name\":\"Trampoolin Babysim och simskola\",\"description\":\"Trampoolin Babysim och simskola\",\"publisher\":{\"@id\":\"https:\/\/trampoolin.com\/en\/#organization\"},\"potentialAction\":[{\"@type\":\"SearchAction\",\"target\":{\"@type\":\"EntryPoint\",\"urlTemplate\":\"https:\/\/trampoolin.com\/en\/?s={search_term_string}\"},\"query-input\":{\"@type\":\"PropertyValueSpecification\",\"valueRequired\":true,\"valueName\":\"search_term_string\"}}],\"inLanguage\":\"en-US\"},{\"@type\":\"Organization\",\"@id\":\"https:\/\/trampoolin.com\/en\/#organization\",\"name\":\"Trampoolin Babysim och simskola\",\"url\":\"https:\/\/trampoolin.com\/en\/\",\"logo\":{\"@type\":\"ImageObject\",\"inLanguage\":\"en-US\",\"@id\":\"https:\/\/trampoolin.com\/en\/#\/schema\/logo\/image\/\",\"url\":\"https:\/\/trampoolin.com\/wp-content\/uploads\/2022\/09\/logo-trampoolin-350x210-1.png\",\"contentUrl\":\"https:\/\/trampoolin.com\/wp-content\/uploads\/2022\/09\/logo-trampoolin-350x210-1.png\",\"width\":350,\"height\":210,\"caption\":\"Trampoolin Babysim och simskola\"},\"image\":{\"@id\":\"https:\/\/trampoolin.com\/en\/#\/schema\/logo\/image\/\"},\"sameAs\":[\"https:\/\/www.facebook.com\/Trampoolin\/\",\"https:\/\/www.youtube.com\/channel\/UCPVIDpA5f3iCryZodRueZZA\/\",\"https:\/\/www.instagram.com\/trampoolin\"]}]}<\/script>\n<!-- \/ Yoast SEO plugin. -->","yoast_head_json":{"title":"BabyRevolve - Leksaken som g\u00f6r vardagen l\u00e4ttare & roligare! - Trampoolin Babysim och simskola","robots":{"index":"index","follow":"follow","max-snippet":"max-snippet:-1","max-image-preview":"max-image-preview:large","max-video-preview":"max-video-preview:-1"},"canonical":"https:\/\/trampoolin.com\/en\/product\/babyrevolve-leksaken-som-gor-vardagen-lattare-roligare\/","og_locale":"en_US","og_type":"article","og_title":"BabyRevolve - Leksaken som g\u00f6r vardagen l\u00e4ttare & roligare! - Trampoolin Babysim och simskola","og_description":"3 pack &#8211; \u00a0bi, fj\u00e4ril,\u00a0nyckelpiga Utvecklande lekupplevelse \u2013 Snurrar, l\u00e5ter &amp; tr\u00e4nar motorik. F\u00e4rgglad underh\u00e5llning \u2013 H\u00e5ller bebisen engagerad i\u00a0timmar. Lek \u00f6verallt \u2013 f\u00e4sts p\u00e5 alla\u00a0sl\u00e4ta ytor! Perfekt f\u00f6r badkaret, kylsk\u00e5pet, golvet eller bordet. S\u00e4kerhet f\u00f6rst \u2013 alltid! \u2013 BPA-fri &amp; CE-m\u00e4rkt. BabyRevolve stimulerar ditt barns utveckling Tr\u00e4nar motoriken \u2013 Hj\u00e4lper barnet att greppa, snurra och utforska. St\u00e4rker synen \u2013 Klara f\u00e4rger och tre glada djur (bi, fj\u00e4ril,\u00a0nyckelpiga) f\u00e5ngar uppm\u00e4rksamheten. Utvecklar h\u00f6rseln \u2013 Mjuka bj\u00e4llror skapar behagliga ljud utan att st\u00f6ra.","og_url":"https:\/\/trampoolin.com\/en\/product\/babyrevolve-leksaken-som-gor-vardagen-lattare-roligare\/","og_site_name":"Trampoolin Babysim och simskola","article_publisher":"https:\/\/www.facebook.com\/Trampoolin\/","article_modified_time":"2025-05-14T10:30:35+00:00","og_image":[{"width":1000,"height":1000,"url":"https:\/\/trampoolin.com\/wp-content\/uploads\/2025\/03\/Babyrevolve_1.png","type":"image\/png"}],"twitter_card":"summary_large_image","twitter_misc":{"Est. reading time":"1 minute"},"schema":{"@context":"https:\/\/schema.org","@graph":[{"@type":"WebPage","@id":"https:\/\/trampoolin.com\/en\/product\/babyrevolve-leksaken-som-gor-vardagen-lattare-roligare\/","url":"https:\/\/trampoolin.com\/en\/product\/babyrevolve-leksaken-som-gor-vardagen-lattare-roligare\/","name":"BabyRevolve - Leksaken som g\u00f6r vardagen l\u00e4ttare & roligare! - Trampoolin Babysim och simskola","isPartOf":{"@id":"https:\/\/trampoolin.com\/en\/#website"},"primaryImageOfPage":{"@id":"https:\/\/trampoolin.com\/en\/product\/babyrevolve-leksaken-som-gor-vardagen-lattare-roligare\/#primaryimage"},"image":{"@id":"https:\/\/trampoolin.com\/en\/product\/babyrevolve-leksaken-som-gor-vardagen-lattare-roligare\/#primaryimage"},"thumbnailUrl":"https:\/\/trampoolin.com\/wp-content\/uploads\/2025\/03\/Babyrevolve_1.png","datePublished":"2025-03-24T11:03:13+00:00","dateModified":"2025-05-14T10:30:35+00:00","breadcrumb":{"@id":"https:\/\/trampoolin.com\/en\/product\/babyrevolve-leksaken-som-gor-vardagen-lattare-roligare\/#breadcrumb"},"inLanguage":"en-US","potentialAction":[{"@type":"ReadAction","target":["https:\/\/trampoolin.com\/en\/product\/babyrevolve-leksaken-som-gor-vardagen-lattare-roligare\/"]}]},{"@type":"ImageObject","inLanguage":"en-US","@id":"https:\/\/trampoolin.com\/en\/product\/babyrevolve-leksaken-som-gor-vardagen-lattare-roligare\/#primaryimage","url":"https:\/\/trampoolin.com\/wp-content\/uploads\/2025\/03\/Babyrevolve_1.png","contentUrl":"https:\/\/trampoolin.com\/wp-content\/uploads\/2025\/03\/Babyrevolve_1.png","width":1000,"height":1000},{"@type":"BreadcrumbList","@id":"https:\/\/trampoolin.com\/en\/product\/babyrevolve-leksaken-som-gor-vardagen-lattare-roligare\/#breadcrumb","itemListElement":[{"@type":"ListItem","position":1,"name":"Home","item":"https:\/\/trampoolin.com\/en\/trampoolin\/"},{"@type":"ListItem","position":2,"name":"Shop","item":"https:\/\/trampoolin.com\/shop\/"},{"@type":"ListItem","position":3,"name":"BabyRevolve &#8211; Leksaken som g\u00f6r vardagen l\u00e4ttare &#038; roligare!"}]},{"@type":"WebSite","@id":"https:\/\/trampoolin.com\/en\/#website","url":"https:\/\/trampoolin.com\/en\/","name":"Trampoolin Babysim och simskola","description":"Trampoolin Babysim och simskola","publisher":{"@id":"https:\/\/trampoolin.com\/en\/#organization"},"potentialAction":[{"@type":"SearchAction","target":{"@type":"EntryPoint","urlTemplate":"https:\/\/trampoolin.com\/en\/?s={search_term_string}"},"query-input":{"@type":"PropertyValueSpecification","valueRequired":true,"valueName":"search_term_string"}}],"inLanguage":"en-US"},{"@type":"Organization","@id":"https:\/\/trampoolin.com\/en\/#organization","name":"Trampoolin Babysim och simskola","url":"https:\/\/trampoolin.com\/en\/","logo":{"@type":"ImageObject","inLanguage":"en-US","@id":"https:\/\/trampoolin.com\/en\/#\/schema\/logo\/image\/","url":"https:\/\/trampoolin.com\/wp-content\/uploads\/2022\/09\/logo-trampoolin-350x210-1.png","contentUrl":"https:\/\/trampoolin.com\/wp-content\/uploads\/2022\/09\/logo-trampoolin-350x210-1.png","width":350,"height":210,"caption":"Trampoolin Babysim och simskola"},"image":{"@id":"https:\/\/trampoolin.com\/en\/#\/schema\/logo\/image\/"},"sameAs":["https:\/\/www.facebook.com\/Trampoolin\/","https:\/\/www.youtube.com\/channel\/UCPVIDpA5f3iCryZodRueZZA\/","https:\/\/www.instagram.com\/trampoolin"]}]}},"_links":{"self":[{"href":"https:\/\/trampoolin.com\/en\/wp-json\/wp\/v2\/product\/10956","targetHints":{"allow":["GET"]}}],"collection":[{"href":"https:\/\/trampoolin.com\/en\/wp-json\/wp\/v2\/product"}],"about":[{"href":"https:\/\/trampoolin.com\/en\/wp-json\/wp\/v2\/types\/product"}],"wp:featuredmedia":[{"embeddable":true,"href":"https:\/\/trampoolin.com\/en\/wp-json\/wp\/v2\/media\/10942"}],"wp:attachment":[{"href":"https:\/\/trampoolin.com\/en\/wp-json\/wp\/v2\/media?parent=10956"}],"wp:term":[{"taxonomy":"product_brand","embeddable":true,"href":"https:\/\/trampoolin.com\/en\/wp-json\/wp\/v2\/product_brand?post=10956"},{"taxonomy":"product_cat","embeddable":true,"href":"https:\/\/trampoolin.com\/en\/wp-json\/wp\/v2\/product_cat?post=10956"},{"taxonomy":"product_tag","embeddable":true,"href":"https:\/\/trampoolin.com\/en\/wp-json\/wp\/v2\/product_tag?post=10956"}],"curies":[{"name":"wp","href":"https:\/\/api.w.org\/{rel}","templated":true}]}}