{"id":10240,"date":"2024-11-01T14:49:46","date_gmt":"2024-11-01T13:49:46","guid":{"rendered":"https:\/\/trampoolin.com\/?post_type=product&#038;p=10240"},"modified":"2025-10-31T15:43:17","modified_gmt":"2025-10-31T14:43:17","slug":"liewood-kortarmad-badtroja-noah-uv40","status":"publish","type":"product","link":"https:\/\/trampoolin.com\/en\/product\/liewood-kortarmad-badtroja-noah-uv40\/","title":{"rendered":"Liewood Kort\u00e4rmad UV tr\u00f6ja &#8211; Noah UV40+"},"content":{"rendered":"<p><b>Badtr\u00f6ja fr\u00e5n Liewood<\/b><\/p>\n<p>Vacker Liewood badtr\u00f6ja i beige och gr\u00f6n.<\/p>\n<p>badtr\u00f6jan Liewood har korta \u00e4rmar och en rund halsringning med smal kant. Den \u00e4r gjord i en bekv\u00e4m och stretchig kvalitet.<\/p>\n<p>Badtr\u00f6jan har ett praktiskt UV filter p\u00e5 40+, s\u00e5 barnet \u00e4r v\u00e4l skyddat mot solens skadliga str\u00e5lar.<\/p>\n<p>Specifikation av:<br \/>\n&#8211; 82% \u00e5tervunnen polyester<br \/>\n&#8211; 18% elastan<\/p>\n<p><em>GRS certifierad<\/em><\/p>\n","protected":false},"excerpt":{"rendered":"<p><b>Badtr\u00f6ja fr\u00e5n Liewood<\/b><\/p>\n<p>Vacker Liewood badtr\u00f6ja i beige och gr\u00f6n.<\/p>\n<p>badtr\u00f6jan Liewood har korta \u00e4rmar och en rund halsringning med smal kant. Den \u00e4r gjord i en bekv\u00e4m och stretchig kvalitet.<\/p>\n<p>Badtr\u00f6jan har ett praktiskt UV filter p\u00e5 40+, s\u00e5 barnet \u00e4r v\u00e4l skyddat mot solens skadliga str\u00e5lar.<\/p>\n<p>Specifikation av:<br \/>\n&#8211; 82% \u00e5tervunnen polyester<br \/>\n&#8211; 18% elastan<\/p>\n<p><em>GRS certifierad<\/em><\/p>\n","protected":false},"featured_media":9810,"template":"","meta":[],"product_brand":[],"product_cat":[52,128],"product_tag":[],"class_list":{"0":"post-10240","1":"product","2":"type-product","3":"status-publish","4":"has-post-thumbnail","6":"product_cat-klader","7":"product_cat-liewood","9":"first","10":"instock","11":"taxable","12":"shipping-taxable","13":"purchasable","14":"product-type-variable"},"yoast_head":"<!-- This site is optimized with the Yoast SEO plugin v27.2 - https:\/\/yoast.com\/product\/yoast-seo-wordpress\/ -->\n<title>Liewood Kort\u00e4rmad UV tr\u00f6ja - Noah UV40+ - Trampoolin Babysim och simskola<\/title>\n<meta name=\"robots\" content=\"index, follow, max-snippet:-1, max-image-preview:large, max-video-preview:-1\" \/>\n<link rel=\"canonical\" href=\"https:\/\/trampoolin.com\/en\/product\/liewood-kortarmad-badtroja-noah-uv40\/\" \/>\n<meta property=\"og:locale\" content=\"en_US\" \/>\n<meta property=\"og:type\" content=\"article\" \/>\n<meta property=\"og:title\" content=\"Liewood Kort\u00e4rmad UV tr\u00f6ja - Noah UV40+ - Trampoolin Babysim och simskola\" \/>\n<meta property=\"og:description\" content=\"Badtr\u00f6ja fr\u00e5n Liewood  Vacker Liewood badtr\u00f6ja i beige och gr\u00f6n.  badtr\u00f6jan Liewood har korta \u00e4rmar och en rund halsringning med smal kant. Den \u00e4r gjord i en bekv\u00e4m och stretchig kvalitet.  Badtr\u00f6jan har ett praktiskt UV filter p\u00e5 40+, s\u00e5 barnet \u00e4r v\u00e4l skyddat mot solens skadliga str\u00e5lar.  Specifikation av: - 82% \u00e5tervunnen polyester - 18% elastan  GRS certifierad\" \/>\n<meta property=\"og:url\" content=\"https:\/\/trampoolin.com\/en\/product\/liewood-kortarmad-badtroja-noah-uv40\/\" \/>\n<meta property=\"og:site_name\" content=\"Trampoolin Babysim och simskola\" \/>\n<meta property=\"article:publisher\" content=\"https:\/\/www.facebook.com\/Trampoolin\/\" \/>\n<meta property=\"article:modified_time\" content=\"2025-10-31T14:43:17+00:00\" \/>\n<meta property=\"og:image\" content=\"https:\/\/trampoolin.com\/wp-content\/uploads\/2024\/10\/Noah_Placement_Shortsleeve_Swim_Tee_LW19009_1741_Sandy_Peppermint_1-1024x1024.png\" \/>\n\t<meta property=\"og:image:width\" content=\"1024\" \/>\n\t<meta property=\"og:image:height\" content=\"1024\" \/>\n\t<meta property=\"og:image:type\" content=\"image\/png\" \/>\n<meta name=\"twitter:card\" content=\"summary_large_image\" \/>\n<meta name=\"twitter:label1\" content=\"Est. reading time\" \/>\n\t<meta name=\"twitter:data1\" content=\"1 minute\" \/>\n<script type=\"application\/ld+json\" class=\"yoast-schema-graph\">{\"@context\":\"https:\/\/schema.org\",\"@graph\":[{\"@type\":\"WebPage\",\"@id\":\"https:\/\/trampoolin.com\/en\/product\/liewood-kortarmad-badtroja-noah-uv40\/\",\"url\":\"https:\/\/trampoolin.com\/en\/product\/liewood-kortarmad-badtroja-noah-uv40\/\",\"name\":\"Liewood Kort\u00e4rmad UV tr\u00f6ja - Noah UV40+ - Trampoolin Babysim och simskola\",\"isPartOf\":{\"@id\":\"https:\/\/trampoolin.com\/en\/#website\"},\"primaryImageOfPage\":{\"@id\":\"https:\/\/trampoolin.com\/en\/product\/liewood-kortarmad-badtroja-noah-uv40\/#primaryimage\"},\"image\":{\"@id\":\"https:\/\/trampoolin.com\/en\/product\/liewood-kortarmad-badtroja-noah-uv40\/#primaryimage\"},\"thumbnailUrl\":\"https:\/\/trampoolin.com\/wp-content\/uploads\/2024\/10\/Noah_Placement_Shortsleeve_Swim_Tee_LW19009_1741_Sandy_Peppermint_1.png\",\"datePublished\":\"2024-11-01T13:49:46+00:00\",\"dateModified\":\"2025-10-31T14:43:17+00:00\",\"breadcrumb\":{\"@id\":\"https:\/\/trampoolin.com\/en\/product\/liewood-kortarmad-badtroja-noah-uv40\/#breadcrumb\"},\"inLanguage\":\"en-US\",\"potentialAction\":[{\"@type\":\"ReadAction\",\"target\":[\"https:\/\/trampoolin.com\/en\/product\/liewood-kortarmad-badtroja-noah-uv40\/\"]}]},{\"@type\":\"ImageObject\",\"inLanguage\":\"en-US\",\"@id\":\"https:\/\/trampoolin.com\/en\/product\/liewood-kortarmad-badtroja-noah-uv40\/#primaryimage\",\"url\":\"https:\/\/trampoolin.com\/wp-content\/uploads\/2024\/10\/Noah_Placement_Shortsleeve_Swim_Tee_LW19009_1741_Sandy_Peppermint_1.png\",\"contentUrl\":\"https:\/\/trampoolin.com\/wp-content\/uploads\/2024\/10\/Noah_Placement_Shortsleeve_Swim_Tee_LW19009_1741_Sandy_Peppermint_1.png\",\"width\":2000,\"height\":2000},{\"@type\":\"BreadcrumbList\",\"@id\":\"https:\/\/trampoolin.com\/en\/product\/liewood-kortarmad-badtroja-noah-uv40\/#breadcrumb\",\"itemListElement\":[{\"@type\":\"ListItem\",\"position\":1,\"name\":\"Home\",\"item\":\"https:\/\/trampoolin.com\/en\/trampoolin\/\"},{\"@type\":\"ListItem\",\"position\":2,\"name\":\"Shop\",\"item\":\"https:\/\/trampoolin.com\/shop\/\"},{\"@type\":\"ListItem\",\"position\":3,\"name\":\"Liewood Kort\u00e4rmad UV tr\u00f6ja &#8211; Noah UV40+\"}]},{\"@type\":\"WebSite\",\"@id\":\"https:\/\/trampoolin.com\/en\/#website\",\"url\":\"https:\/\/trampoolin.com\/en\/\",\"name\":\"Trampoolin Babysim och simskola\",\"description\":\"Trampoolin Babysim och simskola\",\"publisher\":{\"@id\":\"https:\/\/trampoolin.com\/en\/#organization\"},\"potentialAction\":[{\"@type\":\"SearchAction\",\"target\":{\"@type\":\"EntryPoint\",\"urlTemplate\":\"https:\/\/trampoolin.com\/en\/?s={search_term_string}\"},\"query-input\":{\"@type\":\"PropertyValueSpecification\",\"valueRequired\":true,\"valueName\":\"search_term_string\"}}],\"inLanguage\":\"en-US\"},{\"@type\":\"Organization\",\"@id\":\"https:\/\/trampoolin.com\/en\/#organization\",\"name\":\"Trampoolin Babysim och simskola\",\"url\":\"https:\/\/trampoolin.com\/en\/\",\"logo\":{\"@type\":\"ImageObject\",\"inLanguage\":\"en-US\",\"@id\":\"https:\/\/trampoolin.com\/en\/#\/schema\/logo\/image\/\",\"url\":\"https:\/\/trampoolin.com\/wp-content\/uploads\/2022\/09\/logo-trampoolin-350x210-1.png\",\"contentUrl\":\"https:\/\/trampoolin.com\/wp-content\/uploads\/2022\/09\/logo-trampoolin-350x210-1.png\",\"width\":350,\"height\":210,\"caption\":\"Trampoolin Babysim och simskola\"},\"image\":{\"@id\":\"https:\/\/trampoolin.com\/en\/#\/schema\/logo\/image\/\"},\"sameAs\":[\"https:\/\/www.facebook.com\/Trampoolin\/\",\"https:\/\/www.youtube.com\/channel\/UCPVIDpA5f3iCryZodRueZZA\/\",\"https:\/\/www.instagram.com\/trampoolin\"]}]}<\/script>\n<!-- \/ Yoast SEO plugin. -->","yoast_head_json":{"title":"Liewood Kort\u00e4rmad UV tr\u00f6ja - Noah UV40+ - Trampoolin Babysim och simskola","robots":{"index":"index","follow":"follow","max-snippet":"max-snippet:-1","max-image-preview":"max-image-preview:large","max-video-preview":"max-video-preview:-1"},"canonical":"https:\/\/trampoolin.com\/en\/product\/liewood-kortarmad-badtroja-noah-uv40\/","og_locale":"en_US","og_type":"article","og_title":"Liewood Kort\u00e4rmad UV tr\u00f6ja - Noah UV40+ - Trampoolin Babysim och simskola","og_description":"Badtr\u00f6ja fr\u00e5n Liewood  Vacker Liewood badtr\u00f6ja i beige och gr\u00f6n.  badtr\u00f6jan Liewood har korta \u00e4rmar och en rund halsringning med smal kant. Den \u00e4r gjord i en bekv\u00e4m och stretchig kvalitet.  Badtr\u00f6jan har ett praktiskt UV filter p\u00e5 40+, s\u00e5 barnet \u00e4r v\u00e4l skyddat mot solens skadliga str\u00e5lar.  Specifikation av: - 82% \u00e5tervunnen polyester - 18% elastan  GRS certifierad","og_url":"https:\/\/trampoolin.com\/en\/product\/liewood-kortarmad-badtroja-noah-uv40\/","og_site_name":"Trampoolin Babysim och simskola","article_publisher":"https:\/\/www.facebook.com\/Trampoolin\/","article_modified_time":"2025-10-31T14:43:17+00:00","og_image":[{"width":1024,"height":1024,"url":"https:\/\/trampoolin.com\/wp-content\/uploads\/2024\/10\/Noah_Placement_Shortsleeve_Swim_Tee_LW19009_1741_Sandy_Peppermint_1-1024x1024.png","type":"image\/png"}],"twitter_card":"summary_large_image","twitter_misc":{"Est. reading time":"1 minute"},"schema":{"@context":"https:\/\/schema.org","@graph":[{"@type":"WebPage","@id":"https:\/\/trampoolin.com\/en\/product\/liewood-kortarmad-badtroja-noah-uv40\/","url":"https:\/\/trampoolin.com\/en\/product\/liewood-kortarmad-badtroja-noah-uv40\/","name":"Liewood Kort\u00e4rmad UV tr\u00f6ja - Noah UV40+ - Trampoolin Babysim och simskola","isPartOf":{"@id":"https:\/\/trampoolin.com\/en\/#website"},"primaryImageOfPage":{"@id":"https:\/\/trampoolin.com\/en\/product\/liewood-kortarmad-badtroja-noah-uv40\/#primaryimage"},"image":{"@id":"https:\/\/trampoolin.com\/en\/product\/liewood-kortarmad-badtroja-noah-uv40\/#primaryimage"},"thumbnailUrl":"https:\/\/trampoolin.com\/wp-content\/uploads\/2024\/10\/Noah_Placement_Shortsleeve_Swim_Tee_LW19009_1741_Sandy_Peppermint_1.png","datePublished":"2024-11-01T13:49:46+00:00","dateModified":"2025-10-31T14:43:17+00:00","breadcrumb":{"@id":"https:\/\/trampoolin.com\/en\/product\/liewood-kortarmad-badtroja-noah-uv40\/#breadcrumb"},"inLanguage":"en-US","potentialAction":[{"@type":"ReadAction","target":["https:\/\/trampoolin.com\/en\/product\/liewood-kortarmad-badtroja-noah-uv40\/"]}]},{"@type":"ImageObject","inLanguage":"en-US","@id":"https:\/\/trampoolin.com\/en\/product\/liewood-kortarmad-badtroja-noah-uv40\/#primaryimage","url":"https:\/\/trampoolin.com\/wp-content\/uploads\/2024\/10\/Noah_Placement_Shortsleeve_Swim_Tee_LW19009_1741_Sandy_Peppermint_1.png","contentUrl":"https:\/\/trampoolin.com\/wp-content\/uploads\/2024\/10\/Noah_Placement_Shortsleeve_Swim_Tee_LW19009_1741_Sandy_Peppermint_1.png","width":2000,"height":2000},{"@type":"BreadcrumbList","@id":"https:\/\/trampoolin.com\/en\/product\/liewood-kortarmad-badtroja-noah-uv40\/#breadcrumb","itemListElement":[{"@type":"ListItem","position":1,"name":"Home","item":"https:\/\/trampoolin.com\/en\/trampoolin\/"},{"@type":"ListItem","position":2,"name":"Shop","item":"https:\/\/trampoolin.com\/shop\/"},{"@type":"ListItem","position":3,"name":"Liewood Kort\u00e4rmad UV tr\u00f6ja &#8211; Noah UV40+"}]},{"@type":"WebSite","@id":"https:\/\/trampoolin.com\/en\/#website","url":"https:\/\/trampoolin.com\/en\/","name":"Trampoolin Babysim och simskola","description":"Trampoolin Babysim och simskola","publisher":{"@id":"https:\/\/trampoolin.com\/en\/#organization"},"potentialAction":[{"@type":"SearchAction","target":{"@type":"EntryPoint","urlTemplate":"https:\/\/trampoolin.com\/en\/?s={search_term_string}"},"query-input":{"@type":"PropertyValueSpecification","valueRequired":true,"valueName":"search_term_string"}}],"inLanguage":"en-US"},{"@type":"Organization","@id":"https:\/\/trampoolin.com\/en\/#organization","name":"Trampoolin Babysim och simskola","url":"https:\/\/trampoolin.com\/en\/","logo":{"@type":"ImageObject","inLanguage":"en-US","@id":"https:\/\/trampoolin.com\/en\/#\/schema\/logo\/image\/","url":"https:\/\/trampoolin.com\/wp-content\/uploads\/2022\/09\/logo-trampoolin-350x210-1.png","contentUrl":"https:\/\/trampoolin.com\/wp-content\/uploads\/2022\/09\/logo-trampoolin-350x210-1.png","width":350,"height":210,"caption":"Trampoolin Babysim och simskola"},"image":{"@id":"https:\/\/trampoolin.com\/en\/#\/schema\/logo\/image\/"},"sameAs":["https:\/\/www.facebook.com\/Trampoolin\/","https:\/\/www.youtube.com\/channel\/UCPVIDpA5f3iCryZodRueZZA\/","https:\/\/www.instagram.com\/trampoolin"]}]}},"_links":{"self":[{"href":"https:\/\/trampoolin.com\/en\/wp-json\/wp\/v2\/product\/10240","targetHints":{"allow":["GET"]}}],"collection":[{"href":"https:\/\/trampoolin.com\/en\/wp-json\/wp\/v2\/product"}],"about":[{"href":"https:\/\/trampoolin.com\/en\/wp-json\/wp\/v2\/types\/product"}],"wp:featuredmedia":[{"embeddable":true,"href":"https:\/\/trampoolin.com\/en\/wp-json\/wp\/v2\/media\/9810"}],"wp:attachment":[{"href":"https:\/\/trampoolin.com\/en\/wp-json\/wp\/v2\/media?parent=10240"}],"wp:term":[{"taxonomy":"product_brand","embeddable":true,"href":"https:\/\/trampoolin.com\/en\/wp-json\/wp\/v2\/product_brand?post=10240"},{"taxonomy":"product_cat","embeddable":true,"href":"https:\/\/trampoolin.com\/en\/wp-json\/wp\/v2\/product_cat?post=10240"},{"taxonomy":"product_tag","embeddable":true,"href":"https:\/\/trampoolin.com\/en\/wp-json\/wp\/v2\/product_tag?post=10240"}],"curies":[{"name":"wp","href":"https:\/\/api.w.org\/{rel}","templated":true}]}}