{"id":10233,"date":"2024-11-01T14:14:54","date_gmt":"2024-11-01T13:14:54","guid":{"rendered":"https:\/\/trampoolin.com\/?post_type=product&#038;p=10233"},"modified":"2026-01-01T02:38:14","modified_gmt":"2026-01-01T01:38:14","slug":"liewood-solhatt-gorm-vandbar","status":"publish","type":"product","link":"https:\/\/trampoolin.com\/en\/product\/liewood-solhatt-gorm-vandbar\/","title":{"rendered":"Liewood Solhatt &#8211; Gorm V\u00e4ndbar"},"content":{"rendered":"<p><b>Legion\u00e4rshatt fr\u00e5n Liewood<\/b><\/p>\n<p>Vacker Liewood legion\u00e4rshatt med r\u00e4nder i vit och bl\u00e5. Den \u00e4r v\u00e4ndbar, och p\u00e5 insidan \u00e4r den enf\u00e4rgad bl\u00e5, och p\u00e5 toppen finns tv\u00e5 s\u00f6ta \u00f6ron.<\/p>\n<p>Liewood legion\u00e4rm\u00f6ssan har en rund huvudform och ett insytt, justerbart sn\u00f6re\/sn\u00f6rning i nacken, vilket s\u00e4kerst\u00e4ller en bra passform. Framtill finns en smal sk\u00e4rm, och baktill finns en l\u00e5nghalsskugga, som skuggar de mest utsatta omr\u00e5dena i nacken.<\/p>\n<p>Specifikation av:<br \/>\n&#8211; 100% ekologisk bomull<\/p>\n","protected":false},"excerpt":{"rendered":"<p><b>Legion\u00e4rshatt fr\u00e5n Liewood<\/b><\/p>\n<p>Vacker Liewood legion\u00e4rshatt med r\u00e4nder i vit och bl\u00e5. Den \u00e4r v\u00e4ndbar, och p\u00e5 insidan \u00e4r den enf\u00e4rgad bl\u00e5, och p\u00e5 toppen finns tv\u00e5 s\u00f6ta \u00f6ron.<\/p>\n<p>Liewood legion\u00e4rm\u00f6ssan har en rund huvudform och ett insytt, justerbart sn\u00f6re\/sn\u00f6rning i nacken, vilket s\u00e4kerst\u00e4ller en bra passform. Framtill finns en smal sk\u00e4rm, och baktill finns en l\u00e5nghalsskugga, som skuggar de mest utsatta omr\u00e5dena i nacken.<\/p>\n<p>Specifikation av:<br \/>\n&#8211; 100% ekologisk bomull<\/p>\n","protected":false},"featured_media":9647,"template":"","meta":[],"product_brand":[],"product_cat":[52,128],"product_tag":[],"class_list":{"0":"post-10233","1":"product","2":"type-product","3":"status-publish","4":"has-post-thumbnail","6":"product_cat-klader","7":"product_cat-liewood","9":"first","10":"instock","11":"taxable","12":"shipping-taxable","13":"purchasable","14":"product-type-variable"},"yoast_head":"<!-- This site is optimized with the Yoast SEO plugin v27.2 - https:\/\/yoast.com\/product\/yoast-seo-wordpress\/ -->\n<title>Liewood Solhatt - Gorm V\u00e4ndbar - Trampoolin Babysim och simskola<\/title>\n<meta name=\"robots\" content=\"index, follow, max-snippet:-1, max-image-preview:large, max-video-preview:-1\" \/>\n<link rel=\"canonical\" href=\"https:\/\/trampoolin.com\/en\/product\/liewood-solhatt-gorm-vandbar\/\" \/>\n<meta property=\"og:locale\" content=\"en_US\" \/>\n<meta property=\"og:type\" content=\"article\" \/>\n<meta property=\"og:title\" content=\"Liewood Solhatt - Gorm V\u00e4ndbar - Trampoolin Babysim och simskola\" \/>\n<meta property=\"og:description\" content=\"Legion\u00e4rshatt fr\u00e5n Liewood  Vacker Liewood legion\u00e4rshatt med r\u00e4nder i vit och bl\u00e5. Den \u00e4r v\u00e4ndbar, och p\u00e5 insidan \u00e4r den enf\u00e4rgad bl\u00e5, och p\u00e5 toppen finns tv\u00e5 s\u00f6ta \u00f6ron.  Liewood legion\u00e4rm\u00f6ssan har en rund huvudform och ett insytt, justerbart sn\u00f6re\/sn\u00f6rning i nacken, vilket s\u00e4kerst\u00e4ller en bra passform. Framtill finns en smal sk\u00e4rm, och baktill finns en l\u00e5nghalsskugga, som skuggar de mest utsatta omr\u00e5dena i nacken.  Specifikation av: - 100% ekologisk bomull\" \/>\n<meta property=\"og:url\" content=\"https:\/\/trampoolin.com\/en\/product\/liewood-solhatt-gorm-vandbar\/\" \/>\n<meta property=\"og:site_name\" content=\"Trampoolin Babysim och simskola\" \/>\n<meta property=\"article:publisher\" content=\"https:\/\/www.facebook.com\/Trampoolin\/\" \/>\n<meta property=\"article:modified_time\" content=\"2026-01-01T01:38:14+00:00\" \/>\n<meta property=\"og:image\" content=\"https:\/\/trampoolin.com\/wp-content\/uploads\/2024\/10\/Gorm_Reversible_Sun_Hat_With_Ears_LW17698_1991_Crab_Sandy_Pepppermint_1.png\" \/>\n\t<meta property=\"og:image:width\" content=\"2000\" \/>\n\t<meta property=\"og:image:height\" content=\"2000\" \/>\n\t<meta property=\"og:image:type\" content=\"image\/png\" \/>\n<meta name=\"twitter:card\" content=\"summary_large_image\" \/>\n<meta name=\"twitter:label1\" content=\"Est. reading time\" \/>\n\t<meta name=\"twitter:data1\" content=\"1 minute\" \/>\n<script type=\"application\/ld+json\" class=\"yoast-schema-graph\">{\"@context\":\"https:\/\/schema.org\",\"@graph\":[{\"@type\":\"WebPage\",\"@id\":\"https:\/\/trampoolin.com\/en\/product\/liewood-solhatt-gorm-vandbar\/\",\"url\":\"https:\/\/trampoolin.com\/en\/product\/liewood-solhatt-gorm-vandbar\/\",\"name\":\"Liewood Solhatt - Gorm V\u00e4ndbar - Trampoolin Babysim och simskola\",\"isPartOf\":{\"@id\":\"https:\/\/trampoolin.com\/en\/#website\"},\"primaryImageOfPage\":{\"@id\":\"https:\/\/trampoolin.com\/en\/product\/liewood-solhatt-gorm-vandbar\/#primaryimage\"},\"image\":{\"@id\":\"https:\/\/trampoolin.com\/en\/product\/liewood-solhatt-gorm-vandbar\/#primaryimage\"},\"thumbnailUrl\":\"https:\/\/trampoolin.com\/wp-content\/uploads\/2024\/10\/Gorm_Reversible_Sun_Hat_With_Ears_LW17698_1991_Crab_Sandy_Pepppermint_1.png\",\"datePublished\":\"2024-11-01T13:14:54+00:00\",\"dateModified\":\"2026-01-01T01:38:14+00:00\",\"breadcrumb\":{\"@id\":\"https:\/\/trampoolin.com\/en\/product\/liewood-solhatt-gorm-vandbar\/#breadcrumb\"},\"inLanguage\":\"en-US\",\"potentialAction\":[{\"@type\":\"ReadAction\",\"target\":[\"https:\/\/trampoolin.com\/en\/product\/liewood-solhatt-gorm-vandbar\/\"]}]},{\"@type\":\"ImageObject\",\"inLanguage\":\"en-US\",\"@id\":\"https:\/\/trampoolin.com\/en\/product\/liewood-solhatt-gorm-vandbar\/#primaryimage\",\"url\":\"https:\/\/trampoolin.com\/wp-content\/uploads\/2024\/10\/Gorm_Reversible_Sun_Hat_With_Ears_LW17698_1991_Crab_Sandy_Pepppermint_1.png\",\"contentUrl\":\"https:\/\/trampoolin.com\/wp-content\/uploads\/2024\/10\/Gorm_Reversible_Sun_Hat_With_Ears_LW17698_1991_Crab_Sandy_Pepppermint_1.png\",\"width\":2000,\"height\":2000},{\"@type\":\"BreadcrumbList\",\"@id\":\"https:\/\/trampoolin.com\/en\/product\/liewood-solhatt-gorm-vandbar\/#breadcrumb\",\"itemListElement\":[{\"@type\":\"ListItem\",\"position\":1,\"name\":\"Home\",\"item\":\"https:\/\/trampoolin.com\/en\/trampoolin\/\"},{\"@type\":\"ListItem\",\"position\":2,\"name\":\"Shop\",\"item\":\"https:\/\/trampoolin.com\/shop\/\"},{\"@type\":\"ListItem\",\"position\":3,\"name\":\"Liewood Solhatt &#8211; Gorm V\u00e4ndbar\"}]},{\"@type\":\"WebSite\",\"@id\":\"https:\/\/trampoolin.com\/en\/#website\",\"url\":\"https:\/\/trampoolin.com\/en\/\",\"name\":\"Trampoolin Babysim och simskola\",\"description\":\"Trampoolin Babysim och simskola\",\"publisher\":{\"@id\":\"https:\/\/trampoolin.com\/en\/#organization\"},\"potentialAction\":[{\"@type\":\"SearchAction\",\"target\":{\"@type\":\"EntryPoint\",\"urlTemplate\":\"https:\/\/trampoolin.com\/en\/?s={search_term_string}\"},\"query-input\":{\"@type\":\"PropertyValueSpecification\",\"valueRequired\":true,\"valueName\":\"search_term_string\"}}],\"inLanguage\":\"en-US\"},{\"@type\":\"Organization\",\"@id\":\"https:\/\/trampoolin.com\/en\/#organization\",\"name\":\"Trampoolin Babysim och simskola\",\"url\":\"https:\/\/trampoolin.com\/en\/\",\"logo\":{\"@type\":\"ImageObject\",\"inLanguage\":\"en-US\",\"@id\":\"https:\/\/trampoolin.com\/en\/#\/schema\/logo\/image\/\",\"url\":\"https:\/\/trampoolin.com\/wp-content\/uploads\/2022\/09\/logo-trampoolin-350x210-1.png\",\"contentUrl\":\"https:\/\/trampoolin.com\/wp-content\/uploads\/2022\/09\/logo-trampoolin-350x210-1.png\",\"width\":350,\"height\":210,\"caption\":\"Trampoolin Babysim och simskola\"},\"image\":{\"@id\":\"https:\/\/trampoolin.com\/en\/#\/schema\/logo\/image\/\"},\"sameAs\":[\"https:\/\/www.facebook.com\/Trampoolin\/\",\"https:\/\/www.youtube.com\/channel\/UCPVIDpA5f3iCryZodRueZZA\/\",\"https:\/\/www.instagram.com\/trampoolin\"]}]}<\/script>\n<!-- \/ Yoast SEO plugin. -->","yoast_head_json":{"title":"Liewood Solhatt - Gorm V\u00e4ndbar - Trampoolin Babysim och simskola","robots":{"index":"index","follow":"follow","max-snippet":"max-snippet:-1","max-image-preview":"max-image-preview:large","max-video-preview":"max-video-preview:-1"},"canonical":"https:\/\/trampoolin.com\/en\/product\/liewood-solhatt-gorm-vandbar\/","og_locale":"en_US","og_type":"article","og_title":"Liewood Solhatt - Gorm V\u00e4ndbar - Trampoolin Babysim och simskola","og_description":"Legion\u00e4rshatt fr\u00e5n Liewood  Vacker Liewood legion\u00e4rshatt med r\u00e4nder i vit och bl\u00e5. Den \u00e4r v\u00e4ndbar, och p\u00e5 insidan \u00e4r den enf\u00e4rgad bl\u00e5, och p\u00e5 toppen finns tv\u00e5 s\u00f6ta \u00f6ron.  Liewood legion\u00e4rm\u00f6ssan har en rund huvudform och ett insytt, justerbart sn\u00f6re\/sn\u00f6rning i nacken, vilket s\u00e4kerst\u00e4ller en bra passform. Framtill finns en smal sk\u00e4rm, och baktill finns en l\u00e5nghalsskugga, som skuggar de mest utsatta omr\u00e5dena i nacken.  Specifikation av: - 100% ekologisk bomull","og_url":"https:\/\/trampoolin.com\/en\/product\/liewood-solhatt-gorm-vandbar\/","og_site_name":"Trampoolin Babysim och simskola","article_publisher":"https:\/\/www.facebook.com\/Trampoolin\/","article_modified_time":"2026-01-01T01:38:14+00:00","og_image":[{"width":2000,"height":2000,"url":"https:\/\/trampoolin.com\/wp-content\/uploads\/2024\/10\/Gorm_Reversible_Sun_Hat_With_Ears_LW17698_1991_Crab_Sandy_Pepppermint_1.png","type":"image\/png"}],"twitter_card":"summary_large_image","twitter_misc":{"Est. reading time":"1 minute"},"schema":{"@context":"https:\/\/schema.org","@graph":[{"@type":"WebPage","@id":"https:\/\/trampoolin.com\/en\/product\/liewood-solhatt-gorm-vandbar\/","url":"https:\/\/trampoolin.com\/en\/product\/liewood-solhatt-gorm-vandbar\/","name":"Liewood Solhatt - Gorm V\u00e4ndbar - Trampoolin Babysim och simskola","isPartOf":{"@id":"https:\/\/trampoolin.com\/en\/#website"},"primaryImageOfPage":{"@id":"https:\/\/trampoolin.com\/en\/product\/liewood-solhatt-gorm-vandbar\/#primaryimage"},"image":{"@id":"https:\/\/trampoolin.com\/en\/product\/liewood-solhatt-gorm-vandbar\/#primaryimage"},"thumbnailUrl":"https:\/\/trampoolin.com\/wp-content\/uploads\/2024\/10\/Gorm_Reversible_Sun_Hat_With_Ears_LW17698_1991_Crab_Sandy_Pepppermint_1.png","datePublished":"2024-11-01T13:14:54+00:00","dateModified":"2026-01-01T01:38:14+00:00","breadcrumb":{"@id":"https:\/\/trampoolin.com\/en\/product\/liewood-solhatt-gorm-vandbar\/#breadcrumb"},"inLanguage":"en-US","potentialAction":[{"@type":"ReadAction","target":["https:\/\/trampoolin.com\/en\/product\/liewood-solhatt-gorm-vandbar\/"]}]},{"@type":"ImageObject","inLanguage":"en-US","@id":"https:\/\/trampoolin.com\/en\/product\/liewood-solhatt-gorm-vandbar\/#primaryimage","url":"https:\/\/trampoolin.com\/wp-content\/uploads\/2024\/10\/Gorm_Reversible_Sun_Hat_With_Ears_LW17698_1991_Crab_Sandy_Pepppermint_1.png","contentUrl":"https:\/\/trampoolin.com\/wp-content\/uploads\/2024\/10\/Gorm_Reversible_Sun_Hat_With_Ears_LW17698_1991_Crab_Sandy_Pepppermint_1.png","width":2000,"height":2000},{"@type":"BreadcrumbList","@id":"https:\/\/trampoolin.com\/en\/product\/liewood-solhatt-gorm-vandbar\/#breadcrumb","itemListElement":[{"@type":"ListItem","position":1,"name":"Home","item":"https:\/\/trampoolin.com\/en\/trampoolin\/"},{"@type":"ListItem","position":2,"name":"Shop","item":"https:\/\/trampoolin.com\/shop\/"},{"@type":"ListItem","position":3,"name":"Liewood Solhatt &#8211; Gorm V\u00e4ndbar"}]},{"@type":"WebSite","@id":"https:\/\/trampoolin.com\/en\/#website","url":"https:\/\/trampoolin.com\/en\/","name":"Trampoolin Babysim och simskola","description":"Trampoolin Babysim och simskola","publisher":{"@id":"https:\/\/trampoolin.com\/en\/#organization"},"potentialAction":[{"@type":"SearchAction","target":{"@type":"EntryPoint","urlTemplate":"https:\/\/trampoolin.com\/en\/?s={search_term_string}"},"query-input":{"@type":"PropertyValueSpecification","valueRequired":true,"valueName":"search_term_string"}}],"inLanguage":"en-US"},{"@type":"Organization","@id":"https:\/\/trampoolin.com\/en\/#organization","name":"Trampoolin Babysim och simskola","url":"https:\/\/trampoolin.com\/en\/","logo":{"@type":"ImageObject","inLanguage":"en-US","@id":"https:\/\/trampoolin.com\/en\/#\/schema\/logo\/image\/","url":"https:\/\/trampoolin.com\/wp-content\/uploads\/2022\/09\/logo-trampoolin-350x210-1.png","contentUrl":"https:\/\/trampoolin.com\/wp-content\/uploads\/2022\/09\/logo-trampoolin-350x210-1.png","width":350,"height":210,"caption":"Trampoolin Babysim och simskola"},"image":{"@id":"https:\/\/trampoolin.com\/en\/#\/schema\/logo\/image\/"},"sameAs":["https:\/\/www.facebook.com\/Trampoolin\/","https:\/\/www.youtube.com\/channel\/UCPVIDpA5f3iCryZodRueZZA\/","https:\/\/www.instagram.com\/trampoolin"]}]}},"_links":{"self":[{"href":"https:\/\/trampoolin.com\/en\/wp-json\/wp\/v2\/product\/10233","targetHints":{"allow":["GET"]}}],"collection":[{"href":"https:\/\/trampoolin.com\/en\/wp-json\/wp\/v2\/product"}],"about":[{"href":"https:\/\/trampoolin.com\/en\/wp-json\/wp\/v2\/types\/product"}],"wp:featuredmedia":[{"embeddable":true,"href":"https:\/\/trampoolin.com\/en\/wp-json\/wp\/v2\/media\/9647"}],"wp:attachment":[{"href":"https:\/\/trampoolin.com\/en\/wp-json\/wp\/v2\/media?parent=10233"}],"wp:term":[{"taxonomy":"product_brand","embeddable":true,"href":"https:\/\/trampoolin.com\/en\/wp-json\/wp\/v2\/product_brand?post=10233"},{"taxonomy":"product_cat","embeddable":true,"href":"https:\/\/trampoolin.com\/en\/wp-json\/wp\/v2\/product_cat?post=10233"},{"taxonomy":"product_tag","embeddable":true,"href":"https:\/\/trampoolin.com\/en\/wp-json\/wp\/v2\/product_tag?post=10233"}],"curies":[{"name":"wp","href":"https:\/\/api.w.org\/{rel}","templated":true}]}}