{"id":10230,"date":"2024-10-31T18:24:10","date_gmt":"2024-10-31T17:24:10","guid":{"rendered":"https:\/\/trampoolin.com\/?post_type=product&#038;p=10230"},"modified":"2025-04-22T00:00:33","modified_gmt":"2025-04-21T22:00:33","slug":"armpuffar-strooem","status":"publish","type":"product","link":"https:\/\/trampoolin.com\/en\/product\/armpuffar-strooem\/","title":{"rendered":"Armpuffar Strooem"},"content":{"rendered":"<p>Armpuffar i punkteringss\u00e4ker modell. Gr\u00f6n\/orange f\u00e4rg. Hela armkudden \u00e4r fylld med foam och bl\u00e5ses inte upp. B\u00e5de in och utsidan har samma material. Mjuk f\u00f6ljsam och sk\u00f6n emot huden. Inn\u00e5tv\u00e4nda s\u00f6mmar ger maximal komfort och minskar skavs\u00e5rsrisken. Knalliga f\u00e4rger f\u00f6r h\u00f6g synlighet i b\u00e5de m\u00f6rka och ljusa vatten. Smart milj\u00f6val eftersom armkudden kan \u00e4rvas eller s\u00e4ljas vidare.<\/p>\n<p>Storlek 0-2 \u00e5r passar till en arm som har omkretsm\u00e5tt max 23 cm. 11-15 kg<\/p>\n<p>Storlek 2-6 \u00e5r passar till en arm som har omkrettsm\u00e5tt max 26 cm. 15-30 kg<\/p>\n<p>Levereras i \u00e5teranv\u00e4ndbar n\u00e4tp\u00e5se.<\/p>\n<p>M\u00e4rke: Strooem<\/p>\n","protected":false},"excerpt":{"rendered":"<p>Armpuffar i punkteringss\u00e4ker modell. Gr\u00f6n\/orang f\u00e4rg. Hela armkudden \u00e4r fylld med foam och bl\u00e5ses inte upp. B\u00e5de in och utsidan har samma material. Mjuk f\u00f6ljsam och sk\u00f6n emot huden. Inn\u00e5tv\u00e4nda s\u00f6mmar ger maximal komfort och minskar skavs\u00e5rsrisken. Knalliga f\u00e4rger f\u00f6r h\u00f6g synlighet i b\u00e5de\u00a0m\u00f6rka och ljusa vatten. Smart milj\u00f6val eftersom armkudden kan \u00e4rvas eller s\u00e4ljas vidare.<\/p>\n<p>Storlek 0-2 \u00e5r passar till en arm som har omkretsm\u00e5tt max 23 cm. 11-15 kg<\/p>\n<p>Storlek 2-6 \u00e5r passar till en arm som har omkrettsm\u00e5tt max 26 cm. 15-30 kg<\/p>\n<p>Levereras i \u00e5teranv\u00e4ndbar n\u00e4tp\u00e5se.<\/p>\n<p>M\u00e4rke: Strooem<\/p>\n","protected":false},"featured_media":10156,"template":"","meta":[],"product_brand":[],"product_cat":[106],"product_tag":[],"class_list":{"0":"post-10230","1":"product","2":"type-product","3":"status-publish","4":"has-post-thumbnail","6":"product_cat-simhjalpmedel","8":"first","9":"instock","10":"taxable","11":"shipping-taxable","12":"purchasable","13":"product-type-variable"},"yoast_head":"<!-- This site is optimized with the Yoast SEO plugin v27.2 - https:\/\/yoast.com\/product\/yoast-seo-wordpress\/ -->\n<title>Armpuffar Strooem - Trampoolin Babysim och simskola<\/title>\n<meta name=\"robots\" content=\"index, follow, max-snippet:-1, max-image-preview:large, max-video-preview:-1\" \/>\n<link rel=\"canonical\" href=\"https:\/\/trampoolin.com\/en\/product\/armpuffar-strooem\/\" \/>\n<meta property=\"og:locale\" content=\"en_US\" \/>\n<meta property=\"og:type\" content=\"article\" \/>\n<meta property=\"og:title\" content=\"Armpuffar Strooem - Trampoolin Babysim och simskola\" \/>\n<meta property=\"og:description\" content=\"Armpuffar i punkteringss\u00e4ker modell. Gr\u00f6n\/orang f\u00e4rg. Hela armkudden \u00e4r fylld med foam och bl\u00e5ses inte upp. B\u00e5de in och utsidan har samma material. Mjuk f\u00f6ljsam och sk\u00f6n emot huden. Inn\u00e5tv\u00e4nda s\u00f6mmar ger maximal komfort och minskar skavs\u00e5rsrisken. Knalliga f\u00e4rger f\u00f6r h\u00f6g synlighet i b\u00e5de\u00a0m\u00f6rka och ljusa vatten. Smart milj\u00f6val eftersom armkudden kan \u00e4rvas eller s\u00e4ljas vidare.  Storlek 0-2 \u00e5r passar till en arm som har omkretsm\u00e5tt max 23 cm. 11-15 kg  Storlek 2-6 \u00e5r passar till en arm som har omkrettsm\u00e5tt max 26 cm. 15-30 kg  Levereras i \u00e5teranv\u00e4ndbar n\u00e4tp\u00e5se.  M\u00e4rke: Strooem\" \/>\n<meta property=\"og:url\" content=\"https:\/\/trampoolin.com\/en\/product\/armpuffar-strooem\/\" \/>\n<meta property=\"og:site_name\" content=\"Trampoolin Babysim och simskola\" \/>\n<meta property=\"article:publisher\" content=\"https:\/\/www.facebook.com\/Trampoolin\/\" \/>\n<meta property=\"article:modified_time\" content=\"2025-04-21T22:00:33+00:00\" \/>\n<meta property=\"og:image\" content=\"https:\/\/trampoolin.com\/wp-content\/uploads\/2024\/10\/SoftiesFoam-200321-Lifestyle-1.jpg\" \/>\n\t<meta property=\"og:image:width\" content=\"1180\" \/>\n\t<meta property=\"og:image:height\" content=\"1572\" \/>\n\t<meta property=\"og:image:type\" content=\"image\/jpeg\" \/>\n<meta name=\"twitter:card\" content=\"summary_large_image\" \/>\n<meta name=\"twitter:label1\" content=\"Est. reading time\" \/>\n\t<meta name=\"twitter:data1\" content=\"1 minute\" \/>\n<script type=\"application\/ld+json\" class=\"yoast-schema-graph\">{\"@context\":\"https:\/\/schema.org\",\"@graph\":[{\"@type\":\"WebPage\",\"@id\":\"https:\/\/trampoolin.com\/en\/product\/armpuffar-strooem\/\",\"url\":\"https:\/\/trampoolin.com\/en\/product\/armpuffar-strooem\/\",\"name\":\"Armpuffar Strooem - Trampoolin Babysim och simskola\",\"isPartOf\":{\"@id\":\"https:\/\/trampoolin.com\/en\/#website\"},\"primaryImageOfPage\":{\"@id\":\"https:\/\/trampoolin.com\/en\/product\/armpuffar-strooem\/#primaryimage\"},\"image\":{\"@id\":\"https:\/\/trampoolin.com\/en\/product\/armpuffar-strooem\/#primaryimage\"},\"thumbnailUrl\":\"https:\/\/trampoolin.com\/wp-content\/uploads\/2024\/10\/SoftiesFoam-200321-Lifestyle-1.jpg\",\"datePublished\":\"2024-10-31T17:24:10+00:00\",\"dateModified\":\"2025-04-21T22:00:33+00:00\",\"breadcrumb\":{\"@id\":\"https:\/\/trampoolin.com\/en\/product\/armpuffar-strooem\/#breadcrumb\"},\"inLanguage\":\"en-US\",\"potentialAction\":[{\"@type\":\"ReadAction\",\"target\":[\"https:\/\/trampoolin.com\/en\/product\/armpuffar-strooem\/\"]}]},{\"@type\":\"ImageObject\",\"inLanguage\":\"en-US\",\"@id\":\"https:\/\/trampoolin.com\/en\/product\/armpuffar-strooem\/#primaryimage\",\"url\":\"https:\/\/trampoolin.com\/wp-content\/uploads\/2024\/10\/SoftiesFoam-200321-Lifestyle-1.jpg\",\"contentUrl\":\"https:\/\/trampoolin.com\/wp-content\/uploads\/2024\/10\/SoftiesFoam-200321-Lifestyle-1.jpg\",\"width\":1180,\"height\":1572},{\"@type\":\"BreadcrumbList\",\"@id\":\"https:\/\/trampoolin.com\/en\/product\/armpuffar-strooem\/#breadcrumb\",\"itemListElement\":[{\"@type\":\"ListItem\",\"position\":1,\"name\":\"Home\",\"item\":\"https:\/\/trampoolin.com\/en\/trampoolin\/\"},{\"@type\":\"ListItem\",\"position\":2,\"name\":\"Shop\",\"item\":\"https:\/\/trampoolin.com\/shop\/\"},{\"@type\":\"ListItem\",\"position\":3,\"name\":\"Armpuffar Strooem\"}]},{\"@type\":\"WebSite\",\"@id\":\"https:\/\/trampoolin.com\/en\/#website\",\"url\":\"https:\/\/trampoolin.com\/en\/\",\"name\":\"Trampoolin Babysim och simskola\",\"description\":\"Trampoolin Babysim och simskola\",\"publisher\":{\"@id\":\"https:\/\/trampoolin.com\/en\/#organization\"},\"potentialAction\":[{\"@type\":\"SearchAction\",\"target\":{\"@type\":\"EntryPoint\",\"urlTemplate\":\"https:\/\/trampoolin.com\/en\/?s={search_term_string}\"},\"query-input\":{\"@type\":\"PropertyValueSpecification\",\"valueRequired\":true,\"valueName\":\"search_term_string\"}}],\"inLanguage\":\"en-US\"},{\"@type\":\"Organization\",\"@id\":\"https:\/\/trampoolin.com\/en\/#organization\",\"name\":\"Trampoolin Babysim och simskola\",\"url\":\"https:\/\/trampoolin.com\/en\/\",\"logo\":{\"@type\":\"ImageObject\",\"inLanguage\":\"en-US\",\"@id\":\"https:\/\/trampoolin.com\/en\/#\/schema\/logo\/image\/\",\"url\":\"https:\/\/trampoolin.com\/wp-content\/uploads\/2022\/09\/logo-trampoolin-350x210-1.png\",\"contentUrl\":\"https:\/\/trampoolin.com\/wp-content\/uploads\/2022\/09\/logo-trampoolin-350x210-1.png\",\"width\":350,\"height\":210,\"caption\":\"Trampoolin Babysim och simskola\"},\"image\":{\"@id\":\"https:\/\/trampoolin.com\/en\/#\/schema\/logo\/image\/\"},\"sameAs\":[\"https:\/\/www.facebook.com\/Trampoolin\/\",\"https:\/\/www.youtube.com\/channel\/UCPVIDpA5f3iCryZodRueZZA\/\",\"https:\/\/www.instagram.com\/trampoolin\"]}]}<\/script>\n<!-- \/ Yoast SEO plugin. -->","yoast_head_json":{"title":"Armpuffar Strooem - Trampoolin Babysim och simskola","robots":{"index":"index","follow":"follow","max-snippet":"max-snippet:-1","max-image-preview":"max-image-preview:large","max-video-preview":"max-video-preview:-1"},"canonical":"https:\/\/trampoolin.com\/en\/product\/armpuffar-strooem\/","og_locale":"en_US","og_type":"article","og_title":"Armpuffar Strooem - Trampoolin Babysim och simskola","og_description":"Armpuffar i punkteringss\u00e4ker modell. Gr\u00f6n\/orang f\u00e4rg. Hela armkudden \u00e4r fylld med foam och bl\u00e5ses inte upp. B\u00e5de in och utsidan har samma material. Mjuk f\u00f6ljsam och sk\u00f6n emot huden. Inn\u00e5tv\u00e4nda s\u00f6mmar ger maximal komfort och minskar skavs\u00e5rsrisken. Knalliga f\u00e4rger f\u00f6r h\u00f6g synlighet i b\u00e5de\u00a0m\u00f6rka och ljusa vatten. Smart milj\u00f6val eftersom armkudden kan \u00e4rvas eller s\u00e4ljas vidare.  Storlek 0-2 \u00e5r passar till en arm som har omkretsm\u00e5tt max 23 cm. 11-15 kg  Storlek 2-6 \u00e5r passar till en arm som har omkrettsm\u00e5tt max 26 cm. 15-30 kg  Levereras i \u00e5teranv\u00e4ndbar n\u00e4tp\u00e5se.  M\u00e4rke: Strooem","og_url":"https:\/\/trampoolin.com\/en\/product\/armpuffar-strooem\/","og_site_name":"Trampoolin Babysim och simskola","article_publisher":"https:\/\/www.facebook.com\/Trampoolin\/","article_modified_time":"2025-04-21T22:00:33+00:00","og_image":[{"width":1180,"height":1572,"url":"https:\/\/trampoolin.com\/wp-content\/uploads\/2024\/10\/SoftiesFoam-200321-Lifestyle-1.jpg","type":"image\/jpeg"}],"twitter_card":"summary_large_image","twitter_misc":{"Est. reading time":"1 minute"},"schema":{"@context":"https:\/\/schema.org","@graph":[{"@type":"WebPage","@id":"https:\/\/trampoolin.com\/en\/product\/armpuffar-strooem\/","url":"https:\/\/trampoolin.com\/en\/product\/armpuffar-strooem\/","name":"Armpuffar Strooem - Trampoolin Babysim och simskola","isPartOf":{"@id":"https:\/\/trampoolin.com\/en\/#website"},"primaryImageOfPage":{"@id":"https:\/\/trampoolin.com\/en\/product\/armpuffar-strooem\/#primaryimage"},"image":{"@id":"https:\/\/trampoolin.com\/en\/product\/armpuffar-strooem\/#primaryimage"},"thumbnailUrl":"https:\/\/trampoolin.com\/wp-content\/uploads\/2024\/10\/SoftiesFoam-200321-Lifestyle-1.jpg","datePublished":"2024-10-31T17:24:10+00:00","dateModified":"2025-04-21T22:00:33+00:00","breadcrumb":{"@id":"https:\/\/trampoolin.com\/en\/product\/armpuffar-strooem\/#breadcrumb"},"inLanguage":"en-US","potentialAction":[{"@type":"ReadAction","target":["https:\/\/trampoolin.com\/en\/product\/armpuffar-strooem\/"]}]},{"@type":"ImageObject","inLanguage":"en-US","@id":"https:\/\/trampoolin.com\/en\/product\/armpuffar-strooem\/#primaryimage","url":"https:\/\/trampoolin.com\/wp-content\/uploads\/2024\/10\/SoftiesFoam-200321-Lifestyle-1.jpg","contentUrl":"https:\/\/trampoolin.com\/wp-content\/uploads\/2024\/10\/SoftiesFoam-200321-Lifestyle-1.jpg","width":1180,"height":1572},{"@type":"BreadcrumbList","@id":"https:\/\/trampoolin.com\/en\/product\/armpuffar-strooem\/#breadcrumb","itemListElement":[{"@type":"ListItem","position":1,"name":"Home","item":"https:\/\/trampoolin.com\/en\/trampoolin\/"},{"@type":"ListItem","position":2,"name":"Shop","item":"https:\/\/trampoolin.com\/shop\/"},{"@type":"ListItem","position":3,"name":"Armpuffar Strooem"}]},{"@type":"WebSite","@id":"https:\/\/trampoolin.com\/en\/#website","url":"https:\/\/trampoolin.com\/en\/","name":"Trampoolin Babysim och simskola","description":"Trampoolin Babysim och simskola","publisher":{"@id":"https:\/\/trampoolin.com\/en\/#organization"},"potentialAction":[{"@type":"SearchAction","target":{"@type":"EntryPoint","urlTemplate":"https:\/\/trampoolin.com\/en\/?s={search_term_string}"},"query-input":{"@type":"PropertyValueSpecification","valueRequired":true,"valueName":"search_term_string"}}],"inLanguage":"en-US"},{"@type":"Organization","@id":"https:\/\/trampoolin.com\/en\/#organization","name":"Trampoolin Babysim och simskola","url":"https:\/\/trampoolin.com\/en\/","logo":{"@type":"ImageObject","inLanguage":"en-US","@id":"https:\/\/trampoolin.com\/en\/#\/schema\/logo\/image\/","url":"https:\/\/trampoolin.com\/wp-content\/uploads\/2022\/09\/logo-trampoolin-350x210-1.png","contentUrl":"https:\/\/trampoolin.com\/wp-content\/uploads\/2022\/09\/logo-trampoolin-350x210-1.png","width":350,"height":210,"caption":"Trampoolin Babysim och simskola"},"image":{"@id":"https:\/\/trampoolin.com\/en\/#\/schema\/logo\/image\/"},"sameAs":["https:\/\/www.facebook.com\/Trampoolin\/","https:\/\/www.youtube.com\/channel\/UCPVIDpA5f3iCryZodRueZZA\/","https:\/\/www.instagram.com\/trampoolin"]}]}},"_links":{"self":[{"href":"https:\/\/trampoolin.com\/en\/wp-json\/wp\/v2\/product\/10230","targetHints":{"allow":["GET"]}}],"collection":[{"href":"https:\/\/trampoolin.com\/en\/wp-json\/wp\/v2\/product"}],"about":[{"href":"https:\/\/trampoolin.com\/en\/wp-json\/wp\/v2\/types\/product"}],"wp:featuredmedia":[{"embeddable":true,"href":"https:\/\/trampoolin.com\/en\/wp-json\/wp\/v2\/media\/10156"}],"wp:attachment":[{"href":"https:\/\/trampoolin.com\/en\/wp-json\/wp\/v2\/media?parent=10230"}],"wp:term":[{"taxonomy":"product_brand","embeddable":true,"href":"https:\/\/trampoolin.com\/en\/wp-json\/wp\/v2\/product_brand?post=10230"},{"taxonomy":"product_cat","embeddable":true,"href":"https:\/\/trampoolin.com\/en\/wp-json\/wp\/v2\/product_cat?post=10230"},{"taxonomy":"product_tag","embeddable":true,"href":"https:\/\/trampoolin.com\/en\/wp-json\/wp\/v2\/product_tag?post=10230"}],"curies":[{"name":"wp","href":"https:\/\/api.w.org\/{rel}","templated":true}]}}