{"id":4672,"date":"2022-11-28T22:33:08","date_gmt":"2022-11-28T21:33:08","guid":{"rendered":"https:\/\/trampoolin.com\/pools-skane\/"},"modified":"2023-02-10T11:01:29","modified_gmt":"2023-02-10T10:01:29","slug":"pools-skane","status":"publish","type":"page","link":"https:\/\/trampoolin.com\/en\/pools-skane\/","title":{"rendered":"Swimming pools Sk\u00e5ne"},"content":{"rendered":"<p><div class=\"fusion-fullwidth fullwidth-box fusion-builder-row-1 fusion-flex-container has-pattern-background has-mask-background fusion-parallax-none hundred-percent-fullwidth non-hundred-percent-height-scrolling lazyload\" style=\"--awb-border-radius-top-left:0px;--awb-border-radius-top-right:0px;--awb-border-radius-bottom-right:0px;--awb-border-radius-bottom-left:0px;--awb-min-height:85vh;--awb-background-size:cover;--awb-flex-wrap:wrap;\" data-bg=\"https:\/\/trampoolin.com\/wp-content\/uploads\/2022\/10\/1920x1280-trampoolin-simskola-13.jpg\" ><div class=\"fusion-builder-row fusion-row fusion-flex-align-items-flex-end fusion-flex-align-content-flex-start fusion-flex-justify-content-center fusion-flex-content-wrap\" style=\"width:104% !important;max-width:104% !important;margin-left: calc(-4% \/ 2 );margin-right: calc(-4% \/ 2 );\"><div class=\"fusion-layout-column fusion_builder_column fusion-builder-column-0 fusion_builder_column_1_1 1_1 fusion-flex-column\" style=\"--awb-padding-top:120px;--awb-bg-size:cover;--awb-width-large:100%;--awb-margin-top-large:10px;--awb-spacing-right-large:1.92%;--awb-margin-bottom-large:10px;--awb-spacing-left-large:1.92%;--awb-width-medium:100%;--awb-order-medium:0;--awb-spacing-right-medium:1.92%;--awb-spacing-left-medium:1.92%;--awb-width-small:100%;--awb-order-small:0;--awb-spacing-right-small:1.92%;--awb-spacing-left-small:1.92%;\"><div class=\"fusion-column-wrapper fusion-column-has-shadow fusion-flex-justify-content-flex-start fusion-content-layout-column\"><div class=\"fusion-title title fusion-title-1 fusion-sep-none fusion-title-center fusion-title-text fusion-title-size-one\" style=\"--awb-margin-top-small:10px;--awb-margin-right-small:0px;--awb-margin-bottom-small:20px;--awb-margin-left-small:0px;\"><h1 class=\"fusion-title-heading title-heading-center fusion-responsive-typography-calculated\" style=\"margin:0;--fontSize:52;line-height:var(--awb-typography1-line-height);\">Swimming pools Sk\u00e5ne<\/h1><\/div><\/div><\/div><\/div><\/div><div class=\"fusion-fullwidth fullwidth-box fusion-builder-row-2 fusion-flex-container has-pattern-background has-mask-background nonhundred-percent-fullwidth non-hundred-percent-height-scrolling\" style=\"--awb-border-radius-top-left:0px;--awb-border-radius-top-right:0px;--awb-border-radius-bottom-right:0px;--awb-border-radius-bottom-left:0px;--awb-background-color:var(--awb-custom_color_9);--awb-flex-wrap:wrap;\" ><div class=\"fusion-builder-row fusion-row fusion-flex-align-items-flex-start fusion-flex-content-wrap\" style=\"max-width:1331.2px;margin-left: calc(-4% \/ 2 );margin-right: calc(-4% \/ 2 );\"><div class=\"fusion-layout-column fusion_builder_column fusion-builder-column-1 fusion_builder_column_1_2 1_2 fusion-flex-column\" style=\"--awb-bg-size:cover;--awb-width-large:50%;--awb-margin-top-large:10px;--awb-spacing-right-large:3.84%;--awb-margin-bottom-large:10px;--awb-spacing-left-large:3.84%;--awb-width-medium:100%;--awb-order-medium:0;--awb-spacing-right-medium:1.92%;--awb-spacing-left-medium:1.92%;--awb-width-small:100%;--awb-order-small:0;--awb-spacing-right-small:1.92%;--awb-spacing-left-small:1.92%;\"><div class=\"fusion-column-wrapper fusion-column-has-shadow fusion-flex-justify-content-flex-start fusion-content-layout-column\"><div class=\"fusion-title title fusion-title-2 fusion-sep-none fusion-title-text fusion-title-size-two\" style=\"--awb-margin-top-small:10px;--awb-margin-right-small:0px;--awb-margin-bottom-small:20px;--awb-margin-left-small:0px;\"><h2 class=\"fusion-title-heading title-heading-left fusion-responsive-typography-calculated\" style=\"margin:0;--fontSize:42;line-height:var(--awb-typography1-line-height);\">Helsingborg, Actic Simhallsbadet<\/h2><\/div><div class=\"fusion-text fusion-text-1\"><p>In this pool we have groups in swimming lessons and swimming school for beginners from 4 years and up.<\/p>\n<\/div><div class=\"fusion-separator fusion-full-width-sep\" style=\"align-self: center;margin-left: auto;margin-right: auto;margin-top:20px;width:100%;\"><\/div><div style=\"text-align:center;\"><a class=\"fusion-button button-flat fusion-button-default-size button-default fusion-button-default button-1 fusion-button-default-span fusion-button-default-type\" target=\"_self\" href=\"https:\/\/trampoolin.com\/simskola-helsingborg-actic\/\"><span class=\"fusion-button-text awb-button__text awb-button__text--default\">See range of courses<\/span><\/a><\/div><\/div><\/div><div class=\"fusion-layout-column fusion_builder_column fusion-builder-column-2 fusion_builder_column_1_2 1_2 fusion-flex-column\" style=\"--awb-bg-size:cover;--awb-width-large:50%;--awb-margin-top-large:10px;--awb-spacing-right-large:3.84%;--awb-margin-bottom-large:10px;--awb-spacing-left-large:3.84%;--awb-width-medium:100%;--awb-order-medium:0;--awb-spacing-right-medium:1.92%;--awb-spacing-left-medium:1.92%;--awb-width-small:100%;--awb-order-small:0;--awb-spacing-right-small:1.92%;--awb-spacing-left-small:1.92%;\"><div class=\"fusion-column-wrapper fusion-column-has-shadow fusion-flex-justify-content-flex-start fusion-content-layout-column\"><div class=\"fusion-image-element \" style=\"text-align:center;--awb-caption-title-font-family:var(--h2_typography-font-family);--awb-caption-title-font-weight:var(--h2_typography-font-weight);--awb-caption-title-font-style:var(--h2_typography-font-style);--awb-caption-title-size:var(--h2_typography-font-size);--awb-caption-title-transform:var(--h2_typography-text-transform);--awb-caption-title-line-height:var(--h2_typography-line-height);--awb-caption-title-letter-spacing:var(--h2_typography-letter-spacing);\"><span class=\" fusion-imageframe imageframe-none imageframe-1 hover-type-none\"><img decoding=\"async\" width=\"1024\" height=\"683\" src=\"https:\/\/trampoolin.com\/wp-content\/uploads\/2022\/12\/bassang_simhallsbadet-1024x683-1.jpg\" data-orig-src=\"https:\/\/trampoolin.com\/wp-content\/uploads\/2022\/12\/bassang_simhallsbadet-1024x683-1.jpg\" alt class=\"lazyload img-responsive wp-image-4441\" srcset=\"data:image\/svg+xml,%3Csvg%20xmlns%3D%27http%3A%2F%2Fwww.w3.org%2F2000%2Fsvg%27%20width%3D%271024%27%20height%3D%27683%27%20viewBox%3D%270%200%201024%20683%27%3E%3Crect%20width%3D%271024%27%20height%3D%27683%27%20fill-opacity%3D%220%22%2F%3E%3C%2Fsvg%3E\" data-srcset=\"https:\/\/trampoolin.com\/wp-content\/uploads\/2022\/12\/bassang_simhallsbadet-1024x683-1-200x133.jpg 200w, https:\/\/trampoolin.com\/wp-content\/uploads\/2022\/12\/bassang_simhallsbadet-1024x683-1-400x267.jpg 400w, https:\/\/trampoolin.com\/wp-content\/uploads\/2022\/12\/bassang_simhallsbadet-1024x683-1-600x400.jpg 600w, https:\/\/trampoolin.com\/wp-content\/uploads\/2022\/12\/bassang_simhallsbadet-1024x683-1-800x534.jpg 800w, https:\/\/trampoolin.com\/wp-content\/uploads\/2022\/12\/bassang_simhallsbadet-1024x683-1.jpg 1024w\" data-sizes=\"auto\" data-orig-sizes=\"(max-width: 1024px) 100vw, (max-width: 640px) 100vw, 800px\" \/><\/span><\/div><\/div><\/div><\/div><\/div><div class=\"fusion-fullwidth fullwidth-box fusion-builder-row-3 fusion-flex-container has-pattern-background has-mask-background nonhundred-percent-fullwidth non-hundred-percent-height-scrolling\" style=\"--awb-border-radius-top-left:0px;--awb-border-radius-top-right:0px;--awb-border-radius-bottom-right:0px;--awb-border-radius-bottom-left:0px;--awb-background-color:var(--awb-color2);--awb-flex-wrap:wrap;\" ><div class=\"fusion-builder-row fusion-row fusion-flex-align-items-flex-start fusion-flex-content-wrap\" style=\"max-width:1331.2px;margin-left: calc(-4% \/ 2 );margin-right: calc(-4% \/ 2 );\"><div class=\"fusion-layout-column fusion_builder_column fusion-builder-column-3 fusion_builder_column_1_2 1_2 fusion-flex-column\" style=\"--awb-bg-size:cover;--awb-width-large:50%;--awb-margin-top-large:10px;--awb-spacing-right-large:3.84%;--awb-margin-bottom-large:10px;--awb-spacing-left-large:3.84%;--awb-width-medium:100%;--awb-order-medium:0;--awb-spacing-right-medium:1.92%;--awb-spacing-left-medium:1.92%;--awb-width-small:100%;--awb-order-small:0;--awb-spacing-right-small:1.92%;--awb-spacing-left-small:1.92%;\"><div class=\"fusion-column-wrapper fusion-column-has-shadow fusion-flex-justify-content-flex-start fusion-content-layout-column\"><div class=\"fusion-image-element \" style=\"text-align:center;--awb-caption-title-font-family:var(--h2_typography-font-family);--awb-caption-title-font-weight:var(--h2_typography-font-weight);--awb-caption-title-font-style:var(--h2_typography-font-style);--awb-caption-title-size:var(--h2_typography-font-size);--awb-caption-title-transform:var(--h2_typography-text-transform);--awb-caption-title-line-height:var(--h2_typography-line-height);--awb-caption-title-letter-spacing:var(--h2_typography-letter-spacing);\"><span class=\" fusion-imageframe imageframe-none imageframe-2 hover-type-none\"><img decoding=\"async\" width=\"720\" height=\"201\" src=\"https:\/\/trampoolin.com\/wp-content\/uploads\/2022\/10\/bassang-malmo-friskissvettis-720x201-1.jpg\" data-orig-src=\"https:\/\/trampoolin.com\/wp-content\/uploads\/2022\/10\/bassang-malmo-friskissvettis-720x201-1.jpg\" alt class=\"lazyload img-responsive wp-image-4323\" srcset=\"data:image\/svg+xml,%3Csvg%20xmlns%3D%27http%3A%2F%2Fwww.w3.org%2F2000%2Fsvg%27%20width%3D%27720%27%20height%3D%27201%27%20viewBox%3D%270%200%20720%20201%27%3E%3Crect%20width%3D%27720%27%20height%3D%27201%27%20fill-opacity%3D%220%22%2F%3E%3C%2Fsvg%3E\" data-srcset=\"https:\/\/trampoolin.com\/wp-content\/uploads\/2022\/10\/bassang-malmo-friskissvettis-720x201-1-200x56.jpg 200w, https:\/\/trampoolin.com\/wp-content\/uploads\/2022\/10\/bassang-malmo-friskissvettis-720x201-1-400x112.jpg 400w, https:\/\/trampoolin.com\/wp-content\/uploads\/2022\/10\/bassang-malmo-friskissvettis-720x201-1-600x168.jpg 600w, https:\/\/trampoolin.com\/wp-content\/uploads\/2022\/10\/bassang-malmo-friskissvettis-720x201-1.jpg 720w\" data-sizes=\"auto\" data-orig-sizes=\"(max-width: 1024px) 100vw, (max-width: 640px) 100vw, 720px\" \/><\/span><\/div><\/div><\/div><div class=\"fusion-layout-column fusion_builder_column fusion-builder-column-4 fusion_builder_column_1_2 1_2 fusion-flex-column\" style=\"--awb-bg-size:cover;--awb-width-large:50%;--awb-margin-top-large:10px;--awb-spacing-right-large:3.84%;--awb-margin-bottom-large:10px;--awb-spacing-left-large:3.84%;--awb-width-medium:100%;--awb-order-medium:0;--awb-spacing-right-medium:1.92%;--awb-spacing-left-medium:1.92%;--awb-width-small:100%;--awb-order-small:0;--awb-spacing-right-small:1.92%;--awb-spacing-left-small:1.92%;\"><div class=\"fusion-column-wrapper fusion-column-has-shadow fusion-flex-justify-content-flex-start fusion-content-layout-column\"><div class=\"fusion-title title fusion-title-3 fusion-sep-none fusion-title-text fusion-title-size-two\" style=\"--awb-margin-top-small:10px;--awb-margin-right-small:0px;--awb-margin-bottom-small:20px;--awb-margin-left-small:0px;\"><h2 class=\"fusion-title-heading title-heading-left fusion-responsive-typography-calculated\" style=\"margin:0;--fontSize:42;line-height:var(--awb-typography1-line-height);\">Malm\u00f6, Friskis &amp; Svettis Parkm\u00f6llan<\/h2><\/div><div class=\"fusion-text fusion-text-2\"><p>Friskis &amp; Svettis Parkm\u00f6llan, has a lovely large pool where we have toddler swimming and swimming school groups. The pool is 12.5 * 6 metres and maintains a temperature of 32 degrees. There is also a caf\u00e9 if you want a snack after swimming.<\/p>\n<\/div><div class=\"fusion-separator fusion-full-width-sep\" style=\"align-self: center;margin-left: auto;margin-right: auto;margin-top:20px;width:100%;\"><\/div><div style=\"text-align:center;\"><a class=\"fusion-button button-flat fusion-button-default-size button-default fusion-button-default button-2 fusion-button-default-span fusion-button-default-type\" target=\"_self\" href=\"https:\/\/trampoolin.com\/en\/?page_id=4533\"><span class=\"fusion-button-text awb-button__text awb-button__text--default\">See range of courses<\/span><\/a><\/div><\/div><\/div><\/div><\/div><\/p>\n","protected":false},"excerpt":{"rendered":"","protected":false},"author":1,"featured_media":4378,"parent":0,"menu_order":0,"comment_status":"closed","ping_status":"closed","template":"100-width.php","meta":{"footnotes":""},"class_list":["post-4672","page","type-page","status-publish","has-post-thumbnail","hentry"],"yoast_head":"<!-- This site is optimized with the Yoast SEO plugin v27.5 - https:\/\/yoast.com\/product\/yoast-seo-wordpress\/ -->\n<title>Swimming pools Sk\u00e5ne - Trampoolin Babysim och simskola<\/title>\n<meta name=\"description\" content=\"In Sk\u00e5ne we have swimming pools in Helsingborg, Raml\u00f6sa Bad and Malm\u00f6, Friskis &amp; Svettis Parkm\u00f6llan.\" \/>\n<meta name=\"robots\" content=\"index, follow, max-snippet:-1, max-image-preview:large, max-video-preview:-1\" \/>\n<link rel=\"canonical\" href=\"https:\/\/trampoolin.com\/en\/pools-skane\/\" \/>\n<meta property=\"og:locale\" content=\"en_US\" \/>\n<meta property=\"og:type\" content=\"article\" \/>\n<meta property=\"og:title\" content=\"Swimming pools Sk\u00e5ne - Trampoolin Babysim och simskola\" \/>\n<meta property=\"og:description\" content=\"In Sk\u00e5ne we have swimming pools in Helsingborg, Raml\u00f6sa Bad and Malm\u00f6, Friskis &amp; Svettis Parkm\u00f6llan.\" \/>\n<meta property=\"og:url\" content=\"https:\/\/trampoolin.com\/en\/pools-skane\/\" \/>\n<meta property=\"og:site_name\" content=\"Trampoolin Babysim och simskola\" \/>\n<meta property=\"article:publisher\" content=\"https:\/\/www.facebook.com\/Trampoolin\/\" \/>\n<meta property=\"article:modified_time\" content=\"2023-02-10T10:01:29+00:00\" \/>\n<meta property=\"og:image\" content=\"https:\/\/trampoolin.com\/wp-content\/uploads\/2022\/12\/1200x630-sociala-media-13.jpg\" \/>\n\t<meta property=\"og:image:width\" content=\"1200\" \/>\n\t<meta property=\"og:image:height\" content=\"630\" \/>\n\t<meta property=\"og:image:type\" content=\"image\/jpeg\" \/>\n<meta name=\"twitter:card\" content=\"summary_large_image\" \/>\n<meta name=\"twitter:label1\" content=\"Est. reading time\" \/>\n\t<meta name=\"twitter:data1\" content=\"30 minutes\" \/>\n<script type=\"application\/ld+json\" class=\"yoast-schema-graph\">{\"@context\":\"https:\\\/\\\/schema.org\",\"@graph\":[{\"@type\":\"WebPage\",\"@id\":\"https:\\\/\\\/trampoolin.com\\\/en\\\/pools-skane\\\/\",\"url\":\"https:\\\/\\\/trampoolin.com\\\/en\\\/pools-skane\\\/\",\"name\":\"Swimming pools Sk\u00e5ne - Trampoolin Babysim och simskola\",\"isPartOf\":{\"@id\":\"https:\\\/\\\/trampoolin.com\\\/en\\\/#website\"},\"primaryImageOfPage\":{\"@id\":\"https:\\\/\\\/trampoolin.com\\\/en\\\/pools-skane\\\/#primaryimage\"},\"image\":{\"@id\":\"https:\\\/\\\/trampoolin.com\\\/en\\\/pools-skane\\\/#primaryimage\"},\"thumbnailUrl\":\"https:\\\/\\\/trampoolin.com\\\/wp-content\\\/uploads\\\/2022\\\/12\\\/1200x630-sociala-media-13.jpg\",\"datePublished\":\"2022-11-28T21:33:08+00:00\",\"dateModified\":\"2023-02-10T10:01:29+00:00\",\"description\":\"In Sk\u00e5ne we have swimming pools in Helsingborg, Raml\u00f6sa Bad and Malm\u00f6, Friskis & Svettis Parkm\u00f6llan.\",\"breadcrumb\":{\"@id\":\"https:\\\/\\\/trampoolin.com\\\/en\\\/pools-skane\\\/#breadcrumb\"},\"inLanguage\":\"en-US\",\"potentialAction\":[{\"@type\":\"ReadAction\",\"target\":[\"https:\\\/\\\/trampoolin.com\\\/en\\\/pools-skane\\\/\"]}]},{\"@type\":\"ImageObject\",\"inLanguage\":\"en-US\",\"@id\":\"https:\\\/\\\/trampoolin.com\\\/en\\\/pools-skane\\\/#primaryimage\",\"url\":\"https:\\\/\\\/trampoolin.com\\\/wp-content\\\/uploads\\\/2022\\\/12\\\/1200x630-sociala-media-13.jpg\",\"contentUrl\":\"https:\\\/\\\/trampoolin.com\\\/wp-content\\\/uploads\\\/2022\\\/12\\\/1200x630-sociala-media-13.jpg\",\"width\":1200,\"height\":630},{\"@type\":\"BreadcrumbList\",\"@id\":\"https:\\\/\\\/trampoolin.com\\\/en\\\/pools-skane\\\/#breadcrumb\",\"itemListElement\":[{\"@type\":\"ListItem\",\"position\":1,\"name\":\"Home\",\"item\":\"https:\\\/\\\/trampoolin.com\\\/en\\\/trampoolin\\\/\"},{\"@type\":\"ListItem\",\"position\":2,\"name\":\"Swimming pools Sk\u00e5ne\"}]},{\"@type\":\"WebSite\",\"@id\":\"https:\\\/\\\/trampoolin.com\\\/en\\\/#website\",\"url\":\"https:\\\/\\\/trampoolin.com\\\/en\\\/\",\"name\":\"Trampoolin Babysim och simskola\",\"description\":\"Trampoolin Babysim och simskola\",\"publisher\":{\"@id\":\"https:\\\/\\\/trampoolin.com\\\/en\\\/#organization\"},\"potentialAction\":[{\"@type\":\"SearchAction\",\"target\":{\"@type\":\"EntryPoint\",\"urlTemplate\":\"https:\\\/\\\/trampoolin.com\\\/en\\\/?s={search_term_string}\"},\"query-input\":{\"@type\":\"PropertyValueSpecification\",\"valueRequired\":true,\"valueName\":\"search_term_string\"}}],\"inLanguage\":\"en-US\"},{\"@type\":\"Organization\",\"@id\":\"https:\\\/\\\/trampoolin.com\\\/en\\\/#organization\",\"name\":\"Trampoolin Babysim och simskola\",\"url\":\"https:\\\/\\\/trampoolin.com\\\/en\\\/\",\"logo\":{\"@type\":\"ImageObject\",\"inLanguage\":\"en-US\",\"@id\":\"https:\\\/\\\/trampoolin.com\\\/en\\\/#\\\/schema\\\/logo\\\/image\\\/\",\"url\":\"https:\\\/\\\/trampoolin.com\\\/wp-content\\\/uploads\\\/2022\\\/09\\\/logo-trampoolin-350x210-1.png\",\"contentUrl\":\"https:\\\/\\\/trampoolin.com\\\/wp-content\\\/uploads\\\/2022\\\/09\\\/logo-trampoolin-350x210-1.png\",\"width\":350,\"height\":210,\"caption\":\"Trampoolin Babysim och simskola\"},\"image\":{\"@id\":\"https:\\\/\\\/trampoolin.com\\\/en\\\/#\\\/schema\\\/logo\\\/image\\\/\"},\"sameAs\":[\"https:\\\/\\\/www.facebook.com\\\/Trampoolin\\\/\",\"https:\\\/\\\/www.youtube.com\\\/channel\\\/UCPVIDpA5f3iCryZodRueZZA\\\/\",\"https:\\\/\\\/www.instagram.com\\\/trampoolin\"]}]}<\/script>\n<!-- \/ Yoast SEO plugin. -->","yoast_head_json":{"title":"Swimming pools Sk\u00e5ne - Trampoolin Babysim och simskola","description":"In Sk\u00e5ne we have swimming pools in Helsingborg, Raml\u00f6sa Bad and Malm\u00f6, Friskis & Svettis Parkm\u00f6llan.","robots":{"index":"index","follow":"follow","max-snippet":"max-snippet:-1","max-image-preview":"max-image-preview:large","max-video-preview":"max-video-preview:-1"},"canonical":"https:\/\/trampoolin.com\/en\/pools-skane\/","og_locale":"en_US","og_type":"article","og_title":"Swimming pools Sk\u00e5ne - Trampoolin Babysim och simskola","og_description":"In Sk\u00e5ne we have swimming pools in Helsingborg, Raml\u00f6sa Bad and Malm\u00f6, Friskis & Svettis Parkm\u00f6llan.","og_url":"https:\/\/trampoolin.com\/en\/pools-skane\/","og_site_name":"Trampoolin Babysim och simskola","article_publisher":"https:\/\/www.facebook.com\/Trampoolin\/","article_modified_time":"2023-02-10T10:01:29+00:00","og_image":[{"width":1200,"height":630,"url":"https:\/\/trampoolin.com\/wp-content\/uploads\/2022\/12\/1200x630-sociala-media-13.jpg","type":"image\/jpeg"}],"twitter_card":"summary_large_image","twitter_misc":{"Est. reading time":"30 minutes"},"schema":{"@context":"https:\/\/schema.org","@graph":[{"@type":"WebPage","@id":"https:\/\/trampoolin.com\/en\/pools-skane\/","url":"https:\/\/trampoolin.com\/en\/pools-skane\/","name":"Swimming pools Sk\u00e5ne - Trampoolin Babysim och simskola","isPartOf":{"@id":"https:\/\/trampoolin.com\/en\/#website"},"primaryImageOfPage":{"@id":"https:\/\/trampoolin.com\/en\/pools-skane\/#primaryimage"},"image":{"@id":"https:\/\/trampoolin.com\/en\/pools-skane\/#primaryimage"},"thumbnailUrl":"https:\/\/trampoolin.com\/wp-content\/uploads\/2022\/12\/1200x630-sociala-media-13.jpg","datePublished":"2022-11-28T21:33:08+00:00","dateModified":"2023-02-10T10:01:29+00:00","description":"In Sk\u00e5ne we have swimming pools in Helsingborg, Raml\u00f6sa Bad and Malm\u00f6, Friskis & Svettis Parkm\u00f6llan.","breadcrumb":{"@id":"https:\/\/trampoolin.com\/en\/pools-skane\/#breadcrumb"},"inLanguage":"en-US","potentialAction":[{"@type":"ReadAction","target":["https:\/\/trampoolin.com\/en\/pools-skane\/"]}]},{"@type":"ImageObject","inLanguage":"en-US","@id":"https:\/\/trampoolin.com\/en\/pools-skane\/#primaryimage","url":"https:\/\/trampoolin.com\/wp-content\/uploads\/2022\/12\/1200x630-sociala-media-13.jpg","contentUrl":"https:\/\/trampoolin.com\/wp-content\/uploads\/2022\/12\/1200x630-sociala-media-13.jpg","width":1200,"height":630},{"@type":"BreadcrumbList","@id":"https:\/\/trampoolin.com\/en\/pools-skane\/#breadcrumb","itemListElement":[{"@type":"ListItem","position":1,"name":"Home","item":"https:\/\/trampoolin.com\/en\/trampoolin\/"},{"@type":"ListItem","position":2,"name":"Swimming pools Sk\u00e5ne"}]},{"@type":"WebSite","@id":"https:\/\/trampoolin.com\/en\/#website","url":"https:\/\/trampoolin.com\/en\/","name":"Trampoolin Babysim och simskola","description":"Trampoolin Babysim och simskola","publisher":{"@id":"https:\/\/trampoolin.com\/en\/#organization"},"potentialAction":[{"@type":"SearchAction","target":{"@type":"EntryPoint","urlTemplate":"https:\/\/trampoolin.com\/en\/?s={search_term_string}"},"query-input":{"@type":"PropertyValueSpecification","valueRequired":true,"valueName":"search_term_string"}}],"inLanguage":"en-US"},{"@type":"Organization","@id":"https:\/\/trampoolin.com\/en\/#organization","name":"Trampoolin Babysim och simskola","url":"https:\/\/trampoolin.com\/en\/","logo":{"@type":"ImageObject","inLanguage":"en-US","@id":"https:\/\/trampoolin.com\/en\/#\/schema\/logo\/image\/","url":"https:\/\/trampoolin.com\/wp-content\/uploads\/2022\/09\/logo-trampoolin-350x210-1.png","contentUrl":"https:\/\/trampoolin.com\/wp-content\/uploads\/2022\/09\/logo-trampoolin-350x210-1.png","width":350,"height":210,"caption":"Trampoolin Babysim och simskola"},"image":{"@id":"https:\/\/trampoolin.com\/en\/#\/schema\/logo\/image\/"},"sameAs":["https:\/\/www.facebook.com\/Trampoolin\/","https:\/\/www.youtube.com\/channel\/UCPVIDpA5f3iCryZodRueZZA\/","https:\/\/www.instagram.com\/trampoolin"]}]}},"_links":{"self":[{"href":"https:\/\/trampoolin.com\/en\/wp-json\/wp\/v2\/pages\/4672","targetHints":{"allow":["GET"]}}],"collection":[{"href":"https:\/\/trampoolin.com\/en\/wp-json\/wp\/v2\/pages"}],"about":[{"href":"https:\/\/trampoolin.com\/en\/wp-json\/wp\/v2\/types\/page"}],"author":[{"embeddable":true,"href":"https:\/\/trampoolin.com\/en\/wp-json\/wp\/v2\/users\/1"}],"replies":[{"embeddable":true,"href":"https:\/\/trampoolin.com\/en\/wp-json\/wp\/v2\/comments?post=4672"}],"version-history":[{"count":19,"href":"https:\/\/trampoolin.com\/en\/wp-json\/wp\/v2\/pages\/4672\/revisions"}],"predecessor-version":[{"id":5570,"href":"https:\/\/trampoolin.com\/en\/wp-json\/wp\/v2\/pages\/4672\/revisions\/5570"}],"wp:featuredmedia":[{"embeddable":true,"href":"https:\/\/trampoolin.com\/en\/wp-json\/wp\/v2\/media\/4378"}],"wp:attachment":[{"href":"https:\/\/trampoolin.com\/en\/wp-json\/wp\/v2\/media?parent=4672"}],"curies":[{"name":"wp","href":"https:\/\/api.w.org\/{rel}","templated":true}]}}